{"id":2723,"date":"2026-02-16T12:45:13","date_gmt":"2026-02-16T11:45:13","guid":{"rendered":"https:\/\/erumgroup.com\/datenschutz-bestimmungen\/"},"modified":"2026-03-26T13:59:00","modified_gmt":"2026-03-26T12:59:00","slug":"datenschutz-bestimmungen","status":"publish","type":"page","link":"https:\/\/erumgroup.com\/de\/datenschutz-bestimmungen\/","title":{"rendered":"Datenschutz-Bestimmungen"},"content":{"rendered":"\n<h1 class=\"wp-block-heading\">Datenschutz-Bestimmungen<\/h1>\n\n\n\n<p>Das Unternehmen ist besonders sensibel f\u00fcr den Schutz personenbezogener Daten der Nutzer der Dienste der Website. Durch diese Datenschutzrichtlinie (im Folgenden die Richtlinie) informiert das Unternehmen die BENUTZER der Websites: <a href=\"https:\/\/erumgroup.com\/de\/\">erumgroup.com<\/a> \u00fcber die Verwendungen, an die die personenbezogenen Daten \u00fcbermittelt werden Website, damit sie frei und freiwillig entscheiden k\u00f6nnen, ob sie die angeforderten Informationen bereitstellen m\u00f6chten.<br>Das Unternehmen beh\u00e4lt sich das Recht vor, diese Richtlinie zu \u00e4ndern, um sie an neue Gesetze, rechtswissenschaftliche Kriterien, Branchenpraktiken oder Interessen des Unternehmens anzupassen. Jede \u00c4nderung darin wird rechtzeitig bekannt gegeben, damit Sie den Inhalt genau kennen.<\/p>\n\n\n\n<h2 class=\"wp-block-heading\">Verantwortlich<\/h2>\n\n\n\n<p>Verantwortlicher f\u00fcr die Verarbeitung personenbezogener Daten ist: \u201cPl\u00e1sticos Erum, SL\u201d<br>Gesch\u00e4ftsadresse: Alcoy (Alicante), Partida de Sant Benet Baix, Pol\u00edgono Industrial El Cl\u00e9rigo, Parcela 2-A, CP 03802, Apdo. Correos 289.<br>Telefon: 965330817<br>Internet: https:\/\/erumgroup.com<br>Email: <a href=\"mailto:erum@erumgroup.com\">erum@erumgroup.com<\/a><\/p>\n\n\n\n<h2 class=\"wp-block-heading\">Zweck der Behandlung<\/h2>\n\n\n\n<p>Die personenbezogenen Daten der Mitglieder werden von verarbeitet Pl\u00e1sticos Erum, SL. Der Zweck der Erhebung dieser Daten besteht aus:<br>Kunden- und Lieferantenmanagement Pl\u00e1sticos Erum, SL.<br>Bereitstellung der angeforderten Dienstleistungen.<br>F\u00fchren Sie Statistiken und Marktstudien durch.<br>Versenden von kommerziellen Mitteilungen.<\/p>\n\n\n\n<h2 class=\"wp-block-heading\">Erhaltungszeit<\/h2>\n\n\n\n<p>Die bereitgestellten personenbezogenen Daten werden f\u00fcr den entsprechenden Zeitraum aufbewahrt, um gesetzlichen Verpflichtungen nachzukommen, oder ihre L\u00f6schung wird von der interessierten Partei beantragt und sie ist dazu berechtigt.<\/p>\n\n\n\n<h2 class=\"wp-block-heading\">Legitimation<\/h2>\n\n\n\n<p>Das Unternehmen ist berechtigt, personenbezogene Daten zu verarbeiten, basierend auf der Zustimmung der interessierten Partei f\u00fcr einen oder mehrere bestimmte Zwecke, wie in Artikel 6.1 angegeben. a) der Allgemeinen Bestimmungen zum Schutz personenbezogener Daten.<br>Diese Website enth\u00e4lt Hyperlinks (Links), die es dem Besucher erm\u00f6glichen, zu anderen Seiten zu wechseln. Das Unternehmen \u00fcbernimmt keine Verantwortung f\u00fcr die darin enthaltenen Datenschutzrichtlinien.<\/p>\n\n\n\n<h2 class=\"wp-block-heading\">Empf\u00e4nger<\/h2>\n\n\n\n<p>Das Unternehmen gibt seine Daten im Allgemeinen nicht an Dritte weiter, au\u00dfer in F\u00e4llen, in denen dies f\u00fcr die Organisation bestimmter Aktivit\u00e4ten oder die Erbringung von Dienstleistungen erforderlich ist. In jedem Fall werden die geplanten Abtretungen durch die Unterzeichnung von Vertr\u00e4gen geregelt, und das abgetretene Unternehmen kann die zugewiesenen Informationen nicht f\u00fcr andere Zwecke als die von der Gesellschaft festgelegten verwenden.<\/p>\n\n\n\n<h2 class=\"wp-block-heading\">Nutzerrechte<\/h2>\n\n\n\n<p>Die an den personenbezogenen Daten interessierte Partei kann in jedem Fall die Rechte aus\u00fcben, die sie gem\u00e4\u00df der RGPD unterst\u00fctzen und die sind:<br>Recht auf Zugang zu personenbezogenen Daten des Interessenten<br>Recht auf Berichtigung oder L\u00f6schung (Recht auf Vergessenwerden)<br>Recht, die Einschr\u00e4nkung Ihrer Behandlung zu verlangen<br>Widerspruchsrecht gegen die Verarbeitung<br>Recht auf Daten\u00fcbertragbarkeit<br>Der Interessent kann diese Rechte durch einen Antrag aus\u00fcben, dem eine Fotokopie seines Personalausweises beigef\u00fcgt ist und in dem er angibt, welche davon er erf\u00fcllen m\u00f6chte, die an die Postanschrift gesendet wird: Alcoy (Alicante), Partida de Sant Benet Baix, Pol\u00edgono Industrial El Cl\u00e9rigo, Grundst\u00fcck 2-A, CP 03802, Apdo. Correos 289.<br>Oder auch durch Senden dieser Anfrage an die folgende E-Mail: erum@erumgroup.com.<\/p>\n\n\n\n<h2 class=\"wp-block-heading\">Sicherheitsma\u00dfnahmen<\/h2>\n\n\n\n<p>Der f\u00fcr die Datenverarbeitung Verantwortliche, Pl\u00e1sticos Erum, SL, wird geeignete technische und organisatorische Ma\u00dfnahmen ergreifen, um ein dem jeweiligen Risiko angemessenes Sicherheitsniveau zu gew\u00e4hrleisten.<\/p>\n\n\n\n<h2 class=\"wp-block-heading\">Verwendung von Cookies<\/h2>\n\n\n\n<p>Wir informieren Sie, dass unser Server keine Cookies oder andere unsichtbare Informationserfassungsverfahren verwendet und keine Art von Datei auf Ihrem Computer speichert.<\/p>\n\n\n\n<h2 class=\"wp-block-heading\">Verordnungs\u00e4nderung<\/h2>\n\n\n\n<p>Das Unternehmen beh\u00e4lt sich das Recht vor, diese Richtlinie zu \u00e4ndern, um sie an neue Gesetze oder Rechtsprechung anzupassen, sowie an solche, die sich aus bestehenden Standardkodizes in der Angelegenheit oder aus Unternehmensgr\u00fcnden ergeben k\u00f6nnen.<br>Solche \u00c4nderungen werden so fr\u00fch wie n\u00f6tig auf unserer Website mitgeteilt, unbeschadet der Einholung der erforderlichen Zustimmung der Betroffenen, wenn diese nicht gem\u00e4\u00df den Bestimmungen dieser Richtlinie als erteilt gilt.<br>Alle Fragen, Fragen oder Kommentare, die Sie m\u00f6glicherweise in Bezug auf diese Vorschriften haben, k\u00f6nnen Sie konsultieren, indem Sie Ihre diesbez\u00fcgliche Mitteilung an richten erum@erumgroup.com.<\/p>\n\n\n\n<h2 class=\"wp-block-heading\">Allgemeine Nutzungsbedingungen der Website<\/h2>\n\n\n\n<h3 class=\"wp-block-heading\">Nutzungspflichten<\/h3>\n\n\n\n<p>Im Allgemeinen verpflichtet sich der Nutzer, diese Bedingungen und Nutzungsbedingungen einzuhalten und stets in \u00dcbereinstimmung mit den Gesetzen, den guten Sitten und den Anforderungen von Treu und Glauben zu handeln und die der Art der in Anspruch genommenen Dienstleistung angemessene Sorgfalt anzuwenden und zu unterlassen Nutzung dieser Website in einer Weise, die ihre normale Funktion, die Verm\u00f6genswerte oder Rechte des Eigent\u00fcmers (Pl\u00e1sticos Erum, SL), anderer Benutzer oder allgemein Dritter verhindern, besch\u00e4digen oder beeintr\u00e4chtigen k\u00f6nnte.<br>Insbesondere, und ohne dass dies eine Einschr\u00e4nkung der vom Benutzer im Allgemeinen gem\u00e4\u00df dem vorherigen Abschnitt \u00fcbernommenen Verpflichtungen bedeutet, verpflichtet sich der Benutzer bei der Nutzung dieser Website zu Folgendem:<br>F\u00fcr den Fall, dass es bereitgestellt wird, muss der Benutzer den \u201eBenutzernamen\u201c und das \u201ePasswort\u201c, die von Pl\u00e1sticos Erum, SL bereitgestellt werden, als identifizierende Elemente und Erm\u00f6glicher f\u00fcr den Zugriff auf die verschiedenen auf der Website angebotenen Dienste ordnungsgem\u00e4\u00df sch\u00fctzen ihre Nutzung zu \u00fcberlassen oder Dritten zug\u00e4nglich zu machen, wobei die Verantwortung f\u00fcr Sch\u00e4den \u00fcbernommen wird, die aus einer missbr\u00e4uchlichen Verwendung derselben entstehen k\u00f6nnen.<br>Geben Sie auf oder von der Website keine Informationen oder Materialien ein, speichern oder verbreiten Sie keine Informationen oder Materialien, die diffamierend, beleidigend, obsz\u00f6n, bedrohlich, fremdenfeindlich, zu Gewalt oder Diskriminierung aufgrund von Rasse, Geschlecht, Ideologie, Religion oder in irgendeiner Weise auffordern die gegen die Moral, die \u00f6ffentliche Ordnung, die Grundrechte, die \u00f6ffentlichen Freiheiten, die Ehre, die Privatsph\u00e4re oder das Ansehen Dritter versto\u00dfen und die im Allgemeinen gegen die geltenden spanischen Vorschriften und die Ihres Wohnsitzlandes versto\u00dfen.<br>Keine Computerprogramme, Daten, Viren, Codes oder andere Dateien \u00fcber die Website einf\u00fchren, speichern oder verbreiten, die geeignet sind, Sch\u00e4den oder irgendeine Art von Ver\u00e4nderung auf der Website, in einem der Dienste oder in einem der Ger\u00e4te zu verursachen , Systeme oder Netzwerke von Pl\u00e1sticos Erum, SL, von Benutzern oder allgemein von Dritten, die ihren normalen Betrieb verhindern k\u00f6nnen.<br>Die Daten, Informationen, Programme, elektronischen Dokumente oder allgemein die Dateien des Namens von Pl\u00e1sticos Erum, SL, der Benutzer oder Dritter nicht zu zerst\u00f6ren, zu ver\u00e4ndern, f\u00fcr den eigenen Gebrauch zu verwenden, zu deaktivieren oder zu besch\u00e4digen.<br>Das Unternehmen kann diese Allgemeinen Bedingungen sowie die gegebenenfalls darin enthaltenen Besonderen Bedingungen jederzeit und ohne Vorank\u00fcndigung \u00e4ndern, indem es diese \u00c4nderungen auf der Website ver\u00f6ffentlicht, damit sie den Benutzern bekannt sind.<\/p>\n\n\n\n<h3 class=\"wp-block-heading\">Haftungsausschluss<\/h3>\n\n\n\n<p>Das Unternehmen gew\u00e4hrt keine Garantie und ist in keinem Fall verantwortlich f\u00fcr Sch\u00e4den jeglicher Art, die verursacht werden k\u00f6nnten durch:<br>Im Allgemeinen in Bezug auf die unangemessene Nutzung seiner Website. Benutzer m\u00fcssen es in \u00dcbereinstimmung mit den oben genannten Bedingungen und Bedingungen angemessen verwenden, ohne dass der Eigent\u00fcmer f\u00fcr eine unsachgem\u00e4\u00dfe Verwendung verantwortlich ist.<br>Bez\u00fcglich m\u00f6glicher technischer M\u00e4ngel. Das Unternehmen ist in keinem Fall verantwortlich f\u00fcr \u00c4nderungen des Dienstes, die aufgrund von Fehlern im Stromnetz, im Datenverbindungsnetz, im Server oder in irgendeiner Bereitstellung auftreten.<br>In Bezug auf den Zugriff Dritter auf Ihr System. Das Unternehmen wird die notwendigen technischen Vorkehrungen treffen, um die Daten und Informationen, auf die zugegriffen wird, zu sch\u00fctzen, ohne jedoch f\u00fcr die Handlungen Dritter verantwortlich zu sein, die unter Versto\u00df gegen die festgelegten Sicherheitsma\u00dfnahmen auf die oben genannten Daten zugreifen.<br>Das Unternehmen investiert st\u00e4ndig in technologische Mittel, die versuchen, das Risiko von Viren und \u00e4hnlicher Software sowie nicht autorisierten Inhalten in seinen Informationssystemen zu minimieren. Trotzdem ist sich der Benutzer bewusst, dass er eigene Ma\u00dfnahmen ergreifen muss, um den Schaden zu minimieren, der durch nicht autorisierte Software, Viren, Trojaner und jede Art von Software, die als Malware bezeichnet wird, verursacht wird, wodurch das Unternehmen von jeglicher Haftung befreit wird, die sich aus der Eind\u00e4mmung von Malware ergeben k\u00f6nnte die auf dieser Website aktivierten Behandlungen.<\/p>\n\n\n\n<h3 class=\"wp-block-heading\">Verwendung von Hyperlinks<\/h3>\n\n\n\n<p>Der Internetbenutzer, der Links von seinen eigenen Websites auf die Website einf\u00fcgen m\u00f6chte, muss die unten aufgef\u00fchrten Bedingungen einhalten, ohne dass seine Unkenntnis die aus dem Gesetz abgeleiteten Verantwortlichkeiten vermeidet.<br>El enlace \u00fanicamente vincular\u00e1 con la home page o p\u00e1gina principal de la p\u00e1gina Web pero no podr\u00e1 reproducirla de ninguna forma (inline links, copia de los textos, gr\u00e1ficos, etc.). In jedem Fall ist es in \u00dcbereinstimmung mit den geltenden und aktuellen Gesetzen zu jeder Zeit untersagt, Frames jeglicher Art zu erstellen, die die Webseite umgeben oder die Anzeige der Inhalte \u00fcber andere Internetadressen als die der Seite erm\u00f6glichen und in jedem Fall, wenn sie zusammen mit Inhalten, die nichts mit der Webseite zu tun haben, so betrachtet werden, dass: (I) bei Benutzern Fehler, Verwirrung oder T\u00e4uschung \u00fcber den wahren Ursprung des Dienstes oder Inhalts hervorruft oder verursachen kann; (II) einen Akt des unfairen Vergleichs oder der Nachahmung beinhaltet; (III) dazu dient, den Ruf der Marke und das Prestige von Pl\u00e1sticos Erum, SL auszunutzen; entweder (IV) auf andere Weise ist nach geltendem Recht verboten.<br>Von der Seite, die den Link einf\u00fchrt, werden keine falschen, ungenauen oder falschen Aussagen \u00fcber das Unternehmen, seine Adresse, Mitarbeiter, Kunden oder \u00fcber die Qualit\u00e4t der von ihm erbrachten Dienstleistungen gemacht.<br>In keinem Fall wird auf der Seite, auf der sich der Link befindet, angegeben, dass das Unternehmen seine Zustimmung zur Einf\u00fcgung des Links gegeben hat oder dass es die Dienste des Absenders auf andere Weise sponsert, mitarbeitet, \u00fcberpr\u00fcft oder \u00fcberwacht.<br>Die Verwendung einer denominativen, grafischen oder gemischten Marke oder eines anderen Unterscheidungszeichens von Pl\u00e1sticos Erum, SL auf der Seite des Absenders ist verboten, au\u00dfer in den gesetzlich zul\u00e4ssigen F\u00e4llen oder ausdr\u00fccklich vom Unternehmen genehmigt und wann immer zul\u00e4ssig, in diesen F\u00e4llen direkter Link zur Webseite in der in dieser Klausel festgelegten Weise.<br>Die Seite, die den Link herstellt, muss sich strikt an das Gesetz halten und darf auf keinen Fall eigene Inhalte oder die von Dritten enthalten oder verlinken, die: (I) illegal, sch\u00e4dlich oder gegen die guten Sitten und Sitten versto\u00dfen (pornografisch, gewaltt\u00e4tig, rassistisch usw.); (II) beim Benutzer die falsche Vorstellung hervorrufen oder hervorrufen k\u00f6nnen, dass das Unternehmen die Ideen, Aussagen oder \u00c4u\u00dferungen, ob legal oder illegal, des Absenders unterschreibt, bef\u00fcrwortet, befolgt oder in irgendeiner Weise unterst\u00fctzt; (III) unangemessen oder f\u00fcr die T\u00e4tigkeit in Bezug auf Ort, Inhalt und Thema der Website des Absenders nicht relevant sind. Ebenso wird der Benutzer davon absehen, auf der Webseite Hyperlinks (im Folgenden \u201eLink\u201c) aufzunehmen, die auf eine Webseite verweisen, die rechtswidrige Informationen oder Inhalte enth\u00e4lt, die gegen die guten Sitten und die allgemein anerkannten guten Sitten und die \u00f6ffentliche Ordnung versto\u00dfen.<\/p>\n\n\n\n<h3 class=\"wp-block-heading\">Geistiges und gewerbliches Eigentum<\/h3>\n\n\n\n<p>Die Struktur, das Design und die Darstellungsform der auf dieser Website verf\u00fcgbaren Elemente (Grafiken, Bilder, Fotografien, Muster und Materialien, die darin erscheinen, industrielle Technologien, Dateien, Logos, Farbkombinationen und alle schutzbed\u00fcrftigen Elemente) sind durch geistiges Eigentum und gesch\u00fctzt gewerbliche Schutzrechte, die Pl\u00e1sticos Erum, SL geh\u00f6ren oder f\u00fcr die die entsprechenden Nutzungsrechte erworben wurden.<br>Die Vervielf\u00e4ltigung, Umwandlung, Verbreitung, \u00f6ffentliche Wiedergabe, \u00f6ffentliche Zug\u00e4nglichmachung und im Allgemeinen jede andere Form der teilweisen oder vollst\u00e4ndigen Verwertung der im vorherigen Abschnitt genannten Elemente ist verboten. Ihre Ver\u00f6ffentlichung auf anderen Webseiten oder in anderen digitalen oder schriftlichen Medien bedarf der ausdr\u00fccklichen Zustimmung des Eigent\u00fcmers der Website und muss in jedem Fall ausdr\u00fccklich auf das Eigentum an den oben genannten geistigen Eigentumsrechten von Pl\u00e1sticos Erum, SL hinweisen.<br>Die Verwendung von Unterscheidungszeichen (Marken, Handelsnamen) ist nicht gestattet, es sei denn, die rechtm\u00e4\u00dfigen Eigent\u00fcmer haben dies ausdr\u00fccklich genehmigt.<br>Sofern nicht ausdr\u00fccklich von Pl\u00e1sticos Erum, SL genehmigt, ist der Link zu \u201eEndseiten\u201c, dem \u201eFrame\u201c und jeder anderen \u00e4hnlichen Manipulation nicht gestattet. Die Links m\u00fcssen immer auf die Hauptseite oder Homepage der Website f\u00fchren.<\/p>\n\n\n\n<h3 class=\"wp-block-heading\">Gerichtsstand und anwendbares Recht<\/h3>\n\n\n\n<p>Diese Allgemeinen Gesch\u00e4ftsbedingungen unterliegen der spanischen Gesetzgebung und Rechtsprechung.<br>Das Unternehmen und der Nutzer, unabh\u00e4ngig von ihrem Wohnsitz, unter ausdr\u00fccklichem Verzicht auf jede andere Gerichtsbarkeit, die ihnen zustehen k\u00f6nnte, unterwerfen sich der Gerichtsbarkeit der Gerichte und Gerichtsh\u00f6fe von Alcoy (Alicante) f\u00fcr alle Fragen, die sich ergeben k\u00f6nnen, oder Klagen, die sich aus der Bereitstellung von ergeben der Dienst Webdienst und seine Dienste und Inhalte und \u00fcber die Auslegung, Anwendung, Einhaltung oder Verletzung dessen, was hier festgelegt wird.<\/p>\n","protected":false},"excerpt":{"rendered":"<p>Datenschutz-Bestimmungen Das Unternehmen ist besonders sensibel f\u00fcr den Schutz personenbezogener Daten der Nutzer der Dienste der Website. Durch diese Datenschutzrichtlinie (im Folgenden die Richtlinie) informiert das Unternehmen die BENUTZER der Websites: erumgroup.com \u00fcber die Verwendungen, an die die personenbezogenen Daten \u00fcbermittelt werden Website, damit sie frei und freiwillig entscheiden k\u00f6nnen, ob sie die angeforderten Informationen [&hellip;]<\/p>\n","protected":false},"author":3,"featured_media":0,"parent":0,"menu_order":0,"comment_status":"closed","ping_status":"closed","template":"","meta":{"_acf_changed":false,"footnotes":""},"class_list":["post-2723","page","type-page","status-publish","hentry"],"acf":[],"yoast_head":"<!-- This site is optimized with the Yoast SEO plugin v27.3 - https:\/\/yoast.com\/product\/yoast-seo-wordpress\/ -->\n<title>Datenschutz-Bestimmungen - Erum<\/title>\n<meta name=\"robots\" content=\"index, follow, max-snippet:-1, max-image-preview:large, max-video-preview:-1\" \/>\n<link rel=\"canonical\" href=\"https:\/\/erumgroup.com\/de\/datenschutz-bestimmungen\/\" \/>\n<meta property=\"og:locale\" content=\"de_DE\" \/>\n<meta property=\"og:type\" content=\"article\" \/>\n<meta property=\"og:title\" content=\"Datenschutz-Bestimmungen - Erum\" \/>\n<meta property=\"og:description\" content=\"Datenschutz-Bestimmungen Das Unternehmen ist besonders sensibel f\u00fcr den Schutz personenbezogener Daten der Nutzer der Dienste der Website. Durch diese Datenschutzrichtlinie (im Folgenden die Richtlinie) informiert das Unternehmen die BENUTZER der Websites: erumgroup.com \u00fcber die Verwendungen, an die die personenbezogenen Daten \u00fcbermittelt werden Website, damit sie frei und freiwillig entscheiden k\u00f6nnen, ob sie die angeforderten Informationen [&hellip;]\" \/>\n<meta property=\"og:url\" content=\"https:\/\/erumgroup.com\/de\/datenschutz-bestimmungen\/\" \/>\n<meta property=\"og:site_name\" content=\"Erum\" \/>\n<meta property=\"article:publisher\" content=\"https:\/\/www.facebook.com\/plasticoserum\/\" \/>\n<meta property=\"article:modified_time\" content=\"2026-03-26T12:59:00+00:00\" \/>\n<meta name=\"twitter:card\" content=\"summary_large_image\" \/>\n<meta name=\"twitter:site\" content=\"@Erumgroup\" \/>\n<meta name=\"twitter:label1\" content=\"Gesch\u00e4tzte Lesezeit\" \/>\n\t<meta name=\"twitter:data1\" content=\"10\u00a0Minuten\" \/>\n<script type=\"application\/ld+json\" class=\"yoast-schema-graph\">{\"@context\":\"https:\\\/\\\/schema.org\",\"@graph\":[{\"@type\":\"WebPage\",\"@id\":\"https:\\\/\\\/erumgroup.com\\\/de\\\/datenschutz-bestimmungen\\\/\",\"url\":\"https:\\\/\\\/erumgroup.com\\\/de\\\/datenschutz-bestimmungen\\\/\",\"name\":\"Datenschutz-Bestimmungen - Erum\",\"isPartOf\":{\"@id\":\"https:\\\/\\\/erumgroup.com\\\/de\\\/#website\"},\"datePublished\":\"2026-02-16T11:45:13+00:00\",\"dateModified\":\"2026-03-26T12:59:00+00:00\",\"breadcrumb\":{\"@id\":\"https:\\\/\\\/erumgroup.com\\\/de\\\/datenschutz-bestimmungen\\\/#breadcrumb\"},\"inLanguage\":\"de\",\"potentialAction\":[{\"@type\":\"ReadAction\",\"target\":[\"https:\\\/\\\/erumgroup.com\\\/de\\\/datenschutz-bestimmungen\\\/\"]}]},{\"@type\":\"BreadcrumbList\",\"@id\":\"https:\\\/\\\/erumgroup.com\\\/de\\\/datenschutz-bestimmungen\\\/#breadcrumb\",\"itemListElement\":[{\"@type\":\"ListItem\",\"position\":1,\"name\":\"Portada\",\"item\":\"https:\\\/\\\/erumgroup.com\\\/de\\\/home\\\/\"},{\"@type\":\"ListItem\",\"position\":2,\"name\":\"Datenschutz-Bestimmungen\"}]},{\"@type\":\"WebSite\",\"@id\":\"https:\\\/\\\/erumgroup.com\\\/de\\\/#website\",\"url\":\"https:\\\/\\\/erumgroup.com\\\/de\\\/\",\"name\":\"Erum\",\"description\":\"\",\"publisher\":{\"@id\":\"https:\\\/\\\/erumgroup.com\\\/de\\\/#organization\"},\"potentialAction\":[{\"@type\":\"SearchAction\",\"target\":{\"@type\":\"EntryPoint\",\"urlTemplate\":\"https:\\\/\\\/erumgroup.com\\\/de\\\/?s={search_term_string}\"},\"query-input\":{\"@type\":\"PropertyValueSpecification\",\"valueRequired\":true,\"valueName\":\"search_term_string\"}}],\"inLanguage\":\"de\"},{\"@type\":\"Organization\",\"@id\":\"https:\\\/\\\/erumgroup.com\\\/de\\\/#organization\",\"name\":\"Erum\",\"url\":\"https:\\\/\\\/erumgroup.com\\\/de\\\/\",\"logo\":{\"@type\":\"ImageObject\",\"inLanguage\":\"de\",\"@id\":\"https:\\\/\\\/erumgroup.com\\\/de\\\/#\\\/schema\\\/logo\\\/image\\\/\",\"url\":\"https:\\\/\\\/erumgroup.com\\\/wp-content\\\/uploads\\\/2026\\\/02\\\/erum_og.jpg\",\"contentUrl\":\"https:\\\/\\\/erumgroup.com\\\/wp-content\\\/uploads\\\/2026\\\/02\\\/erum_og.jpg\",\"width\":200,\"height\":200,\"caption\":\"Erum\"},\"image\":{\"@id\":\"https:\\\/\\\/erumgroup.com\\\/de\\\/#\\\/schema\\\/logo\\\/image\\\/\"},\"sameAs\":[\"https:\\\/\\\/www.facebook.com\\\/plasticoserum\\\/\",\"https:\\\/\\\/x.com\\\/Erumgroup\",\"https:\\\/\\\/www.linkedin.com\\\/company\\\/erumgroup\\\/\",\"https:\\\/\\\/www.instagram.com\\\/erumgroup\\\/\"]}]}<\/script>\n<!-- \/ Yoast SEO plugin. -->","yoast_head_json":{"title":"Datenschutz-Bestimmungen - Erum","robots":{"index":"index","follow":"follow","max-snippet":"max-snippet:-1","max-image-preview":"max-image-preview:large","max-video-preview":"max-video-preview:-1"},"canonical":"https:\/\/erumgroup.com\/de\/datenschutz-bestimmungen\/","og_locale":"de_DE","og_type":"article","og_title":"Datenschutz-Bestimmungen - Erum","og_description":"Datenschutz-Bestimmungen Das Unternehmen ist besonders sensibel f\u00fcr den Schutz personenbezogener Daten der Nutzer der Dienste der Website. Durch diese Datenschutzrichtlinie (im Folgenden die Richtlinie) informiert das Unternehmen die BENUTZER der Websites: erumgroup.com \u00fcber die Verwendungen, an die die personenbezogenen Daten \u00fcbermittelt werden Website, damit sie frei und freiwillig entscheiden k\u00f6nnen, ob sie die angeforderten Informationen [&hellip;]","og_url":"https:\/\/erumgroup.com\/de\/datenschutz-bestimmungen\/","og_site_name":"Erum","article_publisher":"https:\/\/www.facebook.com\/plasticoserum\/","article_modified_time":"2026-03-26T12:59:00+00:00","twitter_card":"summary_large_image","twitter_site":"@Erumgroup","twitter_misc":{"Gesch\u00e4tzte Lesezeit":"10\u00a0Minuten"},"schema":{"@context":"https:\/\/schema.org","@graph":[{"@type":"WebPage","@id":"https:\/\/erumgroup.com\/de\/datenschutz-bestimmungen\/","url":"https:\/\/erumgroup.com\/de\/datenschutz-bestimmungen\/","name":"Datenschutz-Bestimmungen - Erum","isPartOf":{"@id":"https:\/\/erumgroup.com\/de\/#website"},"datePublished":"2026-02-16T11:45:13+00:00","dateModified":"2026-03-26T12:59:00+00:00","breadcrumb":{"@id":"https:\/\/erumgroup.com\/de\/datenschutz-bestimmungen\/#breadcrumb"},"inLanguage":"de","potentialAction":[{"@type":"ReadAction","target":["https:\/\/erumgroup.com\/de\/datenschutz-bestimmungen\/"]}]},{"@type":"BreadcrumbList","@id":"https:\/\/erumgroup.com\/de\/datenschutz-bestimmungen\/#breadcrumb","itemListElement":[{"@type":"ListItem","position":1,"name":"Portada","item":"https:\/\/erumgroup.com\/de\/home\/"},{"@type":"ListItem","position":2,"name":"Datenschutz-Bestimmungen"}]},{"@type":"WebSite","@id":"https:\/\/erumgroup.com\/de\/#website","url":"https:\/\/erumgroup.com\/de\/","name":"Erum","description":"","publisher":{"@id":"https:\/\/erumgroup.com\/de\/#organization"},"potentialAction":[{"@type":"SearchAction","target":{"@type":"EntryPoint","urlTemplate":"https:\/\/erumgroup.com\/de\/?s={search_term_string}"},"query-input":{"@type":"PropertyValueSpecification","valueRequired":true,"valueName":"search_term_string"}}],"inLanguage":"de"},{"@type":"Organization","@id":"https:\/\/erumgroup.com\/de\/#organization","name":"Erum","url":"https:\/\/erumgroup.com\/de\/","logo":{"@type":"ImageObject","inLanguage":"de","@id":"https:\/\/erumgroup.com\/de\/#\/schema\/logo\/image\/","url":"https:\/\/erumgroup.com\/wp-content\/uploads\/2026\/02\/erum_og.jpg","contentUrl":"https:\/\/erumgroup.com\/wp-content\/uploads\/2026\/02\/erum_og.jpg","width":200,"height":200,"caption":"Erum"},"image":{"@id":"https:\/\/erumgroup.com\/de\/#\/schema\/logo\/image\/"},"sameAs":["https:\/\/www.facebook.com\/plasticoserum\/","https:\/\/x.com\/Erumgroup","https:\/\/www.linkedin.com\/company\/erumgroup\/","https:\/\/www.instagram.com\/erumgroup\/"]}]}},"_links":{"self":[{"href":"https:\/\/erumgroup.com\/de\/wp-json\/wp\/v2\/pages\/2723","targetHints":{"allow":["GET"]}}],"collection":[{"href":"https:\/\/erumgroup.com\/de\/wp-json\/wp\/v2\/pages"}],"about":[{"href":"https:\/\/erumgroup.com\/de\/wp-json\/wp\/v2\/types\/page"}],"author":[{"embeddable":true,"href":"https:\/\/erumgroup.com\/de\/wp-json\/wp\/v2\/users\/3"}],"replies":[{"embeddable":true,"href":"https:\/\/erumgroup.com\/de\/wp-json\/wp\/v2\/comments?post=2723"}],"version-history":[{"count":2,"href":"https:\/\/erumgroup.com\/de\/wp-json\/wp\/v2\/pages\/2723\/revisions"}],"predecessor-version":[{"id":4015,"href":"https:\/\/erumgroup.com\/de\/wp-json\/wp\/v2\/pages\/2723\/revisions\/4015"}],"wp:attachment":[{"href":"https:\/\/erumgroup.com\/de\/wp-json\/wp\/v2\/media?parent=2723"}],"curies":[{"name":"wp","href":"https:\/\/api.w.org\/{rel}","templated":true}]}}