{"id":2744,"date":"2026-02-16T13:57:27","date_gmt":"2026-02-16T12:57:27","guid":{"rendered":"https:\/\/erumgroup.com\/cookie-richtlinie\/"},"modified":"2026-04-14T12:26:40","modified_gmt":"2026-04-14T10:26:40","slug":"cookie-richtlinie","status":"publish","type":"page","link":"https:\/\/erumgroup.com\/de\/cookie-richtlinie\/","title":{"rendered":"Cookie-Richtlinie"},"content":{"rendered":"\n<h1>Cookie-Richtlinie<\/h1>\r\n<h2>Was sind Cookies?<\/h2>\r\n<p>Cookies sind kleine Datendateien, die von der besuchten Website im Endger\u00e4t empfangen werden und dazu dienen, bestimmte Browsing-Interaktionen auf einer Website aufzuzeichnen und Daten zu speichern, die aktualisiert und abgerufen werden k\u00f6nnen. Diese Dateien werden auf dem Computer des Benutzers gespeichert und enthalten anonyme Daten, die f\u00fcr Ihren Computer nicht sch\u00e4dlich sind. Sie werden verwendet, um Benutzereinstellungen wie die ausgew\u00e4hlte Sprache, Zugangsdaten oder die Personalisierung der Seite zu speichern.<br\/>Cookies k\u00f6nnen auch verwendet werden, um anonyme Informationen dar\u00fcber aufzuzeichnen, wie ein Besucher eine Website nutzt. Zum Beispiel, von welcher Webseite Sie zugegriffen haben oder ob Sie \u00fcber ein Werbebanner dorthin gelangt sind.<\/p>\r\n<h2>Warum verwendet die Erum Group Cookies?<\/h2>\r\n<p>Erum verwendet unbedingt erforderliche und wesentliche Cookies, damit Sie unsere Websites nutzen und sich frei bewegen, sichere Bereiche, personalisierte Optionen usw. nutzen k\u00f6nnen. Dar\u00fcber hinaus verwendet unser Unternehmen Cookies, die Daten zur Analyse der Nutzung des Internets sammeln. Diese werden verwendet, um den Kundenservice zu verbessern, die Nutzung und Leistung der Seite zu messen, um sie zu optimieren und zu personalisieren. Unsere Websites k\u00f6nnen auch Links zu sozialen Medien (wie Facebook oder Twitter) enthalten. Pl\u00e1sticos Erum, SL kontrolliert nicht die Cookies, die von diesen externen Websites verwendet werden. F\u00fcr weitere Informationen \u00fcber Cookies von sozialen Netzwerken oder anderen Websites von Drittanbietern empfehlen wir Ihnen, deren eigene Cookie-Richtlinien zu lesen.<\/p>\r\n<h2>Welchen Nutzen geben wir den verschiedenen Arten von Cookies?<\/h2>\r\n<p><strong>Cookies de sesi\u00f3n<\/strong><br\/>Sitzungscookies sind solche, die so lange bestehen bleiben, wie der Benutzer auf der Webseite surft, und am Ende gel\u00f6scht werden.<\/p>\r\n<p><strong>Dauerhafte Cookies<\/strong><br\/>Diese Cookies werden l\u00e4nger im Endger\u00e4t des Benutzers gespeichert und erleichtern so die Kontrolle der gew\u00e4hlten Pr\u00e4ferenzen, ohne dass bestimmte Parameter bei jedem Besuch der Website wiederholt werden m\u00fcssen.<\/p>\r\n<p><strong>Eigene Kekse<\/strong><br\/>Es handelt sich um Cookies, die von dieser Website erstellt wurden und nur von der Website selbst gelesen werden k\u00f6nnen. Persistente eigene Cookies werden auf der Website www.\/wp-content\/uploads\/ f\u00fcr folgende Zwecke installiert:<br\/>Techniken: Diese Cookies werden verwendet, um das Laden der Bilder zu steuern, die auf der Homepage erscheinen, abh\u00e4ngig von den programmierten Parametern (Zeit, Anzahl der Aufrufe usw.). Sie dienen auch dazu, den Zugriff auf bestimmte Teile des Webs zu erm\u00f6glichen und den Benutzer zu lokalisieren.<br\/>Personalisierung: Diese Cookies werden verwendet, um sich die Konfiguration der ausgew\u00e4hlten Gr\u00f6\u00dfe bei der Anzeige von Webinhalten zu merken und sie bei den n\u00e4chsten Besuchen des Benutzers anzeigen zu k\u00f6nnen.<br\/>Analyse: Cookies, die es erm\u00f6glichen, den eingehenden Datenverkehr auf der Website zu verfolgen, um Besuchsstatistiken zu erstellen.<\/p>\r\n<p><strong>Cookies von Drittanbietern<\/strong><br\/>Es handelt sich um Cookies, die von Dritten erstellt wurden und die wir f\u00fcr verschiedene Dienste (z. B. Website-Analyse oder Werbung) verwenden. Sowohl die Drittparteien, die Cookies (nicht frei von Informationen und Zustimmung) von Ihrem Computer aus konfigurieren und darauf zugreifen k\u00f6nnen, als auch die Zwecke, f\u00fcr die die von ihnen gespeicherten Informationen verwendet werden, sind nachstehend aufgef\u00fchrt: Zweck, Beschreibung, Drittparteien.<\/p>\r\n<p><strong>Technische Cookies<\/strong><br\/>Sie werden verwendet, um den Verkehr und die Datenkommunikation mithilfe von Sicherheitselementen w\u00e4hrend der Navigation zu steuern. Sie werden auch verwendet, um die Sitzung des Benutzers zu identifizieren und aufrechtzuerhalten, Inhalte in der \u00dcbertragung von Videos oder T\u00f6nen zu speichern und Inhalte mit sozialen Netzwerken zu teilen (Plug-in).<br\/>Google, YouTube, Facebook, Twitter, LinkedIn, UserVoice, Tealium<\/p>\r\n<p><strong>Personalisierungs-Cookies<\/strong><br\/>Diese Cookies erm\u00f6glichen es dem Benutzer, einige Eigenschaften der allgemeinen Optionen der Webseite zu spezifizieren oder anzupassen. Definieren Sie beispielsweise die Sprache, die bevorzugte Lautst\u00e4rke, die regionale Konfiguration des Dienstes, den Browsertyp oder die Anzahl der angezeigten Ergebnisse pro Seite.<br\/>YouTube, Facebook<\/p>\r\n<p><strong>Cookies anal\u00edticas<\/strong><br\/>Analysetool, das Websites hilft zu verstehen, wie Besucher mit dem Web interagieren. Sie k\u00f6nnen eine Reihe von Cookies verwenden, um Informationen zu sammeln und Website-Nutzungsstatistiken zu melden, ohne Besucher pers\u00f6nlich zu identifizieren.<br\/>Google Analytics, YouTube, Twitter, Adobe Analytics<\/p>\r\n<p><strong>Cookies publicitarias<\/strong><br\/>Werbe-Cookies erm\u00f6glichen die Verwaltung von Werbefl\u00e4chen im Internet nach bestimmten Kriterien. Zum Beispiel die Zugriffsh\u00e4ufigkeit, die bearbeiteten Inhalte etc.<br\/>DoubleClick, Google, Criteo, Adgravity, Cookies flash<\/p>\r\n<p>Wir verwenden Flash-Cookies auch, um Ihre Pr\u00e4ferenzen wie Lautst\u00e4rkeregelung zu speichern oder Inhalte anzuzeigen, die darauf basieren, was Sie auf unserer Website sehen, um Ihren Besuch zu personalisieren. Dritte, mit denen wir zusammenarbeiten, um bestimmte Funktionen auf unserer Website bereitzustellen, verwenden Flash-Cookies, um nicht personenbezogene Daten zu sammeln und zu speichern. Flash-Cookies unterscheiden sich von Sitzungs- oder dauerhaften Cookies in Bezug auf Anzahl, Art und Art und Weise, wie Daten gespeichert werden. Die von Ihrem Browser bereitgestellten Cookie-Verwaltungstools entfernen keine Flash-Cookies.<\/p>\r\n<h2>Widerruf der Einwilligung<\/h2>\r\n<p>Es ist auch m\u00f6glich, die Installation von Cookies durch Websites von Drittanbietern auf Ihrem Computer einzuschr\u00e4nken, um die Datenerfassung und Aufzeichnung Ihrer Surfaktivit\u00e4ten zu verhindern. Um die Verwendung von Cookies von Drittanbietern einzuschr\u00e4nken, k\u00f6nnen Sie die Konfigurations- oder OptOut-Website aufrufen:<br\/>Google Analytics, DoubleClick, Google, Flash Cookies YouTube<br\/>W\u00e4hlen Sie die Option \u201eAlle Websites l\u00f6schen\u201c oder w\u00e4hlen Sie die bestimmte Website aus, die Sie l\u00f6schen m\u00f6chten, und \u201eWebsite l\u00f6schen\u201c. Denken Sie daran, dass wir, wenn Sie Cookies vom Surfen auf der Website der Bank ablehnen oder l\u00f6schen, Ihre Einstellungen nicht beibehalten k\u00f6nnen, einige Funktionen der Seiten nicht funktionieren, wir Ihnen keine personalisierten Dienste anbieten k\u00f6nnen und jedes Mal, wenn Sie Wenn Sie unsere Website durchsuchen, m\u00fcssen wir Sie erneut um Ihre Zustimmung zur Verwendung von Cookies bitten.<br\/>Wenn Sie sich dennoch entscheiden, die Konfiguration Ihres Zugriffs auf die Webseite zu \u00e4ndern, sollten Sie wissen, dass es m\u00f6glich ist, Cookies zu l\u00f6schen oder zu verhindern, dass diese Informationen jederzeit auf Ihrem Computer gespeichert werden, indem Sie die Konfigurationsparameter Ihres Browsers \u00e4ndern.<br\/>Wenn Sie unsere Cookies akzeptieren, erlauben Sie uns, die Websites von Pl\u00e1sticos Erum, SL zu verbessern, um Ihnen einen optimalen Zugang zu bieten und Ihnen einen effizienteren und personalisierteren Service zu bieten.<br\/>Dar\u00fcber hinaus k\u00f6nnen Sie Ihren Browser so konfigurieren, dass nur vertrauensw\u00fcrdige Websites oder die Seiten, die Sie gerade besuchen, Cookies verwalten k\u00f6nnen, sodass Sie Ihre Pr\u00e4ferenzen ausw\u00e4hlen k\u00f6nnen.<br\/>Durch die Bereitstellung dieser Richtlinie zeigt Pl\u00e1sticos Erum, SL sein Engagement f\u00fcr die geltende Gesetzgebung zur Verwendung von Cookies und stellt Ihnen Informationen zur Verf\u00fcgung, damit Sie verstehen k\u00f6nnen, welche Art von Cookies wir verwenden und warum wir dies tun. Damit m\u00f6chten wir Ihnen Transparenz \u00fcber die verarbeiteten Daten \u00fcber die von Ihrem Computer aus auf unserer Website vorgenommene Navigation verschaffen.<br\/>Diese Richtlinie wird regelm\u00e4\u00dfig auf ihre G\u00fcltigkeit \u00fcberpr\u00fcft, damit sie ge\u00e4ndert werden kann. Wir empfehlen Ihnen, die Seite regelm\u00e4\u00dfig zu besuchen, wo wir Sie \u00fcber diesbez\u00fcgliche Aktualisierungen informieren werden. \u00a9 Pl\u00e1sticos Erum, SL<\/p>\r\n<p>Diese Website verwendet Cookies. Cookies auf dieser Website werden verwendet, um Inhalte und Anzeigen zu personalisieren, Funktionen f\u00fcr soziale Medien bereitzustellen und den Datenverkehr zu analysieren. Dar\u00fcber hinaus geben wir Informationen \u00fcber Ihre Nutzung der Website an unsere Partner f\u00fcr soziale Medien, Werbung und Webanalyse weiter, die diese m\u00f6glicherweise mit anderen Informationen kombinieren, die Sie ihnen zur Verf\u00fcgung gestellt haben oder die sie durch Ihre Nutzung ihrer Dienste gesammelt haben.<\/p>\r\n<p>Cookies sind kleine Textdateien, die Webseiten verwenden k\u00f6nnen, um die Benutzererfahrung effizienter zu gestalten.<\/p>\r\n<p>Das Gesetz besagt, dass wir Cookies auf Ihrem Ger\u00e4t speichern k\u00f6nnen, wenn sie f\u00fcr den Betrieb dieser Seite unbedingt erforderlich sind. F\u00fcr alle anderen Arten von Cookies ben\u00f6tigen wir Ihre Zustimmung.<\/p>\r\n<p>Diese Seite verwendet verschiedene Arten von Cookies. Einige Cookies werden von Drittanbietern platziert, die auf unseren Seiten erscheinen.<\/p>\r\n<p>Sie k\u00f6nnen Ihre Zustimmung zur Cookie-Erkl\u00e4rung auf unserer Website jederzeit \u00e4ndern oder widerrufen.<\/p>\r\n<p>Erfahren Sie in unserer Datenschutzerkl\u00e4rung mehr dar\u00fcber, wer wir sind, wie Sie uns kontaktieren k\u00f6nnen und wie wir personenbezogene Daten verarbeiten.<\/p>\r\n<p>Wenn Sie uns bez\u00fcglich Ihrer Einwilligung kontaktieren, geben Sie bitte die ID und das Datum Ihrer Einwilligung an.<\/p>\r\n<p>Ihre Einwilligung gilt f\u00fcr die folgenden Domains: erumgroup.com<\/p>\r\n<h2>Wie kann ich die Cookie-Einstellungen \u00e4ndern?<\/h2>\r\n<p><em>Cookie-Einstellungen des Internet Explorers<\/em><br\/><em>Firefox-Cookie-Einstellungen<\/em><br\/><em>Cookie-Einstellungen von Google Chrome<\/em><br\/><em>Safari-Cookie-Einstellungen<\/em><br\/><em>Flash-Cookie-Einstellungen<\/em><\/p>\r\n<p>Wenn Sie das Speichern von Flash-Player-Daten nicht zulassen m\u00f6chten, deaktivieren Sie die Kontrollk\u00e4stchen \u201eFlash-Inhalte d\u00fcrfen Informationen auf Ihrem Computer speichern\u201c und \u201eGemeinsame Flash-Komponenten speichern, um Downloadzeiten zu verk\u00fcrzen\u201c. Wenn Sie die von Flash-Anwendungen gesammelte Datenmenge begrenzen m\u00f6chten, schieben Sie den Schieberegler in der Bedienfeldleiste der globalen Speichereinstellungen auf die gew\u00fcnschte Position.<br\/>Diese Browser unterliegen Aktualisierungen oder \u00c4nderungen, daher k\u00f6nnen wir nicht garantieren, dass sie sich vollst\u00e4ndig an die Version Ihres Browsers anpassen. Es kann auch sein, dass Sie einen anderen Browser verwenden, der nicht in diesen Links enthalten ist, wie z. B. Konqueror, Arora, Flock usw. Um diese Diskrepanzen zu vermeiden, k\u00f6nnen Sie direkt \u00fcber die Optionen Ihres Browsers darauf zugreifen, im Allgemeinen im Men\u00fc \u201eOptionen\u201c im Abschnitt \u201eDatenschutz\u201c. (Weitere Informationen finden Sie in der Hilfe Ihres Browsers.)<\/p>\n","protected":false},"excerpt":{"rendered":"<p>Cookie-Richtlinie Was sind Cookies? Cookies sind kleine Datendateien, die von der besuchten Website im Endger\u00e4t empfangen werden und dazu dienen, bestimmte Browsing-Interaktionen auf einer Website aufzuzeichnen und Daten zu speichern, die aktualisiert und abgerufen werden k\u00f6nnen. Diese Dateien werden auf dem Computer des Benutzers gespeichert und enthalten anonyme Daten, die f\u00fcr Ihren Computer nicht sch\u00e4dlich [&hellip;]<\/p>\n","protected":false},"author":3,"featured_media":0,"parent":0,"menu_order":0,"comment_status":"closed","ping_status":"closed","template":"","meta":{"_acf_changed":false,"footnotes":""},"class_list":["post-2744","page","type-page","status-publish","hentry"],"acf":[],"yoast_head":"<!-- This site is optimized with the Yoast SEO plugin v27.3 - https:\/\/yoast.com\/product\/yoast-seo-wordpress\/ -->\n<title>Cookie-Richtlinie - Erum<\/title>\n<meta name=\"robots\" content=\"noindex, nofollow\" \/>\n<meta property=\"og:locale\" content=\"de_DE\" \/>\n<meta property=\"og:type\" content=\"article\" \/>\n<meta property=\"og:title\" content=\"Cookie-Richtlinie - Erum\" \/>\n<meta property=\"og:description\" content=\"Cookie-Richtlinie Was sind Cookies? Cookies sind kleine Datendateien, die von der besuchten Website im Endger\u00e4t empfangen werden und dazu dienen, bestimmte Browsing-Interaktionen auf einer Website aufzuzeichnen und Daten zu speichern, die aktualisiert und abgerufen werden k\u00f6nnen. Diese Dateien werden auf dem Computer des Benutzers gespeichert und enthalten anonyme Daten, die f\u00fcr Ihren Computer nicht sch\u00e4dlich [&hellip;]\" \/>\n<meta property=\"og:url\" content=\"https:\/\/erumgroup.com\/de\/cookie-richtlinie\/\" \/>\n<meta property=\"og:site_name\" content=\"Erum\" \/>\n<meta property=\"article:publisher\" content=\"https:\/\/www.facebook.com\/plasticoserum\/\" \/>\n<meta property=\"article:modified_time\" content=\"2026-04-14T10:26:40+00:00\" \/>\n<meta name=\"twitter:card\" content=\"summary_large_image\" \/>\n<meta name=\"twitter:site\" content=\"@Erumgroup\" \/>\n<meta name=\"twitter:label1\" content=\"Gesch\u00e4tzte Lesezeit\" \/>\n\t<meta name=\"twitter:data1\" content=\"7\u00a0Minuten\" \/>\n<script type=\"application\/ld+json\" class=\"yoast-schema-graph\">{\"@context\":\"https:\\\/\\\/schema.org\",\"@graph\":[{\"@type\":\"WebPage\",\"@id\":\"https:\\\/\\\/erumgroup.com\\\/de\\\/cookie-richtlinie\\\/\",\"url\":\"https:\\\/\\\/erumgroup.com\\\/de\\\/cookie-richtlinie\\\/\",\"name\":\"Cookie-Richtlinie - Erum\",\"isPartOf\":{\"@id\":\"https:\\\/\\\/erumgroup.com\\\/de\\\/#website\"},\"datePublished\":\"2026-02-16T12:57:27+00:00\",\"dateModified\":\"2026-04-14T10:26:40+00:00\",\"breadcrumb\":{\"@id\":\"https:\\\/\\\/erumgroup.com\\\/de\\\/cookie-richtlinie\\\/#breadcrumb\"},\"inLanguage\":\"de\",\"potentialAction\":[{\"@type\":\"ReadAction\",\"target\":[\"https:\\\/\\\/erumgroup.com\\\/de\\\/cookie-richtlinie\\\/\"]}]},{\"@type\":\"BreadcrumbList\",\"@id\":\"https:\\\/\\\/erumgroup.com\\\/de\\\/cookie-richtlinie\\\/#breadcrumb\",\"itemListElement\":[{\"@type\":\"ListItem\",\"position\":1,\"name\":\"Portada\",\"item\":\"https:\\\/\\\/erumgroup.com\\\/de\\\/home\\\/\"},{\"@type\":\"ListItem\",\"position\":2,\"name\":\"Cookie-Richtlinie\"}]},{\"@type\":\"WebSite\",\"@id\":\"https:\\\/\\\/erumgroup.com\\\/de\\\/#website\",\"url\":\"https:\\\/\\\/erumgroup.com\\\/de\\\/\",\"name\":\"Erum\",\"description\":\"\",\"publisher\":{\"@id\":\"https:\\\/\\\/erumgroup.com\\\/de\\\/#organization\"},\"potentialAction\":[{\"@type\":\"SearchAction\",\"target\":{\"@type\":\"EntryPoint\",\"urlTemplate\":\"https:\\\/\\\/erumgroup.com\\\/de\\\/?s={search_term_string}\"},\"query-input\":{\"@type\":\"PropertyValueSpecification\",\"valueRequired\":true,\"valueName\":\"search_term_string\"}}],\"inLanguage\":\"de\"},{\"@type\":\"Organization\",\"@id\":\"https:\\\/\\\/erumgroup.com\\\/de\\\/#organization\",\"name\":\"Erum\",\"url\":\"https:\\\/\\\/erumgroup.com\\\/de\\\/\",\"logo\":{\"@type\":\"ImageObject\",\"inLanguage\":\"de\",\"@id\":\"https:\\\/\\\/erumgroup.com\\\/de\\\/#\\\/schema\\\/logo\\\/image\\\/\",\"url\":\"https:\\\/\\\/erumgroup.com\\\/wp-content\\\/uploads\\\/2026\\\/02\\\/erum_og.jpg\",\"contentUrl\":\"https:\\\/\\\/erumgroup.com\\\/wp-content\\\/uploads\\\/2026\\\/02\\\/erum_og.jpg\",\"width\":200,\"height\":200,\"caption\":\"Erum\"},\"image\":{\"@id\":\"https:\\\/\\\/erumgroup.com\\\/de\\\/#\\\/schema\\\/logo\\\/image\\\/\"},\"sameAs\":[\"https:\\\/\\\/www.facebook.com\\\/plasticoserum\\\/\",\"https:\\\/\\\/x.com\\\/Erumgroup\",\"https:\\\/\\\/www.linkedin.com\\\/company\\\/erumgroup\\\/\",\"https:\\\/\\\/www.instagram.com\\\/erumgroup\\\/\"]}]}<\/script>\n<!-- \/ Yoast SEO plugin. -->","yoast_head_json":{"title":"Cookie-Richtlinie - Erum","robots":{"index":"noindex","follow":"nofollow"},"og_locale":"de_DE","og_type":"article","og_title":"Cookie-Richtlinie - Erum","og_description":"Cookie-Richtlinie Was sind Cookies? Cookies sind kleine Datendateien, die von der besuchten Website im Endger\u00e4t empfangen werden und dazu dienen, bestimmte Browsing-Interaktionen auf einer Website aufzuzeichnen und Daten zu speichern, die aktualisiert und abgerufen werden k\u00f6nnen. Diese Dateien werden auf dem Computer des Benutzers gespeichert und enthalten anonyme Daten, die f\u00fcr Ihren Computer nicht sch\u00e4dlich [&hellip;]","og_url":"https:\/\/erumgroup.com\/de\/cookie-richtlinie\/","og_site_name":"Erum","article_publisher":"https:\/\/www.facebook.com\/plasticoserum\/","article_modified_time":"2026-04-14T10:26:40+00:00","twitter_card":"summary_large_image","twitter_site":"@Erumgroup","twitter_misc":{"Gesch\u00e4tzte Lesezeit":"7\u00a0Minuten"},"schema":{"@context":"https:\/\/schema.org","@graph":[{"@type":"WebPage","@id":"https:\/\/erumgroup.com\/de\/cookie-richtlinie\/","url":"https:\/\/erumgroup.com\/de\/cookie-richtlinie\/","name":"Cookie-Richtlinie - Erum","isPartOf":{"@id":"https:\/\/erumgroup.com\/de\/#website"},"datePublished":"2026-02-16T12:57:27+00:00","dateModified":"2026-04-14T10:26:40+00:00","breadcrumb":{"@id":"https:\/\/erumgroup.com\/de\/cookie-richtlinie\/#breadcrumb"},"inLanguage":"de","potentialAction":[{"@type":"ReadAction","target":["https:\/\/erumgroup.com\/de\/cookie-richtlinie\/"]}]},{"@type":"BreadcrumbList","@id":"https:\/\/erumgroup.com\/de\/cookie-richtlinie\/#breadcrumb","itemListElement":[{"@type":"ListItem","position":1,"name":"Portada","item":"https:\/\/erumgroup.com\/de\/home\/"},{"@type":"ListItem","position":2,"name":"Cookie-Richtlinie"}]},{"@type":"WebSite","@id":"https:\/\/erumgroup.com\/de\/#website","url":"https:\/\/erumgroup.com\/de\/","name":"Erum","description":"","publisher":{"@id":"https:\/\/erumgroup.com\/de\/#organization"},"potentialAction":[{"@type":"SearchAction","target":{"@type":"EntryPoint","urlTemplate":"https:\/\/erumgroup.com\/de\/?s={search_term_string}"},"query-input":{"@type":"PropertyValueSpecification","valueRequired":true,"valueName":"search_term_string"}}],"inLanguage":"de"},{"@type":"Organization","@id":"https:\/\/erumgroup.com\/de\/#organization","name":"Erum","url":"https:\/\/erumgroup.com\/de\/","logo":{"@type":"ImageObject","inLanguage":"de","@id":"https:\/\/erumgroup.com\/de\/#\/schema\/logo\/image\/","url":"https:\/\/erumgroup.com\/wp-content\/uploads\/2026\/02\/erum_og.jpg","contentUrl":"https:\/\/erumgroup.com\/wp-content\/uploads\/2026\/02\/erum_og.jpg","width":200,"height":200,"caption":"Erum"},"image":{"@id":"https:\/\/erumgroup.com\/de\/#\/schema\/logo\/image\/"},"sameAs":["https:\/\/www.facebook.com\/plasticoserum\/","https:\/\/x.com\/Erumgroup","https:\/\/www.linkedin.com\/company\/erumgroup\/","https:\/\/www.instagram.com\/erumgroup\/"]}]}},"_links":{"self":[{"href":"https:\/\/erumgroup.com\/de\/wp-json\/wp\/v2\/pages\/2744","targetHints":{"allow":["GET"]}}],"collection":[{"href":"https:\/\/erumgroup.com\/de\/wp-json\/wp\/v2\/pages"}],"about":[{"href":"https:\/\/erumgroup.com\/de\/wp-json\/wp\/v2\/types\/page"}],"author":[{"embeddable":true,"href":"https:\/\/erumgroup.com\/de\/wp-json\/wp\/v2\/users\/3"}],"replies":[{"embeddable":true,"href":"https:\/\/erumgroup.com\/de\/wp-json\/wp\/v2\/comments?post=2744"}],"version-history":[{"count":1,"href":"https:\/\/erumgroup.com\/de\/wp-json\/wp\/v2\/pages\/2744\/revisions"}],"predecessor-version":[{"id":2745,"href":"https:\/\/erumgroup.com\/de\/wp-json\/wp\/v2\/pages\/2744\/revisions\/2745"}],"wp:attachment":[{"href":"https:\/\/erumgroup.com\/de\/wp-json\/wp\/v2\/media?parent=2744"}],"curies":[{"name":"wp","href":"https:\/\/api.w.org\/{rel}","templated":true}]}}