{"id":4013,"date":"2026-03-26T13:52:56","date_gmt":"2026-03-26T12:52:56","guid":{"rendered":"https:\/\/erumgroup.com\/?page_id=4013"},"modified":"2026-03-26T13:59:35","modified_gmt":"2026-03-26T12:59:35","slug":"rechtliche-hinweise","status":"publish","type":"page","link":"https:\/\/erumgroup.com\/de\/rechtliche-hinweise\/","title":{"rendered":"Rechtliche Hinweise"},"content":{"rendered":"\n<h1 class=\"wp-block-heading\">Rechtliche Hinweise<\/h1>\n\n\n\n<h2 class=\"wp-block-heading\">Allgemeine Aspekte Rechtlicher Hinweis<\/h2>\n\n\n\n<p>Lesen Sie den folgenden rechtlichen Hinweis bez\u00fcglich der Website von Pl\u00e1sticos Erum, SL sorgf\u00e4ltig durch:<\/p>\n\n\n\n<h3 class=\"wp-block-heading\">Identifikationsdaten des Anbieters von Diensten der Informationsgesellschaft<\/h3>\n\n\n\n<p>In \u00dcbereinstimmung mit Artikel 10 des Gesetzes 34\/2002 vom 11. Juli \u00fcber Dienste der Informationsgesellschaft und elektronischen Handel.<br>Dieses Portal ist Eigentum von: Pl\u00e1sticos Erum, SL mit CIF: B03083771<br>Domicilio: Alcoy (Alicante), Partida de Sant Benet Baix, Pol\u00edgono Industrial El Cl\u00e9rigo, Parcela 2-A, CP 03802, Apdo. Correos 289.<br>Telefon: 965330817<br>Internet: https:\/\/erumgroup.com\/<br>Email: erum@erumgroup.com<\/p>\n\n\n\n<h3 class=\"wp-block-heading\">Annahme und G\u00fcltigkeit der allgemeinen und besonderen Bedingungen<\/h3>\n\n\n\n<p>Sowohl das Browsen als auch die Nutzung und\/oder Bestellung eines der auf dieser Webseite angebotenen Produkte verleiht Ihnen den Status eines Benutzers und setzt Ihre vollst\u00e4ndige und vorbehaltlose Annahme aller Allgemeinen Gesch\u00e4ftsbedingungen und, in ihrem speziellen Fall, in Kraft zu dem Zeitpunkt, zu dem Sie als Benutzer auf die Webseite zugreifen.<br>Das Unternehmen beh\u00e4lt sich das Recht vor, die Darstellung, Konfiguration und den Inhalt der Webseite jederzeit und ohne vorherige Ank\u00fcndigung einseitig zu erweitern und zu \u00e4ndern sowie die Darstellung, Konfiguration, technischen Spezifikationen und Dienste der Website vor\u00fcbergehend auszusetzen gleicher Weg.<\/p>\n","protected":false},"excerpt":{"rendered":"<p>Rechtliche Hinweise Allgemeine Aspekte Rechtlicher Hinweis Lesen Sie den folgenden rechtlichen Hinweis bez\u00fcglich der Website von Pl\u00e1sticos Erum, SL sorgf\u00e4ltig durch: Identifikationsdaten des Anbieters von Diensten der Informationsgesellschaft In \u00dcbereinstimmung mit Artikel 10 des Gesetzes 34\/2002 vom 11. Juli \u00fcber Dienste der Informationsgesellschaft und elektronischen Handel.Dieses Portal ist Eigentum von: Pl\u00e1sticos Erum, SL mit CIF: [&hellip;]<\/p>\n","protected":false},"author":3,"featured_media":0,"parent":0,"menu_order":0,"comment_status":"closed","ping_status":"closed","template":"","meta":{"_acf_changed":false,"footnotes":""},"class_list":["post-4013","page","type-page","status-publish","hentry"],"acf":[],"yoast_head":"<!-- This site is optimized with the Yoast SEO plugin v27.3 - https:\/\/yoast.com\/product\/yoast-seo-wordpress\/ -->\n<title>Rechtliche Hinweise - Erum<\/title>\n<meta name=\"robots\" content=\"noindex, nofollow\" \/>\n<meta property=\"og:locale\" content=\"de_DE\" \/>\n<meta property=\"og:type\" content=\"article\" \/>\n<meta property=\"og:title\" content=\"Rechtliche Hinweise - Erum\" \/>\n<meta property=\"og:description\" content=\"Rechtliche Hinweise Allgemeine Aspekte Rechtlicher Hinweis Lesen Sie den folgenden rechtlichen Hinweis bez\u00fcglich der Website von Pl\u00e1sticos Erum, SL sorgf\u00e4ltig durch: Identifikationsdaten des Anbieters von Diensten der Informationsgesellschaft In \u00dcbereinstimmung mit Artikel 10 des Gesetzes 34\/2002 vom 11. Juli \u00fcber Dienste der Informationsgesellschaft und elektronischen Handel.Dieses Portal ist Eigentum von: Pl\u00e1sticos Erum, SL mit CIF: [&hellip;]\" \/>\n<meta property=\"og:url\" content=\"https:\/\/erumgroup.com\/de\/rechtliche-hinweise\/\" \/>\n<meta property=\"og:site_name\" content=\"Erum\" \/>\n<meta property=\"article:publisher\" content=\"https:\/\/www.facebook.com\/plasticoserum\/\" \/>\n<meta property=\"article:modified_time\" content=\"2026-03-26T12:59:35+00:00\" \/>\n<meta name=\"twitter:card\" content=\"summary_large_image\" \/>\n<meta name=\"twitter:site\" content=\"@Erumgroup\" \/>\n<meta name=\"twitter:label1\" content=\"Gesch\u00e4tzte Lesezeit\" \/>\n\t<meta name=\"twitter:data1\" content=\"1\u00a0Minute\" \/>\n<script type=\"application\/ld+json\" class=\"yoast-schema-graph\">{\"@context\":\"https:\\\/\\\/schema.org\",\"@graph\":[{\"@type\":\"WebPage\",\"@id\":\"https:\\\/\\\/erumgroup.com\\\/de\\\/rechtliche-hinweise\\\/\",\"url\":\"https:\\\/\\\/erumgroup.com\\\/de\\\/rechtliche-hinweise\\\/\",\"name\":\"Rechtliche Hinweise - Erum\",\"isPartOf\":{\"@id\":\"https:\\\/\\\/erumgroup.com\\\/de\\\/#website\"},\"datePublished\":\"2026-03-26T12:52:56+00:00\",\"dateModified\":\"2026-03-26T12:59:35+00:00\",\"breadcrumb\":{\"@id\":\"https:\\\/\\\/erumgroup.com\\\/de\\\/rechtliche-hinweise\\\/#breadcrumb\"},\"inLanguage\":\"de\",\"potentialAction\":[{\"@type\":\"ReadAction\",\"target\":[\"https:\\\/\\\/erumgroup.com\\\/de\\\/rechtliche-hinweise\\\/\"]}]},{\"@type\":\"BreadcrumbList\",\"@id\":\"https:\\\/\\\/erumgroup.com\\\/de\\\/rechtliche-hinweise\\\/#breadcrumb\",\"itemListElement\":[{\"@type\":\"ListItem\",\"position\":1,\"name\":\"Portada\",\"item\":\"https:\\\/\\\/erumgroup.com\\\/de\\\/home\\\/\"},{\"@type\":\"ListItem\",\"position\":2,\"name\":\"Rechtliche Hinweise\"}]},{\"@type\":\"WebSite\",\"@id\":\"https:\\\/\\\/erumgroup.com\\\/de\\\/#website\",\"url\":\"https:\\\/\\\/erumgroup.com\\\/de\\\/\",\"name\":\"Erum\",\"description\":\"\",\"publisher\":{\"@id\":\"https:\\\/\\\/erumgroup.com\\\/de\\\/#organization\"},\"potentialAction\":[{\"@type\":\"SearchAction\",\"target\":{\"@type\":\"EntryPoint\",\"urlTemplate\":\"https:\\\/\\\/erumgroup.com\\\/de\\\/?s={search_term_string}\"},\"query-input\":{\"@type\":\"PropertyValueSpecification\",\"valueRequired\":true,\"valueName\":\"search_term_string\"}}],\"inLanguage\":\"de\"},{\"@type\":\"Organization\",\"@id\":\"https:\\\/\\\/erumgroup.com\\\/de\\\/#organization\",\"name\":\"Erum\",\"url\":\"https:\\\/\\\/erumgroup.com\\\/de\\\/\",\"logo\":{\"@type\":\"ImageObject\",\"inLanguage\":\"de\",\"@id\":\"https:\\\/\\\/erumgroup.com\\\/de\\\/#\\\/schema\\\/logo\\\/image\\\/\",\"url\":\"https:\\\/\\\/erumgroup.com\\\/wp-content\\\/uploads\\\/2026\\\/02\\\/erum_og.jpg\",\"contentUrl\":\"https:\\\/\\\/erumgroup.com\\\/wp-content\\\/uploads\\\/2026\\\/02\\\/erum_og.jpg\",\"width\":200,\"height\":200,\"caption\":\"Erum\"},\"image\":{\"@id\":\"https:\\\/\\\/erumgroup.com\\\/de\\\/#\\\/schema\\\/logo\\\/image\\\/\"},\"sameAs\":[\"https:\\\/\\\/www.facebook.com\\\/plasticoserum\\\/\",\"https:\\\/\\\/x.com\\\/Erumgroup\",\"https:\\\/\\\/www.linkedin.com\\\/company\\\/erumgroup\\\/\",\"https:\\\/\\\/www.instagram.com\\\/erumgroup\\\/\"]}]}<\/script>\n<!-- \/ Yoast SEO plugin. -->","yoast_head_json":{"title":"Rechtliche Hinweise - Erum","robots":{"index":"noindex","follow":"nofollow"},"og_locale":"de_DE","og_type":"article","og_title":"Rechtliche Hinweise - Erum","og_description":"Rechtliche Hinweise Allgemeine Aspekte Rechtlicher Hinweis Lesen Sie den folgenden rechtlichen Hinweis bez\u00fcglich der Website von Pl\u00e1sticos Erum, SL sorgf\u00e4ltig durch: Identifikationsdaten des Anbieters von Diensten der Informationsgesellschaft In \u00dcbereinstimmung mit Artikel 10 des Gesetzes 34\/2002 vom 11. Juli \u00fcber Dienste der Informationsgesellschaft und elektronischen Handel.Dieses Portal ist Eigentum von: Pl\u00e1sticos Erum, SL mit CIF: [&hellip;]","og_url":"https:\/\/erumgroup.com\/de\/rechtliche-hinweise\/","og_site_name":"Erum","article_publisher":"https:\/\/www.facebook.com\/plasticoserum\/","article_modified_time":"2026-03-26T12:59:35+00:00","twitter_card":"summary_large_image","twitter_site":"@Erumgroup","twitter_misc":{"Gesch\u00e4tzte Lesezeit":"1\u00a0Minute"},"schema":{"@context":"https:\/\/schema.org","@graph":[{"@type":"WebPage","@id":"https:\/\/erumgroup.com\/de\/rechtliche-hinweise\/","url":"https:\/\/erumgroup.com\/de\/rechtliche-hinweise\/","name":"Rechtliche Hinweise - Erum","isPartOf":{"@id":"https:\/\/erumgroup.com\/de\/#website"},"datePublished":"2026-03-26T12:52:56+00:00","dateModified":"2026-03-26T12:59:35+00:00","breadcrumb":{"@id":"https:\/\/erumgroup.com\/de\/rechtliche-hinweise\/#breadcrumb"},"inLanguage":"de","potentialAction":[{"@type":"ReadAction","target":["https:\/\/erumgroup.com\/de\/rechtliche-hinweise\/"]}]},{"@type":"BreadcrumbList","@id":"https:\/\/erumgroup.com\/de\/rechtliche-hinweise\/#breadcrumb","itemListElement":[{"@type":"ListItem","position":1,"name":"Portada","item":"https:\/\/erumgroup.com\/de\/home\/"},{"@type":"ListItem","position":2,"name":"Rechtliche Hinweise"}]},{"@type":"WebSite","@id":"https:\/\/erumgroup.com\/de\/#website","url":"https:\/\/erumgroup.com\/de\/","name":"Erum","description":"","publisher":{"@id":"https:\/\/erumgroup.com\/de\/#organization"},"potentialAction":[{"@type":"SearchAction","target":{"@type":"EntryPoint","urlTemplate":"https:\/\/erumgroup.com\/de\/?s={search_term_string}"},"query-input":{"@type":"PropertyValueSpecification","valueRequired":true,"valueName":"search_term_string"}}],"inLanguage":"de"},{"@type":"Organization","@id":"https:\/\/erumgroup.com\/de\/#organization","name":"Erum","url":"https:\/\/erumgroup.com\/de\/","logo":{"@type":"ImageObject","inLanguage":"de","@id":"https:\/\/erumgroup.com\/de\/#\/schema\/logo\/image\/","url":"https:\/\/erumgroup.com\/wp-content\/uploads\/2026\/02\/erum_og.jpg","contentUrl":"https:\/\/erumgroup.com\/wp-content\/uploads\/2026\/02\/erum_og.jpg","width":200,"height":200,"caption":"Erum"},"image":{"@id":"https:\/\/erumgroup.com\/de\/#\/schema\/logo\/image\/"},"sameAs":["https:\/\/www.facebook.com\/plasticoserum\/","https:\/\/x.com\/Erumgroup","https:\/\/www.linkedin.com\/company\/erumgroup\/","https:\/\/www.instagram.com\/erumgroup\/"]}]}},"_links":{"self":[{"href":"https:\/\/erumgroup.com\/de\/wp-json\/wp\/v2\/pages\/4013","targetHints":{"allow":["GET"]}}],"collection":[{"href":"https:\/\/erumgroup.com\/de\/wp-json\/wp\/v2\/pages"}],"about":[{"href":"https:\/\/erumgroup.com\/de\/wp-json\/wp\/v2\/types\/page"}],"author":[{"embeddable":true,"href":"https:\/\/erumgroup.com\/de\/wp-json\/wp\/v2\/users\/3"}],"replies":[{"embeddable":true,"href":"https:\/\/erumgroup.com\/de\/wp-json\/wp\/v2\/comments?post=4013"}],"version-history":[{"count":1,"href":"https:\/\/erumgroup.com\/de\/wp-json\/wp\/v2\/pages\/4013\/revisions"}],"predecessor-version":[{"id":4016,"href":"https:\/\/erumgroup.com\/de\/wp-json\/wp\/v2\/pages\/4013\/revisions\/4016"}],"wp:attachment":[{"href":"https:\/\/erumgroup.com\/de\/wp-json\/wp\/v2\/media?parent=4013"}],"curies":[{"name":"wp","href":"https:\/\/api.w.org\/{rel}","templated":true}]}}