{"id":6662,"date":"2026-03-27T15:55:55","date_gmt":"2026-03-27T14:55:55","guid":{"rendered":"https:\/\/erumgroup.com\/hogar\/"},"modified":"2026-05-15T09:07:30","modified_gmt":"2026-05-15T07:07:30","slug":"wohnbereich","status":"publish","type":"page","link":"https:\/\/erumgroup.com\/de\/wohnbereich\/","title":{"rendered":"Home"},"content":{"rendered":"\t\t<div data-elementor-type=\"wp-page\" data-elementor-id=\"6662\" class=\"elementor elementor-6662 elementor-4028\" data-elementor-post-type=\"page\">\n\t\t\t\t<div class=\"elementor-element elementor-element-55d1d71 heroparalax e-flex e-con-boxed e-con e-parent\" data-id=\"55d1d71\" data-element_type=\"container\" data-e-type=\"container\" data-settings=\"{&quot;background_background&quot;:&quot;classic&quot;}\">\n\t\t\t\t\t<div class=\"e-con-inner\">\n\t\t\t\t<div class=\"elementor-element elementor-element-745caa6 elementor-widget__width-initial textanim ta-wrap ta-word ta--down elementor-invisible elementor-widget elementor-widget-heading\" data-id=\"745caa6\" data-element_type=\"widget\" data-e-type=\"widget\" data-settings=\"{&quot;_animation&quot;:&quot;textanim--go&quot;}\" data-widget_type=\"heading.default\">\n\t\t\t\t<div class=\"elementor-widget-container\">\n\t\t\t\t\t<h1 class=\"elementor-heading-title elementor-size-default\">Circular Thinking \u2013 auch zu Hause.<\/h1>\t\t\t\t<\/div>\n\t\t\t\t<\/div>\n\t\t\t\t\t<\/div>\n\t\t\t\t<\/div>\n\t\t<div class=\"elementor-element elementor-element-11bfa2c e-flex e-con-boxed e-con e-parent\" data-id=\"11bfa2c\" data-element_type=\"container\" data-e-type=\"container\" data-settings=\"{&quot;background_background&quot;:&quot;classic&quot;}\">\n\t\t\t\t\t<div class=\"e-con-inner\">\n\t\t<div class=\"elementor-element elementor-element-333c23b e-con-full e-flex e-con e-child\" data-id=\"333c23b\" data-element_type=\"container\" data-e-type=\"container\">\n\t\t\t\t<div class=\"elementor-element elementor-element-8865d80 elementor-widget__width-initial elementor-widget elementor-widget-text-editor\" data-id=\"8865d80\" data-element_type=\"widget\" data-e-type=\"widget\" data-widget_type=\"text-editor.default\">\n\t\t\t\t<div class=\"elementor-widget-container\">\n\t\t\t\t\t\t\t\t\t<p><strong>Allt\u00e4gliches von Grund auf neu denken<\/strong><\/p>\t\t\t\t\t\t\t\t<\/div>\n\t\t\t\t<\/div>\n\t\t\t\t<div class=\"elementor-element elementor-element-1e557c0 elementor-widget__width-initial elementor-invisible elementor-widget elementor-widget-heading\" data-id=\"1e557c0\" data-element_type=\"widget\" data-e-type=\"widget\" data-settings=\"{&quot;_animation&quot;:&quot;fadeinall fadeinall--down&quot;}\" data-widget_type=\"heading.default\">\n\t\t\t\t<div class=\"elementor-widget-container\">\n\t\t\t\t\t<h2 class=\"elementor-heading-title elementor-size-default\">Eine zirkul\u00e4re Perspektive vom Material her.<\/h2>\t\t\t\t<\/div>\n\t\t\t\t<\/div>\n\t\t\t\t<\/div>\n\t\t<div class=\"elementor-element elementor-element-9abe2bc e-con-full e-flex e-con e-child\" data-id=\"9abe2bc\" data-element_type=\"container\" data-e-type=\"container\">\n\t\t\t\t<div class=\"elementor-element elementor-element-a6ec861 elementor-widget elementor-widget-text-editor\" data-id=\"a6ec861\" data-element_type=\"widget\" data-e-type=\"widget\" data-widget_type=\"text-editor.default\">\n\t\t\t\t<div class=\"elementor-widget-container\">\n\t\t\t\t\t\t\t\t\t<p><strong>Bei Erum sind wir \u00fcberzeugt, dass auch die Gegenst\u00e4nde, die wir jeden Tag benutzen, Dinge anders machen k\u00f6nnen.<\/strong><\/p><p>Im Home-Sektor entwickeln wir Haushaltswaren, die f\u00fcr das moderne Zuhause konzipiert sind \u2013 mit Stil, Funktionalit\u00e4t und einer zirkul\u00e4ren Perspektive vom Material her.  <\/p>\t\t\t\t\t\t\t\t<\/div>\n\t\t\t\t<\/div>\n\t\t\t\t<div class=\"elementor-element elementor-element-f12896c elementor-widget elementor-widget-image\" data-id=\"f12896c\" data-element_type=\"widget\" data-e-type=\"widget\" data-widget_type=\"image.default\">\n\t\t\t\t<div class=\"elementor-widget-container\">\n\t\t\t\t\t\t\t\t\t\t\t\t\t\t\t<img fetchpriority=\"high\" decoding=\"async\" width=\"768\" height=\"432\" src=\"https:\/\/erumgroup.com\/wp-content\/uploads\/2026\/03\/rectangle_103-768x432.webp\" class=\"attachment-medium_large size-medium_large wp-image-6664\" alt=\"\" srcset=\"https:\/\/erumgroup.com\/wp-content\/uploads\/2026\/03\/rectangle_103-768x432.webp 768w, https:\/\/erumgroup.com\/wp-content\/uploads\/2026\/03\/rectangle_103-300x169.webp 300w, https:\/\/erumgroup.com\/wp-content\/uploads\/2026\/03\/rectangle_103-1024x576.webp 1024w, https:\/\/erumgroup.com\/wp-content\/uploads\/2026\/03\/rectangle_103.webp 1280w\" sizes=\"(max-width: 768px) 100vw, 768px\" \/>\t\t\t\t\t\t\t\t\t\t\t\t\t\t\t<\/div>\n\t\t\t\t<\/div>\n\t\t\t\t<\/div>\n\t\t\t\t\t<\/div>\n\t\t\t\t<\/div>\n\t\t<div class=\"elementor-element elementor-element-2f37f4c e-con-full e-flex e-con e-parent\" data-id=\"2f37f4c\" data-element_type=\"container\" data-e-type=\"container\" data-settings=\"{&quot;background_background&quot;:&quot;classic&quot;}\">\n\t\t<div class=\"elementor-element elementor-element-afed976 e-flex e-con-boxed e-con e-child\" data-id=\"afed976\" data-element_type=\"container\" data-e-type=\"container\">\n\t\t\t\t\t<div class=\"e-con-inner\">\n\t\t<div class=\"elementor-element elementor-element-e1edbb1 e-con-full e-flex e-con e-child\" data-id=\"e1edbb1\" data-element_type=\"container\" data-e-type=\"container\">\n\t\t\t\t<div class=\"elementor-element elementor-element-601b7fd elementor-position-inline-start elementor-mobile-position-inline-start elementor-view-default elementor-widget elementor-widget-icon-box\" data-id=\"601b7fd\" data-element_type=\"widget\" data-e-type=\"widget\" data-widget_type=\"icon-box.default\">\n\t\t\t\t<div class=\"elementor-widget-container\">\n\t\t\t\t\t\t\t<div class=\"elementor-icon-box-wrapper\">\n\n\t\t\t\t\t\t<div class=\"elementor-icon-box-icon\">\n\t\t\t\t<span  class=\"elementor-icon\">\n\t\t\t\t<svg xmlns=\"http:\/\/www.w3.org\/2000\/svg\" width=\"16\" height=\"16\" viewBox=\"0 0 16 16\"><path d=\"M7.60732e-06 8.52775L7.10156e-06 6.74584L12.2188 6.74584L6.74581 1.27284L8.0186 4.35363e-05L15.6554 7.6368L8.0186 15.2735L6.74581 14.0008L12.2188 8.52775L7.60732e-06 8.52775Z\"><\/path><\/svg>\t\t\t\t<\/span>\n\t\t\t<\/div>\n\t\t\t\n\t\t\t\t\t\t<div class=\"elementor-icon-box-content\">\n\n\t\t\t\t\t\t\t\t\t<div class=\"elementor-icon-box-title\">\n\t\t\t\t\t\t<span  >\n\t\t\t\t\t\t\tDifferenzierendes Angebot\t\t\t\t\t\t<\/span>\n\t\t\t\t\t<\/div>\n\t\t\t\t\n\t\t\t\t\n\t\t\t<\/div>\n\t\t\t\n\t\t<\/div>\n\t\t\t\t\t\t<\/div>\n\t\t\t\t<\/div>\n\t\t\t\t<\/div>\n\t\t<div class=\"elementor-element elementor-element-67db7f9 e-con-full e-flex e-con e-child\" data-id=\"67db7f9\" data-element_type=\"container\" data-e-type=\"container\">\n\t\t\t\t<div class=\"elementor-element elementor-element-8828e85 elementor-widget__width-initial textanim ta-word ta-wrap ta--right elementor-invisible elementor-widget elementor-widget-heading\" data-id=\"8828e85\" data-element_type=\"widget\" data-e-type=\"widget\" data-settings=\"{&quot;_animation&quot;:&quot;textanim--go&quot;}\" data-widget_type=\"heading.default\">\n\t\t\t\t<div class=\"elementor-widget-container\">\n\t\t\t\t\t<h2 class=\"elementor-heading-title elementor-size-default\">Mit weniger mehr erreichen \u2013 auch zu Hause.<\/h2>\t\t\t\t<\/div>\n\t\t\t\t<\/div>\n\t\t\t\t<div class=\"elementor-element elementor-element-fe691d7 elementor-widget__width-initial elementor-widget elementor-widget-text-editor\" data-id=\"fe691d7\" data-element_type=\"widget\" data-e-type=\"widget\" data-widget_type=\"text-editor.default\">\n\t\t\t\t<div class=\"elementor-widget-container\">\n\t\t\t\t\t\t\t\t\t<p>Unser Katalog vereint <strong>Design und echte Alltagstauglichkeit mit recyceltem Kunststoff, der zu langlebigen und praktischen Produkten verarbeitet wird<\/strong>. St\u00fccke, die den Alltag begleiten, die Auswirkungen reduzieren und zeigen, dass Circular Thinking auch zu Hause beginnt. <\/p>\t\t\t\t\t\t\t\t<\/div>\n\t\t\t\t<\/div>\n\t\t\t\t<\/div>\n\t\t\t\t\t<\/div>\n\t\t\t\t<\/div>\n\t\t<div class=\"elementor-element elementor-element-3498661 e-con-full e-flex e-con e-child\" data-id=\"3498661\" data-element_type=\"container\" data-e-type=\"container\">\n\t\t<div class=\"elementor-element elementor-element-5b281eb e-con-full e-flex e-con e-child\" data-id=\"5b281eb\" data-element_type=\"container\" data-e-type=\"container\">\n\t\t\t\t<div class=\"elementor-element elementor-element-9b9fef2 carrusel2 elementor-arrows-position-inside elementor-widget elementor-widget-image-carousel\" data-id=\"9b9fef2\" data-element_type=\"widget\" data-e-type=\"widget\" data-settings=\"{&quot;slides_to_show&quot;:&quot;3&quot;,&quot;navigation&quot;:&quot;arrows&quot;,&quot;slides_to_show_mobile&quot;:&quot;1&quot;,&quot;autoplay&quot;:&quot;yes&quot;,&quot;pause_on_hover&quot;:&quot;yes&quot;,&quot;pause_on_interaction&quot;:&quot;yes&quot;,&quot;autoplay_speed&quot;:5000,&quot;infinite&quot;:&quot;yes&quot;,&quot;speed&quot;:500,&quot;image_spacing_custom&quot;:{&quot;unit&quot;:&quot;px&quot;,&quot;size&quot;:20,&quot;sizes&quot;:[]},&quot;image_spacing_custom_tablet&quot;:{&quot;unit&quot;:&quot;px&quot;,&quot;size&quot;:&quot;&quot;,&quot;sizes&quot;:[]}}\" data-widget_type=\"image-carousel.default\">\n\t\t\t\t<div class=\"elementor-widget-container\">\n\t\t\t\t\t\t\t<div class=\"elementor-image-carousel-wrapper swiper\" role=\"region\" aria-roledescription=\"carousel\" aria-label=\"Carrusel de im\u00e1genes\" dir=\"ltr\">\n\t\t\t<div class=\"elementor-image-carousel swiper-wrapper\" aria-live=\"off\">\n\t\t\t\t\t\t\t\t<div class=\"swiper-slide\" role=\"group\" aria-roledescription=\"slide\" aria-label=\"1 von 3\"><a data-elementor-open-lightbox=\"yes\" data-elementor-lightbox-slideshow=\"9b9fef2\" data-elementor-lightbox-title=\"rectangle_104\" data-e-action-hash=\"#elementor-action%3Aaction%3Dlightbox%26settings%3DeyJpZCI6NjY2NSwidXJsIjoiaHR0cHM6XC9cL2VydW1ncm91cC5jb21cL3dwLWNvbnRlbnRcL3VwbG9hZHNcLzIwMjZcLzAzXC9yZWN0YW5nbGVfMTA0LndlYnAiLCJzbGlkZXNob3ciOiI5YjlmZWYyIn0%3D\" href=\"https:\/\/erumgroup.com\/wp-content\/uploads\/2026\/03\/rectangle_104.webp\"><figure class=\"swiper-slide-inner\"><img decoding=\"async\" class=\"swiper-slide-image\" src=\"https:\/\/erumgroup.com\/wp-content\/uploads\/2026\/03\/rectangle_104-768x512.webp\" alt=\"rectangle_104\" \/><\/figure><\/a><\/div><div class=\"swiper-slide\" role=\"group\" aria-roledescription=\"slide\" aria-label=\"2 von 3\"><a data-elementor-open-lightbox=\"yes\" data-elementor-lightbox-slideshow=\"9b9fef2\" data-elementor-lightbox-title=\"rectangle_108\" data-e-action-hash=\"#elementor-action%3Aaction%3Dlightbox%26settings%3DeyJpZCI6NjY2NiwidXJsIjoiaHR0cHM6XC9cL2VydW1ncm91cC5jb21cL3dwLWNvbnRlbnRcL3VwbG9hZHNcLzIwMjZcLzAzXC9yZWN0YW5nbGVfMTA4LndlYnAiLCJzbGlkZXNob3ciOiI5YjlmZWYyIn0%3D\" href=\"https:\/\/erumgroup.com\/wp-content\/uploads\/2026\/03\/rectangle_108.webp\"><figure class=\"swiper-slide-inner\"><img decoding=\"async\" class=\"swiper-slide-image\" src=\"https:\/\/erumgroup.com\/wp-content\/uploads\/2026\/03\/rectangle_108-768x512.webp\" alt=\"rectangle_108\" \/><\/figure><\/a><\/div><div class=\"swiper-slide\" role=\"group\" aria-roledescription=\"slide\" aria-label=\"3 von 3\"><a data-elementor-open-lightbox=\"yes\" data-elementor-lightbox-slideshow=\"9b9fef2\" data-elementor-lightbox-title=\"rectangle_107\" data-e-action-hash=\"#elementor-action%3Aaction%3Dlightbox%26settings%3DeyJpZCI6NjY2NywidXJsIjoiaHR0cHM6XC9cL2VydW1ncm91cC5jb21cL3dwLWNvbnRlbnRcL3VwbG9hZHNcLzIwMjZcLzAzXC9yZWN0YW5nbGVfMTA3LndlYnAiLCJzbGlkZXNob3ciOiI5YjlmZWYyIn0%3D\" href=\"https:\/\/erumgroup.com\/wp-content\/uploads\/2026\/03\/rectangle_107.webp\"><figure class=\"swiper-slide-inner\"><img decoding=\"async\" class=\"swiper-slide-image\" src=\"https:\/\/erumgroup.com\/wp-content\/uploads\/2026\/03\/rectangle_107-768x512.webp\" alt=\"rectangle_107\" \/><\/figure><\/a><\/div>\t\t\t<\/div>\n\t\t\t\t\t\t\t\t\t\t\t\t<div class=\"elementor-swiper-button elementor-swiper-button-prev\" role=\"button\" tabindex=\"0\">\n\t\t\t\t\t\t<svg xmlns=\"http:\/\/www.w3.org\/2000\/svg\" width=\"29\" height=\"29\" viewBox=\"0 0 29 29\"><path d=\"M28.7975 12.4086L28.7975 15.6864L6.3215 15.6864L16.3889 25.7537L14.0476 28.095L0.000118053 14.0475L14.0476 -3.33296e-05L16.3889 2.34122L6.3215 12.4086L28.7975 12.4086Z\"><\/path><\/svg>\t\t\t\t\t<\/div>\n\t\t\t\t\t<div class=\"elementor-swiper-button elementor-swiper-button-next\" role=\"button\" tabindex=\"0\">\n\t\t\t\t\t\t<svg xmlns=\"http:\/\/www.w3.org\/2000\/svg\" width=\"29\" height=\"29\" viewBox=\"0 0 29 29\"><path d=\"M8.0125e-05 15.6864L7.91134e-05 12.4086L22.4761 12.4086L12.4087 2.34122L14.75 -2.79597e-05L28.7975 14.0475L14.75 28.095L12.4087 25.7538L22.4761 15.6864L8.0125e-05 15.6864Z\"><\/path><\/svg>\t\t\t\t\t<\/div>\n\t\t\t\t\n\t\t\t\t\t\t\t\t\t<\/div>\n\t\t\t\t\t\t<\/div>\n\t\t\t\t<\/div>\n\t\t\t\t<\/div>\n\t\t\t\t<\/div>\n\t\t\t\t<\/div>\n\t\t<div class=\"elementor-element elementor-element-817bfd8 e-con-full e-flex e-con e-parent\" data-id=\"817bfd8\" data-element_type=\"container\" data-e-type=\"container\">\n\t\t\t\t<div class=\"elementor-element elementor-element-f08283f elementor-widget elementor-widget-template\" data-id=\"f08283f\" data-element_type=\"widget\" data-e-type=\"widget\" data-widget_type=\"template.default\">\n\t\t\t\t<div class=\"elementor-widget-container\">\n\t\t\t\t\t\t\t<div class=\"elementor-template\">\n\t\t\t\t\t<div data-elementor-type=\"container\" data-elementor-id=\"3336\" class=\"elementor elementor-3336 elementor-2431 elementor-2431\" data-elementor-post-type=\"elementor_library\">\n\t\t\t\t<div class=\"elementor-element elementor-element-6a67415d genparalax e-flex e-con-boxed e-con e-parent\" data-id=\"6a67415d\" data-element_type=\"container\" data-e-type=\"container\" data-settings=\"{&quot;background_background&quot;:&quot;classic&quot;}\">\n\t\t\t\t\t<div class=\"e-con-inner\">\n\t\t\t\t<div class=\"elementor-element elementor-element-50b401c8 elementor-widget__width-initial elementor-invisible elementor-widget elementor-widget-heading\" data-id=\"50b401c8\" data-element_type=\"widget\" data-e-type=\"widget\" data-settings=\"{&quot;_animation&quot;:&quot;fadeinall fadeinall--flip-up&quot;}\" data-widget_type=\"heading.default\">\n\t\t\t\t<div class=\"elementor-widget-container\">\n\t\t\t\t\t<h2 class=\"elementor-heading-title elementor-size-default\">Sollen wir es zusammen drehen?<\/h2>\t\t\t\t<\/div>\n\t\t\t\t<\/div>\n\t\t\t\t<div class=\"elementor-element elementor-element-2d79ee95 elementor-invisible elementor-widget elementor-widget-button\" data-id=\"2d79ee95\" data-element_type=\"widget\" data-e-type=\"widget\" data-settings=\"{&quot;_animation&quot;:&quot;fadeinall fadeinall--up&quot;,&quot;_animation_delay&quot;:150}\" data-widget_type=\"button.default\">\n\t\t\t\t<div class=\"elementor-widget-container\">\n\t\t\t\t\t\t\t\t\t<div class=\"elementor-button-wrapper\">\n\t\t\t\t\t<a class=\"elementor-button elementor-button-link elementor-size-sm\" href=\"https:\/\/erumgroup.com\/de\/kontakt\/\">\n\t\t\t\t\t\t<span class=\"elementor-button-content-wrapper\">\n\t\t\t\t\t\t<span class=\"elementor-button-icon\">\n\t\t\t\t<svg xmlns=\"http:\/\/www.w3.org\/2000\/svg\" width=\"16\" height=\"16\" viewBox=\"0 0 16 16\"><path d=\"M7.60732e-06 8.52775L7.10156e-06 6.74584L12.2188 6.74584L6.74581 1.27284L8.0186 4.35363e-05L15.6554 7.6368L8.0186 15.2735L6.74581 14.0008L12.2188 8.52775L7.60732e-06 8.52775Z\"><\/path><\/svg>\t\t\t<\/span>\n\t\t\t\t\t\t\t\t\t<span class=\"elementor-button-text\">Kontakt<\/span>\n\t\t\t\t\t<\/span>\n\t\t\t\t\t<\/a>\n\t\t\t\t<\/div>\n\t\t\t\t\t\t\t\t<\/div>\n\t\t\t\t<\/div>\n\t\t\t\t\t<\/div>\n\t\t\t\t<\/div>\n\t\t\t\t<\/div>\n\t\t\t\t<\/div>\n\t\t\t\t\t\t<\/div>\n\t\t\t\t<\/div>\n\t\t\t\t<\/div>\n\t\t\t\t<\/div>\n\t\t","protected":false},"excerpt":{"rendered":"<p>Circular Thinking \u2013 auch zu Hause. Allt\u00e4gliches von Grund auf neu denken Eine zirkul\u00e4re Perspektive vom Material her. Bei Erum sind wir \u00fcberzeugt, dass auch die Gegenst\u00e4nde, die wir jeden Tag benutzen, Dinge anders machen k\u00f6nnen. Im Home-Sektor entwickeln wir Haushaltswaren, die f\u00fcr das moderne Zuhause konzipiert sind \u2013 mit Stil, Funktionalit\u00e4t und einer zirkul\u00e4ren [&hellip;]<\/p>\n","protected":false},"author":3,"featured_media":3426,"parent":0,"menu_order":0,"comment_status":"closed","ping_status":"closed","template":"","meta":{"_acf_changed":false,"footnotes":""},"class_list":["post-6662","page","type-page","status-publish","has-post-thumbnail","hentry"],"acf":[],"yoast_head":"<!-- This site is optimized with the Yoast SEO plugin v27.6 - https:\/\/yoast.com\/product\/yoast-seo-wordpress\/ -->\n<title>Home - Erum<\/title>\n<meta name=\"robots\" content=\"index, follow, max-snippet:-1, max-image-preview:large, max-video-preview:-1\" \/>\n<link rel=\"canonical\" href=\"https:\/\/erumgroup.com\/de\/wohnbereich\/\" \/>\n<meta property=\"og:locale\" content=\"de_DE\" \/>\n<meta property=\"og:type\" content=\"article\" \/>\n<meta property=\"og:title\" content=\"Home - Erum\" \/>\n<meta property=\"og:description\" content=\"Circular Thinking \u2013 auch zu Hause. Allt\u00e4gliches von Grund auf neu denken Eine zirkul\u00e4re Perspektive vom Material her. Bei Erum sind wir \u00fcberzeugt, dass auch die Gegenst\u00e4nde, die wir jeden Tag benutzen, Dinge anders machen k\u00f6nnen. Im Home-Sektor entwickeln wir Haushaltswaren, die f\u00fcr das moderne Zuhause konzipiert sind \u2013 mit Stil, Funktionalit\u00e4t und einer zirkul\u00e4ren [&hellip;]\" \/>\n<meta property=\"og:url\" content=\"https:\/\/erumgroup.com\/de\/wohnbereich\/\" \/>\n<meta property=\"og:site_name\" content=\"Erum\" \/>\n<meta property=\"article:publisher\" content=\"https:\/\/www.facebook.com\/plasticoserum\/\" \/>\n<meta property=\"article:modified_time\" content=\"2026-05-15T07:07:30+00:00\" \/>\n<meta property=\"og:image\" content=\"https:\/\/erumgroup.com\/wp-content\/uploads\/2026\/02\/erum_og.jpg\" \/>\n\t<meta property=\"og:image:width\" content=\"200\" \/>\n\t<meta property=\"og:image:height\" content=\"200\" \/>\n\t<meta property=\"og:image:type\" content=\"image\/jpeg\" \/>\n<meta name=\"twitter:card\" content=\"summary_large_image\" \/>\n<meta name=\"twitter:site\" content=\"@Erumgroup\" \/>\n<meta name=\"twitter:label1\" content=\"Gesch\u00e4tzte Lesezeit\" \/>\n\t<meta name=\"twitter:data1\" content=\"1\u00a0Minute\" \/>\n<script type=\"application\/ld+json\" class=\"yoast-schema-graph\">{\"@context\":\"https:\\\/\\\/schema.org\",\"@graph\":[{\"@type\":\"WebPage\",\"@id\":\"https:\\\/\\\/erumgroup.com\\\/de\\\/wohnbereich\\\/\",\"url\":\"https:\\\/\\\/erumgroup.com\\\/de\\\/wohnbereich\\\/\",\"name\":\"Home - Erum\",\"isPartOf\":{\"@id\":\"https:\\\/\\\/erumgroup.com\\\/de\\\/#website\"},\"primaryImageOfPage\":{\"@id\":\"https:\\\/\\\/erumgroup.com\\\/de\\\/wohnbereich\\\/#primaryimage\"},\"image\":{\"@id\":\"https:\\\/\\\/erumgroup.com\\\/de\\\/wohnbereich\\\/#primaryimage\"},\"thumbnailUrl\":\"https:\\\/\\\/erumgroup.com\\\/wp-content\\\/uploads\\\/2026\\\/02\\\/erum_og.jpg\",\"datePublished\":\"2026-03-27T14:55:55+00:00\",\"dateModified\":\"2026-05-15T07:07:30+00:00\",\"inLanguage\":\"de\",\"potentialAction\":[{\"@type\":\"ReadAction\",\"target\":[\"https:\\\/\\\/erumgroup.com\\\/de\\\/wohnbereich\\\/\"]}]},{\"@type\":\"ImageObject\",\"inLanguage\":\"de\",\"@id\":\"https:\\\/\\\/erumgroup.com\\\/de\\\/wohnbereich\\\/#primaryimage\",\"url\":\"https:\\\/\\\/erumgroup.com\\\/wp-content\\\/uploads\\\/2026\\\/02\\\/erum_og.jpg\",\"contentUrl\":\"https:\\\/\\\/erumgroup.com\\\/wp-content\\\/uploads\\\/2026\\\/02\\\/erum_og.jpg\",\"width\":200,\"height\":200},{\"@type\":\"WebSite\",\"@id\":\"https:\\\/\\\/erumgroup.com\\\/de\\\/#website\",\"url\":\"https:\\\/\\\/erumgroup.com\\\/de\\\/\",\"name\":\"Erum\",\"description\":\"\",\"publisher\":{\"@id\":\"https:\\\/\\\/erumgroup.com\\\/de\\\/#organization\"},\"potentialAction\":[{\"@type\":\"SearchAction\",\"target\":{\"@type\":\"EntryPoint\",\"urlTemplate\":\"https:\\\/\\\/erumgroup.com\\\/de\\\/?s={search_term_string}\"},\"query-input\":{\"@type\":\"PropertyValueSpecification\",\"valueRequired\":true,\"valueName\":\"search_term_string\"}}],\"inLanguage\":\"de\"},{\"@type\":\"Organization\",\"@id\":\"https:\\\/\\\/erumgroup.com\\\/de\\\/#organization\",\"name\":\"Erum\",\"url\":\"https:\\\/\\\/erumgroup.com\\\/de\\\/\",\"logo\":{\"@type\":\"ImageObject\",\"inLanguage\":\"de\",\"@id\":\"https:\\\/\\\/erumgroup.com\\\/de\\\/#\\\/schema\\\/logo\\\/image\\\/\",\"url\":\"https:\\\/\\\/erumgroup.com\\\/wp-content\\\/uploads\\\/2026\\\/02\\\/erum_og.jpg\",\"contentUrl\":\"https:\\\/\\\/erumgroup.com\\\/wp-content\\\/uploads\\\/2026\\\/02\\\/erum_og.jpg\",\"width\":200,\"height\":200,\"caption\":\"Erum\"},\"image\":{\"@id\":\"https:\\\/\\\/erumgroup.com\\\/de\\\/#\\\/schema\\\/logo\\\/image\\\/\"},\"sameAs\":[\"https:\\\/\\\/www.facebook.com\\\/plasticoserum\\\/\",\"https:\\\/\\\/x.com\\\/Erumgroup\",\"https:\\\/\\\/www.linkedin.com\\\/company\\\/erumgroup\\\/\",\"https:\\\/\\\/www.instagram.com\\\/erumgroup\\\/\"]}]}<\/script>\n<!-- \/ Yoast SEO plugin. -->","yoast_head_json":{"title":"Home - Erum","robots":{"index":"index","follow":"follow","max-snippet":"max-snippet:-1","max-image-preview":"max-image-preview:large","max-video-preview":"max-video-preview:-1"},"canonical":"https:\/\/erumgroup.com\/de\/wohnbereich\/","og_locale":"de_DE","og_type":"article","og_title":"Home - Erum","og_description":"Circular Thinking \u2013 auch zu Hause. Allt\u00e4gliches von Grund auf neu denken Eine zirkul\u00e4re Perspektive vom Material her. Bei Erum sind wir \u00fcberzeugt, dass auch die Gegenst\u00e4nde, die wir jeden Tag benutzen, Dinge anders machen k\u00f6nnen. Im Home-Sektor entwickeln wir Haushaltswaren, die f\u00fcr das moderne Zuhause konzipiert sind \u2013 mit Stil, Funktionalit\u00e4t und einer zirkul\u00e4ren [&hellip;]","og_url":"https:\/\/erumgroup.com\/de\/wohnbereich\/","og_site_name":"Erum","article_publisher":"https:\/\/www.facebook.com\/plasticoserum\/","article_modified_time":"2026-05-15T07:07:30+00:00","og_image":[{"width":200,"height":200,"url":"https:\/\/erumgroup.com\/wp-content\/uploads\/2026\/02\/erum_og.jpg","type":"image\/jpeg"}],"twitter_card":"summary_large_image","twitter_site":"@Erumgroup","twitter_misc":{"Gesch\u00e4tzte Lesezeit":"1\u00a0Minute"},"schema":{"@context":"https:\/\/schema.org","@graph":[{"@type":"WebPage","@id":"https:\/\/erumgroup.com\/de\/wohnbereich\/","url":"https:\/\/erumgroup.com\/de\/wohnbereich\/","name":"Home - Erum","isPartOf":{"@id":"https:\/\/erumgroup.com\/de\/#website"},"primaryImageOfPage":{"@id":"https:\/\/erumgroup.com\/de\/wohnbereich\/#primaryimage"},"image":{"@id":"https:\/\/erumgroup.com\/de\/wohnbereich\/#primaryimage"},"thumbnailUrl":"https:\/\/erumgroup.com\/wp-content\/uploads\/2026\/02\/erum_og.jpg","datePublished":"2026-03-27T14:55:55+00:00","dateModified":"2026-05-15T07:07:30+00:00","inLanguage":"de","potentialAction":[{"@type":"ReadAction","target":["https:\/\/erumgroup.com\/de\/wohnbereich\/"]}]},{"@type":"ImageObject","inLanguage":"de","@id":"https:\/\/erumgroup.com\/de\/wohnbereich\/#primaryimage","url":"https:\/\/erumgroup.com\/wp-content\/uploads\/2026\/02\/erum_og.jpg","contentUrl":"https:\/\/erumgroup.com\/wp-content\/uploads\/2026\/02\/erum_og.jpg","width":200,"height":200},{"@type":"WebSite","@id":"https:\/\/erumgroup.com\/de\/#website","url":"https:\/\/erumgroup.com\/de\/","name":"Erum","description":"","publisher":{"@id":"https:\/\/erumgroup.com\/de\/#organization"},"potentialAction":[{"@type":"SearchAction","target":{"@type":"EntryPoint","urlTemplate":"https:\/\/erumgroup.com\/de\/?s={search_term_string}"},"query-input":{"@type":"PropertyValueSpecification","valueRequired":true,"valueName":"search_term_string"}}],"inLanguage":"de"},{"@type":"Organization","@id":"https:\/\/erumgroup.com\/de\/#organization","name":"Erum","url":"https:\/\/erumgroup.com\/de\/","logo":{"@type":"ImageObject","inLanguage":"de","@id":"https:\/\/erumgroup.com\/de\/#\/schema\/logo\/image\/","url":"https:\/\/erumgroup.com\/wp-content\/uploads\/2026\/02\/erum_og.jpg","contentUrl":"https:\/\/erumgroup.com\/wp-content\/uploads\/2026\/02\/erum_og.jpg","width":200,"height":200,"caption":"Erum"},"image":{"@id":"https:\/\/erumgroup.com\/de\/#\/schema\/logo\/image\/"},"sameAs":["https:\/\/www.facebook.com\/plasticoserum\/","https:\/\/x.com\/Erumgroup","https:\/\/www.linkedin.com\/company\/erumgroup\/","https:\/\/www.instagram.com\/erumgroup\/"]}]}},"_links":{"self":[{"href":"https:\/\/erumgroup.com\/de\/wp-json\/wp\/v2\/pages\/6662","targetHints":{"allow":["GET"]}}],"collection":[{"href":"https:\/\/erumgroup.com\/de\/wp-json\/wp\/v2\/pages"}],"about":[{"href":"https:\/\/erumgroup.com\/de\/wp-json\/wp\/v2\/types\/page"}],"author":[{"embeddable":true,"href":"https:\/\/erumgroup.com\/de\/wp-json\/wp\/v2\/users\/3"}],"replies":[{"embeddable":true,"href":"https:\/\/erumgroup.com\/de\/wp-json\/wp\/v2\/comments?post=6662"}],"version-history":[{"count":4,"href":"https:\/\/erumgroup.com\/de\/wp-json\/wp\/v2\/pages\/6662\/revisions"}],"predecessor-version":[{"id":9497,"href":"https:\/\/erumgroup.com\/de\/wp-json\/wp\/v2\/pages\/6662\/revisions\/9497"}],"wp:featuredmedia":[{"embeddable":true,"href":"https:\/\/erumgroup.com\/de\/wp-json\/wp\/v2\/media\/3426"}],"wp:attachment":[{"href":"https:\/\/erumgroup.com\/de\/wp-json\/wp\/v2\/media?parent=6662"}],"curies":[{"name":"wp","href":"https:\/\/api.w.org\/{rel}","templated":true}]}}