{"id":7510,"date":"2026-02-16T13:59:40","date_gmt":"2026-02-16T12:59:40","guid":{"rendered":"https:\/\/erumgroup.com\/politica-de-medio-ambiente\/"},"modified":"2026-04-14T13:58:44","modified_gmt":"2026-04-14T11:58:44","slug":"politica-de-medio-ambiente","status":"publish","type":"page","link":"https:\/\/erumgroup.com\/de\/politica-de-medio-ambiente\/","title":{"rendered":"Umweltpolitik"},"content":{"rendered":"\n<h1>UMWELTPOLITIK<\/h1>\n<h2>1. ZIEL DER RICHTLINIE<\/h2>\n<p>Die Erum Group (im Folgenden unterschiedslos \u201eErum\u201c oder das \u201eUnternehmen\u201c) ist eine Unternehmensgruppe, die sich haupts\u00e4chlich mit dem Design, dem Spritzguss und der Montage von Kunststoffteilen befasst. Sie hat ihren Hauptsitz in Alcoy (Alicante, Spanien) und ist international auf f\u00fcnf Kontinenten vertreten.<br\/>Das Ziel der vorliegenden Richtlinie ist es, die Grunds\u00e4tze und Verpflichtungen festzulegen, die im Umweltbereich sowohl bei den eigenen Aktivit\u00e4ten als auch in der Beziehung zu den Interessengruppen \u00fcbernommen werden.<\/p>\n<h2>2. ANWENDUNGSBEREICH<\/h2>\n<p>Die Richtlinie gilt f\u00fcr alle Gesellschaften der Erum Group, unabh\u00e4ngig von ihrem geografischen Standort.<\/p>\n<h2>3. UMWELTVERPFLICHTUNG DER GRUPPE<\/h2>\n<p>Die Erum Group betrachtet es im Rahmen ihrer Aktivit\u00e4ten in den Bereichen Design, Spritzguss und Montage von Kunststoffteilen als vorrangig, ihre Bem\u00fchungen auf die Erreichung eines Gesch\u00e4ftsmodells zu konzentrieren, das auf der Qualit\u00e4t und Exzellenz unserer Produkte und Dienstleistungen basiert. Dabei setzen wir auf kontinuierliche Verbesserung und Wettbewerbsf\u00e4higkeit innerhalb unserer Branche, auf unsere Verantwortung gegen\u00fcber Kunden und Mitarbeitern sowie auf das Gleichgewicht, das wir mit unserer Umwelt wahren m\u00fcssen.<\/p>\n<p>Daher sind die Grunds\u00e4tze, auf denen unsere Philosophie, Kultur, Werte und Gesch\u00e4ftsvision basieren, auf das Wohlergehen unserer Mitarbeiter, die nachhaltige Entwicklung und Zirkularit\u00e4t unserer Aktivit\u00e4ten und Prozesse von deren Konzeption an sowie auf das Streben nach umfassender Qualit\u00e4t in all unseren T\u00e4tigkeiten ausgerichtet.<\/p>\n<p>In diesem Sinne bekennen wir uns in der Erum Group zu den folgenden <strong>PRINZIPIEN<\/strong>:<\/p>\n<p><strong>Engagement<\/strong> und Bestreben, die Erwartungen unserer Kunden, Lieferanten und Mitarbeiter zu erf\u00fcllen, indem wir unsere Unternehmensziele mit ihren Bed\u00fcrfnissen in Einklang bringen, Produkte, Dienstleistungen und Informationen bereitstellen, die ihren Erwartungen entsprechen, und sie an unserem Engagement f\u00fcr Qualit\u00e4t, Sicherheit und Gesundheit sowie den Umweltschutz bei all unseren Aktivit\u00e4ten und Entscheidungen teilhaben lassen.<\/p>\n<p><strong>Verantwortung<\/strong> bei der Einhaltung der f\u00fcr unsere T\u00e4tigkeit geltenden gesetzlichen Anforderungen sowie anderer Anforderungen, die die Organisation eingehen kann, basierend auf unserem Kontext sowie den Bed\u00fcrfnissen und Erwartungen unserer interessierten Parteien.<\/p>\n<p><strong>Wandlungsf\u00e4higkeit<\/strong> und die F\u00e4higkeit, agil und flexibel zu sein, indem wir uns an Ver\u00e4nderungen anpassen und diese antizipieren, sie planen und verwalten, dank unseres gro\u00dfen menschlichen Potenzials, unserer technologischen Entwicklung und der Digitalisierung unserer Prozesse.<\/p>\n<p><strong>Einbeziehung<\/strong> unserer Mitarbeiter in die Pr\u00e4vention von Verletzungen und arbeitsbedingten Gesundheitsverschlechterungen sowie in die Erhaltung unserer Umwelt durch die Integration der Prinzipien der industriellen \u00d6kologie in unsere DNA. Wir handeln, um die effiziente Nutzung von Ressourcen und Rohstoffen sicherzustellen, und tragen zur Milderung des Klimawandels bei, indem wir unseren CO2-Fu\u00dfabdruck berechnen und reduzieren, erneuerbare Energien beziehen sowie den Energieverbrauch optimieren und senken.<\/p>\n<p><strong>Zirkularit\u00e4t, Innovation und \u00d6kodesign<\/strong> in unseren Prozessen, Produkten und Dienstleistungen. Wir konzipieren diese unter dem Aspekt der Langlebigkeit, Wiederverwendbarkeit, Reparierbarkeit und Verwendung von recycelten und recycelbaren Materialien. Dabei werten wir die darin enthaltenen Ressourcen auf, bewerten ihre globalen Auswirkungen und minimieren die Abfallproduktion durch effektives Management und das Setzen auf Verwertungsoptionen, die auf \u201eZero Waste\u201c abzielen.<\/p>\n<p><strong>Zusammenarbeit<\/strong> mit Kunden, Lieferanten und Partnern, die es uns erm\u00f6glicht, neue Materialien zu formulieren und an der Nutzung und Entwicklung von Biomaterialien zu forschen, die wiederverwendbar, recycelbar oder kompostierbar sind. Ebenso arbeiten wir an der Eliminierung und Reduzierung des Einsatzes gef\u00e4hrlicher oder sch\u00e4dlicher Substanzen \u00fcber den gesamten Lebenszyklus unserer Produkte hinweg, entwickeln neue Konsum-, Nutzungs- und kollaborative Gesch\u00e4ftsmodelle und nutzen so bestehende Synergien.<\/p>\n<p><strong>Kommunikation und Transparenz<\/strong> in Bezug auf Informationen zu unseren Produkten und Dienstleistungen durch die freiwillige Zertifizierung unserer Aktivit\u00e4ten unter den Gesichtspunkten \u00d6kodesign, Lebenszyklusanalyse oder Energieeffizienz.<\/p>\n<p><strong>F\u00f6rderung<\/strong> unserer Mitarbeiter durch die Erstellung und Entwicklung von Richtlinien und Prozessen, die jedem einzelnen Mitglied die Aus\u00fcbung der positionsbezogenen Funktionen erleichtern und die Vereinbarkeit mit dem Privatleben erm\u00f6glichen.<\/p>\n<p><strong>Kontinuierliche Verbesserung<\/strong> unserer Managementsysteme und unserer Leistung in den Bereichen Arbeitssicherheit und Umwelt. Wir stellen ein f\u00fcr unsere Bed\u00fcrfnisse angemessenes technisches Kompetenzniveau sicher und f\u00f6rdern das Wissen, das Bewusstsein, die F\u00e4higkeiten und die Kompetenzen unseres Personals.<\/p>\n<p><strong>Aktive Beteiligung<\/strong> und Konsultation unserer Mitarbeiter bei der Entwicklung, Planung, Umsetzung und Leistungsbewertung unserer Ma\u00dfnahmen in den Bereichen Sicherheit, Gesundheit und Wohlbefinden in der Organisation.<\/p>\n<h2>4. FESTLEGUNG J\u00c4HRLICHER UMWELTZIELE<\/h2>\n<p>Die Gruppe definiert im Rahmen ihres Umweltmanagementsystems j\u00e4hrliche Ziele, die auf folgenden Grunds\u00e4tzen basieren:<br\/>\u2022 Innovation und Produktentwicklung.<br\/>\u2022 Nachhaltiges Wachstum und kontinuierliche Verbesserung des Unternehmens durch \u00dcberwachung der Prozessleistung, der Umweltindikatoren, der Risiko- und Chancenanalyse sowie der Kontrolle wesentlicher Umweltaspekte.<br\/>\u2022 Optimierung des Verbrauchs von Rohstoffen und nat\u00fcrlichen Ressourcen.<br\/>\u2022 Umweltschutz basierend auf der Vermeidung von Umweltbelastungen, die infolge der T\u00e4tigkeit entstehen k\u00f6nnen.<br\/>Pl\u00e1sticos Erum verpflichtet sich zur strikten Einhaltung der gesetzlichen Umweltanforderungen und Produktanforderungen, weiterer vom Unternehmen eingegangener Verpflichtungen sowie der Anforderungen, die sich aus den Bed\u00fcrfnissen und Erwartungen aller interessierten Parteien ergeben.<\/p>\n<h2>5. GENEHMIGUNG DURCH DIE GESCH\u00c4FTSLEITUNG<\/h2>\n<p>Die vorliegende Richtlinie wurde von der Gesch\u00e4ftsleitung am 23.09.2021 genehmigt.<\/p>\n<p><strong>Juan Manuel Erum Gregorio<\/strong><\/p>\n","protected":false},"excerpt":{"rendered":"<p>UMWELTPOLITIK 1. ZIEL DER RICHTLINIE Die Erum Group (im Folgenden unterschiedslos \u201eErum\u201c oder das \u201eUnternehmen\u201c) ist eine Unternehmensgruppe, die sich haupts\u00e4chlich mit dem Design, dem Spritzguss und der Montage von Kunststoffteilen befasst. Sie hat ihren Hauptsitz in Alcoy (Alicante, Spanien) und ist international auf f\u00fcnf Kontinenten vertreten.Das Ziel der vorliegenden Richtlinie ist es, die Grunds\u00e4tze [&hellip;]<\/p>\n","protected":false},"author":3,"featured_media":0,"parent":0,"menu_order":0,"comment_status":"closed","ping_status":"closed","template":"","meta":{"_acf_changed":false,"footnotes":""},"class_list":["post-7510","page","type-page","status-publish","hentry"],"acf":[],"yoast_head":"<!-- This site is optimized with the Yoast SEO plugin v27.3 - https:\/\/yoast.com\/product\/yoast-seo-wordpress\/ -->\n<title>Umweltpolitik - Erum<\/title>\n<meta name=\"robots\" content=\"noindex, nofollow\" \/>\n<meta property=\"og:locale\" content=\"de_DE\" \/>\n<meta property=\"og:type\" content=\"article\" \/>\n<meta property=\"og:title\" content=\"Umweltpolitik - Erum\" \/>\n<meta property=\"og:description\" content=\"UMWELTPOLITIK 1. ZIEL DER RICHTLINIE Die Erum Group (im Folgenden unterschiedslos \u201eErum\u201c oder das \u201eUnternehmen\u201c) ist eine Unternehmensgruppe, die sich haupts\u00e4chlich mit dem Design, dem Spritzguss und der Montage von Kunststoffteilen befasst. Sie hat ihren Hauptsitz in Alcoy (Alicante, Spanien) und ist international auf f\u00fcnf Kontinenten vertreten.Das Ziel der vorliegenden Richtlinie ist es, die Grunds\u00e4tze [&hellip;]\" \/>\n<meta property=\"og:url\" content=\"https:\/\/erumgroup.com\/de\/politica-de-medio-ambiente\/\" \/>\n<meta property=\"og:site_name\" content=\"Erum\" \/>\n<meta property=\"article:publisher\" content=\"https:\/\/www.facebook.com\/plasticoserum\/\" \/>\n<meta property=\"article:modified_time\" content=\"2026-04-14T11:58:44+00:00\" \/>\n<meta name=\"twitter:card\" content=\"summary_large_image\" \/>\n<meta name=\"twitter:site\" content=\"@Erumgroup\" \/>\n<meta name=\"twitter:label1\" content=\"Gesch\u00e4tzte Lesezeit\" \/>\n\t<meta name=\"twitter:data1\" content=\"4\u00a0Minuten\" \/>\n<script type=\"application\/ld+json\" class=\"yoast-schema-graph\">{\"@context\":\"https:\\\/\\\/schema.org\",\"@graph\":[{\"@type\":\"WebPage\",\"@id\":\"https:\\\/\\\/erumgroup.com\\\/de\\\/politica-de-medio-ambiente\\\/\",\"url\":\"https:\\\/\\\/erumgroup.com\\\/de\\\/politica-de-medio-ambiente\\\/\",\"name\":\"Umweltpolitik - Erum\",\"isPartOf\":{\"@id\":\"https:\\\/\\\/erumgroup.com\\\/de\\\/#website\"},\"datePublished\":\"2026-02-16T12:59:40+00:00\",\"dateModified\":\"2026-04-14T11:58:44+00:00\",\"breadcrumb\":{\"@id\":\"https:\\\/\\\/erumgroup.com\\\/de\\\/politica-de-medio-ambiente\\\/#breadcrumb\"},\"inLanguage\":\"de\",\"potentialAction\":[{\"@type\":\"ReadAction\",\"target\":[\"https:\\\/\\\/erumgroup.com\\\/de\\\/politica-de-medio-ambiente\\\/\"]}]},{\"@type\":\"BreadcrumbList\",\"@id\":\"https:\\\/\\\/erumgroup.com\\\/de\\\/politica-de-medio-ambiente\\\/#breadcrumb\",\"itemListElement\":[{\"@type\":\"ListItem\",\"position\":1,\"name\":\"Portada\",\"item\":\"https:\\\/\\\/erumgroup.com\\\/de\\\/home\\\/\"},{\"@type\":\"ListItem\",\"position\":2,\"name\":\"Umweltpolitik\"}]},{\"@type\":\"WebSite\",\"@id\":\"https:\\\/\\\/erumgroup.com\\\/de\\\/#website\",\"url\":\"https:\\\/\\\/erumgroup.com\\\/de\\\/\",\"name\":\"Erum\",\"description\":\"\",\"publisher\":{\"@id\":\"https:\\\/\\\/erumgroup.com\\\/de\\\/#organization\"},\"potentialAction\":[{\"@type\":\"SearchAction\",\"target\":{\"@type\":\"EntryPoint\",\"urlTemplate\":\"https:\\\/\\\/erumgroup.com\\\/de\\\/?s={search_term_string}\"},\"query-input\":{\"@type\":\"PropertyValueSpecification\",\"valueRequired\":true,\"valueName\":\"search_term_string\"}}],\"inLanguage\":\"de\"},{\"@type\":\"Organization\",\"@id\":\"https:\\\/\\\/erumgroup.com\\\/de\\\/#organization\",\"name\":\"Erum\",\"url\":\"https:\\\/\\\/erumgroup.com\\\/de\\\/\",\"logo\":{\"@type\":\"ImageObject\",\"inLanguage\":\"de\",\"@id\":\"https:\\\/\\\/erumgroup.com\\\/de\\\/#\\\/schema\\\/logo\\\/image\\\/\",\"url\":\"https:\\\/\\\/erumgroup.com\\\/wp-content\\\/uploads\\\/2026\\\/02\\\/erum_og.jpg\",\"contentUrl\":\"https:\\\/\\\/erumgroup.com\\\/wp-content\\\/uploads\\\/2026\\\/02\\\/erum_og.jpg\",\"width\":200,\"height\":200,\"caption\":\"Erum\"},\"image\":{\"@id\":\"https:\\\/\\\/erumgroup.com\\\/de\\\/#\\\/schema\\\/logo\\\/image\\\/\"},\"sameAs\":[\"https:\\\/\\\/www.facebook.com\\\/plasticoserum\\\/\",\"https:\\\/\\\/x.com\\\/Erumgroup\",\"https:\\\/\\\/www.linkedin.com\\\/company\\\/erumgroup\\\/\",\"https:\\\/\\\/www.instagram.com\\\/erumgroup\\\/\"]}]}<\/script>\n<!-- \/ Yoast SEO plugin. -->","yoast_head_json":{"title":"Umweltpolitik - Erum","robots":{"index":"noindex","follow":"nofollow"},"og_locale":"de_DE","og_type":"article","og_title":"Umweltpolitik - Erum","og_description":"UMWELTPOLITIK 1. ZIEL DER RICHTLINIE Die Erum Group (im Folgenden unterschiedslos \u201eErum\u201c oder das \u201eUnternehmen\u201c) ist eine Unternehmensgruppe, die sich haupts\u00e4chlich mit dem Design, dem Spritzguss und der Montage von Kunststoffteilen befasst. Sie hat ihren Hauptsitz in Alcoy (Alicante, Spanien) und ist international auf f\u00fcnf Kontinenten vertreten.Das Ziel der vorliegenden Richtlinie ist es, die Grunds\u00e4tze [&hellip;]","og_url":"https:\/\/erumgroup.com\/de\/politica-de-medio-ambiente\/","og_site_name":"Erum","article_publisher":"https:\/\/www.facebook.com\/plasticoserum\/","article_modified_time":"2026-04-14T11:58:44+00:00","twitter_card":"summary_large_image","twitter_site":"@Erumgroup","twitter_misc":{"Gesch\u00e4tzte Lesezeit":"4\u00a0Minuten"},"schema":{"@context":"https:\/\/schema.org","@graph":[{"@type":"WebPage","@id":"https:\/\/erumgroup.com\/de\/politica-de-medio-ambiente\/","url":"https:\/\/erumgroup.com\/de\/politica-de-medio-ambiente\/","name":"Umweltpolitik - Erum","isPartOf":{"@id":"https:\/\/erumgroup.com\/de\/#website"},"datePublished":"2026-02-16T12:59:40+00:00","dateModified":"2026-04-14T11:58:44+00:00","breadcrumb":{"@id":"https:\/\/erumgroup.com\/de\/politica-de-medio-ambiente\/#breadcrumb"},"inLanguage":"de","potentialAction":[{"@type":"ReadAction","target":["https:\/\/erumgroup.com\/de\/politica-de-medio-ambiente\/"]}]},{"@type":"BreadcrumbList","@id":"https:\/\/erumgroup.com\/de\/politica-de-medio-ambiente\/#breadcrumb","itemListElement":[{"@type":"ListItem","position":1,"name":"Portada","item":"https:\/\/erumgroup.com\/de\/home\/"},{"@type":"ListItem","position":2,"name":"Umweltpolitik"}]},{"@type":"WebSite","@id":"https:\/\/erumgroup.com\/de\/#website","url":"https:\/\/erumgroup.com\/de\/","name":"Erum","description":"","publisher":{"@id":"https:\/\/erumgroup.com\/de\/#organization"},"potentialAction":[{"@type":"SearchAction","target":{"@type":"EntryPoint","urlTemplate":"https:\/\/erumgroup.com\/de\/?s={search_term_string}"},"query-input":{"@type":"PropertyValueSpecification","valueRequired":true,"valueName":"search_term_string"}}],"inLanguage":"de"},{"@type":"Organization","@id":"https:\/\/erumgroup.com\/de\/#organization","name":"Erum","url":"https:\/\/erumgroup.com\/de\/","logo":{"@type":"ImageObject","inLanguage":"de","@id":"https:\/\/erumgroup.com\/de\/#\/schema\/logo\/image\/","url":"https:\/\/erumgroup.com\/wp-content\/uploads\/2026\/02\/erum_og.jpg","contentUrl":"https:\/\/erumgroup.com\/wp-content\/uploads\/2026\/02\/erum_og.jpg","width":200,"height":200,"caption":"Erum"},"image":{"@id":"https:\/\/erumgroup.com\/de\/#\/schema\/logo\/image\/"},"sameAs":["https:\/\/www.facebook.com\/plasticoserum\/","https:\/\/x.com\/Erumgroup","https:\/\/www.linkedin.com\/company\/erumgroup\/","https:\/\/www.instagram.com\/erumgroup\/"]}]}},"_links":{"self":[{"href":"https:\/\/erumgroup.com\/de\/wp-json\/wp\/v2\/pages\/7510","targetHints":{"allow":["GET"]}}],"collection":[{"href":"https:\/\/erumgroup.com\/de\/wp-json\/wp\/v2\/pages"}],"about":[{"href":"https:\/\/erumgroup.com\/de\/wp-json\/wp\/v2\/types\/page"}],"author":[{"embeddable":true,"href":"https:\/\/erumgroup.com\/de\/wp-json\/wp\/v2\/users\/3"}],"replies":[{"embeddable":true,"href":"https:\/\/erumgroup.com\/de\/wp-json\/wp\/v2\/comments?post=7510"}],"version-history":[{"count":1,"href":"https:\/\/erumgroup.com\/de\/wp-json\/wp\/v2\/pages\/7510\/revisions"}],"predecessor-version":[{"id":7511,"href":"https:\/\/erumgroup.com\/de\/wp-json\/wp\/v2\/pages\/7510\/revisions\/7511"}],"wp:attachment":[{"href":"https:\/\/erumgroup.com\/de\/wp-json\/wp\/v2\/media?parent=7510"}],"curies":[{"name":"wp","href":"https:\/\/api.w.org\/{rel}","templated":true}]}}