{"id":7535,"date":"2026-02-16T14:01:02","date_gmt":"2026-02-16T13:01:02","guid":{"rendered":"https:\/\/erumgroup.com\/politica-de-calidad\/"},"modified":"2026-04-14T16:45:04","modified_gmt":"2026-04-14T14:45:04","slug":"politica-de-calidad","status":"publish","type":"page","link":"https:\/\/erumgroup.com\/de\/politica-de-calidad\/","title":{"rendered":"Qualit\u00e4tspolitik"},"content":{"rendered":"\n<h1>QUALIT\u00c4TSPOLITIK<\/h1>\n<h2>1. ZIEL DER RICHTLINIE<\/h2>\n<p>Die Erum Gruppe (im Folgenden \u201eErum\u201c) ist eine Unternehmensgruppe, die sich haupts\u00e4chlich dem Design, dem Spritzguss und der Montage von Kunststoffteilen widmet, mit Sitz in Alcoy (Alicante, Spanien) und internationaler Pr\u00e4senz auf allen f\u00fcnf Kontinenten. Erum setzt auf die Verwertung von Abf\u00e4llen, die Reduzierung von Rohstoffen und die Bereitstellung umweltfreundlicher Dienstleistungen mit hohem Mehrwert f\u00fcr die Kunden, wodurch die Kreislaufwirtschaft gef\u00f6rdert wird. <\/p>\n<p>Im Folgenden werden die Aktivit\u00e4ten von Erum in ihren 4 Hauptgesch\u00e4ftsbereichen detaillierter beschrieben:<\/p>\n<ul>\n<li>Einzelhandel: Erum widmet sich dem Spritzguss von Kleiderb\u00fcgeln verschiedener Art mit einem nachhaltigen Ansatz. Dar\u00fcber hinaus f\u00fchrt das Unternehmen im Rahmen seiner Diversifizierungsstrategie und seines Engagements f\u00fcr die Kreislaufwirtschaft auch Prozesse zur Klassifizierung von Kleiderb\u00fcgeln durch, um diese wiederzuverwenden und unseren Produkten mehr Lebenszyklen zu erm\u00f6glichen (genannt RTS). <\/li>\n<li>Automobilbereich: Erum widmet sich auch der Herstellung von Fahrzeugen, Systemen oder Fahrzeugkomponenten. Im Automobilbereich wendet das Unternehmen h\u00f6chste Qualit\u00e4tsstandards und einen gro\u00dfen Pr\u00fcfstand f\u00fcr andere Produkte an, verbunden mit dem Streben nach Perfektion. Dies sind die Leitlinien, die die Exzellenz im Kunststoffspritzguss f\u00fcr die Automobilindustrie pr\u00e4gen. Erum ist f\u00fchrend in der Anwendung der neuesten Technologie bei Spritzguss- und Robotisierungsprozessen, was eine perfekte Oberfl\u00e4che jedes Teils in k\u00fcrzester Zeit gew\u00e4hrleistet.  <\/li>\n<li>Haushaltsbereich: Erum vertreibt und spritzgie\u00dft Kunststoffprodukte f\u00fcr den Haushalt.<\/li>\n<li>Lebensmittelverpackungsbereich: Erum ist Teil von ITC Packaging.<\/li>\n<\/ul>\n<p><strong>Ziel dieser Politik ist es, die Grunds\u00e4tze und Verpflichtungen festzulegen, die in Bezug auf die Qualit\u00e4t sowohl in der eigenen T\u00e4tigkeit als auch in der Beziehung zu den Interessengruppen eingegangen werden.<\/strong><\/p>\n<h2>2. GELTUNGSBEREICH DER POLITIK<\/h2>\n<p>Diese Politik gilt f\u00fcr die folgenden Unternehmen der <strong>Erum Gruppe<\/strong><\/p>\n<h2>3. UMSETZUNG DIESER POLITIK<\/h2>\n<p>Die Unternehmensleitung hat die Verantwortung f\u00fcr die reibungslose und effektive Umsetzung dieser Politik dem Betriebsleiter und der Nachhaltigkeitsdirektorin \u00fcbertragen, die daf\u00fcr verantwortlich sind, alles zu tun, um die effektive Umsetzung dieser Politik zu gew\u00e4hrleisten.<\/p>\n<h2>4. DAS ENGAGEMENT DER GRUPPE F\u00dcR QUALIT\u00c4T<\/h2>\n<p>Die Erum Gruppe betrachtet im Rahmen ihrer Aktivit\u00e4ten im Design, Spritzguss und der Montage von Kunststoffteilen sowie der Herstellung von Hilfskomponenten f\u00fcr den Automobilsektor die Konzentration ihrer Anstrengungen auf die Erreichung eines Gesch\u00e4ftsmodells, das auf der Qualit\u00e4t und Exzellenz der Produkte und Dienstleistungen basiert, als vorrangig. Wir setzen uns stets f\u00fcr kontinuierliche Verbesserung und Wettbewerbsf\u00e4higkeit in unserer Branche ein, f\u00fcr unsere Verantwortung gegen\u00fcber Kunden und Mitarbeitern und f\u00fcr das Gleichgewicht, das wir mit der Umwelt und der Nachhaltigkeit aufrechterhalten m\u00fcssen.<br\/>Daher sind die Prinzipien, auf denen unsere Philosophie, Kultur, Werte und Unternehmensvision basieren, auf die F\u00fcrsorge f\u00fcr unsere Mitarbeiter, die Gesellschaft, die nachhaltige Entwicklung und die Zirkularit\u00e4t unserer Aktivit\u00e4ten und Prozesse von ihrer Konzeption an sowie auf das Engagement f\u00fcr die Qualit\u00e4t unserer sozialen und \u00f6kologischen Ma\u00dfnahmen ausgerichtet.<br\/>Erum verf\u00fcgt \u00fcber ein Qualit\u00e4tsmanagementsystem, das auf dieser Unternehmenspolitik basiert. Dieses System ist ein lebendiges und sich st\u00e4ndig weiterentwickelndes System, das es uns erm\u00f6glicht, mit den neuesten Markttrends Schritt zu halten.  <\/p>\n<p>So \u00fcbernehmen wir bei Erum die folgenden Qualit\u00e4tsprinzipien:<\/p>\n<ul>\n<li>Entwicklung von Produkten mit h\u00f6chsten Qualit\u00e4tsstandards, sowohl in der Herstellung als auch in der sp\u00e4teren Nutzung durch die Kunden und der Recycelbarkeit der Materialien, aus denen unsere Produkte bestehen, weshalb wir den Schwerpunkt auf \u00d6kodesign legen.<\/li>\n<li>Kontinuierliche Innovation als Motor f\u00fcr Wachstum und Verbesserung unserer Produkte und Dienstleistungen beibehalten.<\/li>\n<li>Detailliertes Wissen \u00fcber die Erwartungen und Bed\u00fcrfnisse unserer Kunden sowie die relevanten Anforderungen der relevanten Interessengruppen f\u00fcr das integrierte Qualit\u00e4tsmanagementsystem erlangen.<\/li>\n<li>Einen flie\u00dfenden Dialog mit den Mitarbeitern aller Bereiche etablieren, um M\u00f6glichkeiten f\u00fcr Fortschritt und Verbesserung sowohl in unseren industriellen Prozessen als auch in den Endprodukten und Dienstleistungen zu identifizieren.<\/li>\n<li>Wir haben es uns zur Priorit\u00e4t gemacht, sicherzustellen, dass unsere hergestellten Produkte oder Ger\u00e4te ihren g\u00fcltigen Zertifikaten entsprechen und dem neuesten legislativen Stand entsprechen.<\/li>\n<\/ul>\n<h2>5. KOMMUNIKATION DER POLITIK<\/h2>\n<p>Gem\u00e4\u00df dieser Politik werden alle betroffenen Mitarbeiter \u00fcber die relevanten Richtlinien \u00fcber die von der Gesellschaft etablierten Kan\u00e4le und Prozesse informiert.<\/p>\n<h2>6. WERTE UND VERPFLICHTUNGEN VON ERUM<\/h2>\n<p><strong>FREUNDSCHAFT<\/strong><\/p>\n<p>Die Arbeit des gesamten Teams, um sich in den Kunden einzuf\u00fchlen.<br\/>Alle Familien, die Erum bilden, bem\u00fchen sich, unsere Kunden zu verstehen und ihnen zu helfen, ihre Ziele zu erreichen. F\u00fcr uns werden alle Personen einer Organisation ber\u00fccksichtigt. <\/p>\n<p><strong>NEUGIER<\/strong><\/p>\n<p>Wir schauen uns andere Bereiche an.<br\/>Es geht darum, neue Welten zu erkunden, unsere Komfortzone zu verlassen, um Fakten mit den W\u00fcnschen der Kunden zu verbinden.<br\/>Der Wunsch nach Verbesserung ist nichts anderes als unsere Ablehnung des Konformismus und die st\u00e4ndige Suche nach unseren eigenen Grenzen und die Forderung, diese t\u00e4glich zu \u00fcberwinden.<\/p>\n<p><strong>HARMONIE<\/strong><\/p>\n<p>Die Welt ins Gleichgewicht bringen.<br\/>Erum bringt Harmonie in die Gesellschaft, indem es die erzielten Gewinne zur\u00fcckgibt.<br\/>Wir tragen zur \u00f6kologischen Nachhaltigkeit bei und arbeiten an der Verbesserung des Wohlbefindens durch soziale und \u00f6kologische Politiken, um ein besseres Erbe weltweit zu hinterlassen.<\/p>\n<p><strong>VISION\u00c4RE<\/strong><\/p>\n<p>Wir interpretieren die Zukunft.<br\/>Wir sind leidenschaftlich daran interessiert, die Bewegungen in der Welt, in der wir leben, zu antizipieren, und wir lieben es, uns ins Unbekannte zu wagen, um zu lernen und die Herausforderungen zu meistern, die unsere Neugier stellt.<\/p>\n<p><strong>KREATIVIT\u00c4T<\/strong><\/p>\n<p>Schaffen, um voranzukommen<br\/>Wege finden, um traditionelle Methoden zu hinterfragen, mit dem Ziel, den Weg des Fortschritts zu ebnen und Spuren unserer Herausforderung in jedem der Sektoren zu hinterlassen, in denen wir t\u00e4tig sind.<\/p>\n<p>Zus\u00e4tzlich zu unseren Werten haben wir bei Erum ein globales 360\u00b0-Engagement, das sich auf vier Schl\u00fcsselbereiche konzentriert:<\/p>\n<p>o Engagement f\u00fcr Design<br\/>o Engagement f\u00fcr Nachhaltigkeit.<br\/>o Engagement f\u00fcr Service.<br\/>o Engagement f\u00fcr Qualit\u00e4t.<\/p>\n<h2>7. \u00dcBERWACHUNG UND KONTROLLE<\/h2>\n<p>Diese Politik wird j\u00e4hrlich von der Nachhaltigkeitsabteilung des Erum-Hauptsitzes und der Betriebsleitung des Erum-Hauptsitzes (HQ) \u00fcberpr\u00fcft, um sicherzustellen, dass sie weiterhin den h\u00f6chsten Unternehmensstandards sowie den Markttrends und Best Practices entspricht.<\/p>\n","protected":false},"excerpt":{"rendered":"<p>QUALIT\u00c4TSPOLITIK 1. ZIEL DER RICHTLINIE Die Erum Gruppe (im Folgenden \u201eErum\u201c) ist eine Unternehmensgruppe, die sich haupts\u00e4chlich dem Design, dem Spritzguss und der Montage von Kunststoffteilen widmet, mit Sitz in Alcoy (Alicante, Spanien) und internationaler Pr\u00e4senz auf allen f\u00fcnf Kontinenten. Erum setzt auf die Verwertung von Abf\u00e4llen, die Reduzierung von Rohstoffen und die Bereitstellung umweltfreundlicher [&hellip;]<\/p>\n","protected":false},"author":3,"featured_media":0,"parent":0,"menu_order":0,"comment_status":"closed","ping_status":"closed","template":"","meta":{"_acf_changed":false,"footnotes":""},"class_list":["post-7535","page","type-page","status-publish","hentry"],"acf":[],"yoast_head":"<!-- This site is optimized with the Yoast SEO plugin v27.3 - https:\/\/yoast.com\/product\/yoast-seo-wordpress\/ -->\n<title>Qualit\u00e4tspolitik - Erum<\/title>\n<meta name=\"robots\" content=\"noindex, nofollow\" \/>\n<meta property=\"og:locale\" content=\"de_DE\" \/>\n<meta property=\"og:type\" content=\"article\" \/>\n<meta property=\"og:title\" content=\"Qualit\u00e4tspolitik - Erum\" \/>\n<meta property=\"og:description\" content=\"QUALIT\u00c4TSPOLITIK 1. ZIEL DER RICHTLINIE Die Erum Gruppe (im Folgenden \u201eErum\u201c) ist eine Unternehmensgruppe, die sich haupts\u00e4chlich dem Design, dem Spritzguss und der Montage von Kunststoffteilen widmet, mit Sitz in Alcoy (Alicante, Spanien) und internationaler Pr\u00e4senz auf allen f\u00fcnf Kontinenten. Erum setzt auf die Verwertung von Abf\u00e4llen, die Reduzierung von Rohstoffen und die Bereitstellung umweltfreundlicher [&hellip;]\" \/>\n<meta property=\"og:url\" content=\"https:\/\/erumgroup.com\/de\/politica-de-calidad\/\" \/>\n<meta property=\"og:site_name\" content=\"Erum\" \/>\n<meta property=\"article:publisher\" content=\"https:\/\/www.facebook.com\/plasticoserum\/\" \/>\n<meta property=\"article:modified_time\" content=\"2026-04-14T14:45:04+00:00\" \/>\n<meta name=\"twitter:card\" content=\"summary_large_image\" \/>\n<meta name=\"twitter:site\" content=\"@Erumgroup\" \/>\n<meta name=\"twitter:label1\" content=\"Gesch\u00e4tzte Lesezeit\" \/>\n\t<meta name=\"twitter:data1\" content=\"5\u00a0Minuten\" \/>\n<script type=\"application\/ld+json\" class=\"yoast-schema-graph\">{\"@context\":\"https:\\\/\\\/schema.org\",\"@graph\":[{\"@type\":\"WebPage\",\"@id\":\"https:\\\/\\\/erumgroup.com\\\/de\\\/politica-de-calidad\\\/\",\"url\":\"https:\\\/\\\/erumgroup.com\\\/de\\\/politica-de-calidad\\\/\",\"name\":\"Qualit\u00e4tspolitik - Erum\",\"isPartOf\":{\"@id\":\"https:\\\/\\\/erumgroup.com\\\/de\\\/#website\"},\"datePublished\":\"2026-02-16T13:01:02+00:00\",\"dateModified\":\"2026-04-14T14:45:04+00:00\",\"breadcrumb\":{\"@id\":\"https:\\\/\\\/erumgroup.com\\\/de\\\/politica-de-calidad\\\/#breadcrumb\"},\"inLanguage\":\"de\",\"potentialAction\":[{\"@type\":\"ReadAction\",\"target\":[\"https:\\\/\\\/erumgroup.com\\\/de\\\/politica-de-calidad\\\/\"]}]},{\"@type\":\"BreadcrumbList\",\"@id\":\"https:\\\/\\\/erumgroup.com\\\/de\\\/politica-de-calidad\\\/#breadcrumb\",\"itemListElement\":[{\"@type\":\"ListItem\",\"position\":1,\"name\":\"Portada\",\"item\":\"https:\\\/\\\/erumgroup.com\\\/de\\\/home\\\/\"},{\"@type\":\"ListItem\",\"position\":2,\"name\":\"Qualit\u00e4tspolitik\"}]},{\"@type\":\"WebSite\",\"@id\":\"https:\\\/\\\/erumgroup.com\\\/de\\\/#website\",\"url\":\"https:\\\/\\\/erumgroup.com\\\/de\\\/\",\"name\":\"Erum\",\"description\":\"\",\"publisher\":{\"@id\":\"https:\\\/\\\/erumgroup.com\\\/de\\\/#organization\"},\"potentialAction\":[{\"@type\":\"SearchAction\",\"target\":{\"@type\":\"EntryPoint\",\"urlTemplate\":\"https:\\\/\\\/erumgroup.com\\\/de\\\/?s={search_term_string}\"},\"query-input\":{\"@type\":\"PropertyValueSpecification\",\"valueRequired\":true,\"valueName\":\"search_term_string\"}}],\"inLanguage\":\"de\"},{\"@type\":\"Organization\",\"@id\":\"https:\\\/\\\/erumgroup.com\\\/de\\\/#organization\",\"name\":\"Erum\",\"url\":\"https:\\\/\\\/erumgroup.com\\\/de\\\/\",\"logo\":{\"@type\":\"ImageObject\",\"inLanguage\":\"de\",\"@id\":\"https:\\\/\\\/erumgroup.com\\\/de\\\/#\\\/schema\\\/logo\\\/image\\\/\",\"url\":\"https:\\\/\\\/erumgroup.com\\\/wp-content\\\/uploads\\\/2026\\\/02\\\/erum_og.jpg\",\"contentUrl\":\"https:\\\/\\\/erumgroup.com\\\/wp-content\\\/uploads\\\/2026\\\/02\\\/erum_og.jpg\",\"width\":200,\"height\":200,\"caption\":\"Erum\"},\"image\":{\"@id\":\"https:\\\/\\\/erumgroup.com\\\/de\\\/#\\\/schema\\\/logo\\\/image\\\/\"},\"sameAs\":[\"https:\\\/\\\/www.facebook.com\\\/plasticoserum\\\/\",\"https:\\\/\\\/x.com\\\/Erumgroup\",\"https:\\\/\\\/www.linkedin.com\\\/company\\\/erumgroup\\\/\",\"https:\\\/\\\/www.instagram.com\\\/erumgroup\\\/\"]}]}<\/script>\n<!-- \/ Yoast SEO plugin. -->","yoast_head_json":{"title":"Qualit\u00e4tspolitik - Erum","robots":{"index":"noindex","follow":"nofollow"},"og_locale":"de_DE","og_type":"article","og_title":"Qualit\u00e4tspolitik - Erum","og_description":"QUALIT\u00c4TSPOLITIK 1. ZIEL DER RICHTLINIE Die Erum Gruppe (im Folgenden \u201eErum\u201c) ist eine Unternehmensgruppe, die sich haupts\u00e4chlich dem Design, dem Spritzguss und der Montage von Kunststoffteilen widmet, mit Sitz in Alcoy (Alicante, Spanien) und internationaler Pr\u00e4senz auf allen f\u00fcnf Kontinenten. Erum setzt auf die Verwertung von Abf\u00e4llen, die Reduzierung von Rohstoffen und die Bereitstellung umweltfreundlicher [&hellip;]","og_url":"https:\/\/erumgroup.com\/de\/politica-de-calidad\/","og_site_name":"Erum","article_publisher":"https:\/\/www.facebook.com\/plasticoserum\/","article_modified_time":"2026-04-14T14:45:04+00:00","twitter_card":"summary_large_image","twitter_site":"@Erumgroup","twitter_misc":{"Gesch\u00e4tzte Lesezeit":"5\u00a0Minuten"},"schema":{"@context":"https:\/\/schema.org","@graph":[{"@type":"WebPage","@id":"https:\/\/erumgroup.com\/de\/politica-de-calidad\/","url":"https:\/\/erumgroup.com\/de\/politica-de-calidad\/","name":"Qualit\u00e4tspolitik - Erum","isPartOf":{"@id":"https:\/\/erumgroup.com\/de\/#website"},"datePublished":"2026-02-16T13:01:02+00:00","dateModified":"2026-04-14T14:45:04+00:00","breadcrumb":{"@id":"https:\/\/erumgroup.com\/de\/politica-de-calidad\/#breadcrumb"},"inLanguage":"de","potentialAction":[{"@type":"ReadAction","target":["https:\/\/erumgroup.com\/de\/politica-de-calidad\/"]}]},{"@type":"BreadcrumbList","@id":"https:\/\/erumgroup.com\/de\/politica-de-calidad\/#breadcrumb","itemListElement":[{"@type":"ListItem","position":1,"name":"Portada","item":"https:\/\/erumgroup.com\/de\/home\/"},{"@type":"ListItem","position":2,"name":"Qualit\u00e4tspolitik"}]},{"@type":"WebSite","@id":"https:\/\/erumgroup.com\/de\/#website","url":"https:\/\/erumgroup.com\/de\/","name":"Erum","description":"","publisher":{"@id":"https:\/\/erumgroup.com\/de\/#organization"},"potentialAction":[{"@type":"SearchAction","target":{"@type":"EntryPoint","urlTemplate":"https:\/\/erumgroup.com\/de\/?s={search_term_string}"},"query-input":{"@type":"PropertyValueSpecification","valueRequired":true,"valueName":"search_term_string"}}],"inLanguage":"de"},{"@type":"Organization","@id":"https:\/\/erumgroup.com\/de\/#organization","name":"Erum","url":"https:\/\/erumgroup.com\/de\/","logo":{"@type":"ImageObject","inLanguage":"de","@id":"https:\/\/erumgroup.com\/de\/#\/schema\/logo\/image\/","url":"https:\/\/erumgroup.com\/wp-content\/uploads\/2026\/02\/erum_og.jpg","contentUrl":"https:\/\/erumgroup.com\/wp-content\/uploads\/2026\/02\/erum_og.jpg","width":200,"height":200,"caption":"Erum"},"image":{"@id":"https:\/\/erumgroup.com\/de\/#\/schema\/logo\/image\/"},"sameAs":["https:\/\/www.facebook.com\/plasticoserum\/","https:\/\/x.com\/Erumgroup","https:\/\/www.linkedin.com\/company\/erumgroup\/","https:\/\/www.instagram.com\/erumgroup\/"]}]}},"_links":{"self":[{"href":"https:\/\/erumgroup.com\/de\/wp-json\/wp\/v2\/pages\/7535","targetHints":{"allow":["GET"]}}],"collection":[{"href":"https:\/\/erumgroup.com\/de\/wp-json\/wp\/v2\/pages"}],"about":[{"href":"https:\/\/erumgroup.com\/de\/wp-json\/wp\/v2\/types\/page"}],"author":[{"embeddable":true,"href":"https:\/\/erumgroup.com\/de\/wp-json\/wp\/v2\/users\/3"}],"replies":[{"embeddable":true,"href":"https:\/\/erumgroup.com\/de\/wp-json\/wp\/v2\/comments?post=7535"}],"version-history":[{"count":1,"href":"https:\/\/erumgroup.com\/de\/wp-json\/wp\/v2\/pages\/7535\/revisions"}],"predecessor-version":[{"id":7536,"href":"https:\/\/erumgroup.com\/de\/wp-json\/wp\/v2\/pages\/7535\/revisions\/7536"}],"wp:attachment":[{"href":"https:\/\/erumgroup.com\/de\/wp-json\/wp\/v2\/media?parent=7535"}],"curies":[{"name":"wp","href":"https:\/\/api.w.org\/{rel}","templated":true}]}}