{"id":4004,"date":"2026-03-26T13:52:56","date_gmt":"2026-03-26T12:52:56","guid":{"rendered":"https:\/\/erumgroup.com\/?page_id=4004"},"modified":"2026-03-26T13:56:10","modified_gmt":"2026-03-26T12:56:10","slug":"legal-matters","status":"publish","type":"page","link":"https:\/\/erumgroup.com\/en\/legal-matters\/","title":{"rendered":"Legal matters"},"content":{"rendered":"\n<h1 class=\"wp-block-heading\">Legal matters<\/h1>\n\n\n\n<h2 class=\"wp-block-heading\">GENERAL ASPECTS LEGAL NOTICE<\/h2>\n\n\n\n<p>Carefully read the following legal notice regarding the website of Pl\u00e1sticos Erum, SL:<\/p>\n\n\n\n<h3 class=\"wp-block-heading\">Identifying data of the Information Society Service Provider<\/h3>\n\n\n\n<p>In compliance with article 10 of Law 34\/2002, of July 11, on Services of the Information Society and Electronic Commerce.<br>This portal is owned by: Pl\u00e1sticos Erum, SL with CIF: B03083771<br>Address: Alcoy (Alicante), Partida de Sant Benet Baix, Pol\u00edgono Industrial El Cl\u00e9rigo, Parcela 2-A, CP 03802, Apdo. Correos 289.<br>Phone: 965330817<br>Internet: https:\/\/erumgroup.com\/<br>E-mail: erum@erumgroup.com<\/p>\n\n\n\n<h3 class=\"wp-block-heading\">Acceptance and validity of the general and particular conditions<\/h3>\n\n\n\n<p>Both the navigation and the use and \/ or order of any of the products offered on this website attributes to you the condition of User and implies your full and unreserved acceptance of each and every one of the General Conditions and, in their case, individuals in force at the time that you as a User access the Web page.<br>The Company reserves the right to unilaterally expand and modify, at any time and without prior notice, the presentation, configuration and content of the website, as well as temporarily suspend the presentation, configuration, technical specifications and services of the website, of the same way.<\/p>\n","protected":false},"excerpt":{"rendered":"<p>Legal matters GENERAL ASPECTS LEGAL NOTICE Carefully read the following legal notice regarding the website of Pl\u00e1sticos Erum, SL: Identifying data of the Information Society Service Provider In compliance with article 10 of Law 34\/2002, of July 11, on Services of the Information Society and Electronic Commerce.This portal is owned by: Pl\u00e1sticos Erum, SL with [&hellip;]<\/p>\n","protected":false},"author":3,"featured_media":0,"parent":0,"menu_order":0,"comment_status":"closed","ping_status":"closed","template":"","meta":{"_acf_changed":false,"footnotes":""},"class_list":["post-4004","page","type-page","status-publish","hentry"],"acf":[],"yoast_head":"<!-- This site is optimized with the Yoast SEO plugin v27.3 - https:\/\/yoast.com\/product\/yoast-seo-wordpress\/ -->\n<title>Legal matters - Erum<\/title>\n<meta name=\"robots\" content=\"noindex, nofollow\" \/>\n<meta property=\"og:locale\" content=\"en_US\" \/>\n<meta property=\"og:type\" content=\"article\" \/>\n<meta property=\"og:title\" content=\"Legal matters - Erum\" \/>\n<meta property=\"og:description\" content=\"Legal matters GENERAL ASPECTS LEGAL NOTICE Carefully read the following legal notice regarding the website of Pl\u00e1sticos Erum, SL: Identifying data of the Information Society Service Provider In compliance with article 10 of Law 34\/2002, of July 11, on Services of the Information Society and Electronic Commerce.This portal is owned by: Pl\u00e1sticos Erum, SL with [&hellip;]\" \/>\n<meta property=\"og:url\" content=\"https:\/\/erumgroup.com\/en\/legal-matters\/\" \/>\n<meta property=\"og:site_name\" content=\"Erum\" \/>\n<meta property=\"article:publisher\" content=\"https:\/\/www.facebook.com\/plasticoserum\/\" \/>\n<meta property=\"article:modified_time\" content=\"2026-03-26T12:56:10+00:00\" \/>\n<meta name=\"twitter:card\" content=\"summary_large_image\" \/>\n<meta name=\"twitter:site\" content=\"@Erumgroup\" \/>\n<meta name=\"twitter:label1\" content=\"Est. reading time\" \/>\n\t<meta name=\"twitter:data1\" content=\"1 minute\" \/>\n<script type=\"application\/ld+json\" class=\"yoast-schema-graph\">{\"@context\":\"https:\\\/\\\/schema.org\",\"@graph\":[{\"@type\":\"WebPage\",\"@id\":\"https:\\\/\\\/erumgroup.com\\\/en\\\/legal-matters\\\/\",\"url\":\"https:\\\/\\\/erumgroup.com\\\/en\\\/legal-matters\\\/\",\"name\":\"Legal matters - Erum\",\"isPartOf\":{\"@id\":\"https:\\\/\\\/erumgroup.com\\\/en\\\/#website\"},\"datePublished\":\"2026-03-26T12:52:56+00:00\",\"dateModified\":\"2026-03-26T12:56:10+00:00\",\"breadcrumb\":{\"@id\":\"https:\\\/\\\/erumgroup.com\\\/en\\\/legal-matters\\\/#breadcrumb\"},\"inLanguage\":\"en-US\",\"potentialAction\":[{\"@type\":\"ReadAction\",\"target\":[\"https:\\\/\\\/erumgroup.com\\\/en\\\/legal-matters\\\/\"]}]},{\"@type\":\"BreadcrumbList\",\"@id\":\"https:\\\/\\\/erumgroup.com\\\/en\\\/legal-matters\\\/#breadcrumb\",\"itemListElement\":[{\"@type\":\"ListItem\",\"position\":1,\"name\":\"Portada\",\"item\":\"https:\\\/\\\/erumgroup.com\\\/en\\\/home\\\/\"},{\"@type\":\"ListItem\",\"position\":2,\"name\":\"Legal matters\"}]},{\"@type\":\"WebSite\",\"@id\":\"https:\\\/\\\/erumgroup.com\\\/en\\\/#website\",\"url\":\"https:\\\/\\\/erumgroup.com\\\/en\\\/\",\"name\":\"Erum\",\"description\":\"\",\"publisher\":{\"@id\":\"https:\\\/\\\/erumgroup.com\\\/en\\\/#organization\"},\"potentialAction\":[{\"@type\":\"SearchAction\",\"target\":{\"@type\":\"EntryPoint\",\"urlTemplate\":\"https:\\\/\\\/erumgroup.com\\\/en\\\/?s={search_term_string}\"},\"query-input\":{\"@type\":\"PropertyValueSpecification\",\"valueRequired\":true,\"valueName\":\"search_term_string\"}}],\"inLanguage\":\"en-US\"},{\"@type\":\"Organization\",\"@id\":\"https:\\\/\\\/erumgroup.com\\\/en\\\/#organization\",\"name\":\"Erum\",\"url\":\"https:\\\/\\\/erumgroup.com\\\/en\\\/\",\"logo\":{\"@type\":\"ImageObject\",\"inLanguage\":\"en-US\",\"@id\":\"https:\\\/\\\/erumgroup.com\\\/en\\\/#\\\/schema\\\/logo\\\/image\\\/\",\"url\":\"https:\\\/\\\/erumgroup.com\\\/wp-content\\\/uploads\\\/2026\\\/02\\\/erum_og.jpg\",\"contentUrl\":\"https:\\\/\\\/erumgroup.com\\\/wp-content\\\/uploads\\\/2026\\\/02\\\/erum_og.jpg\",\"width\":200,\"height\":200,\"caption\":\"Erum\"},\"image\":{\"@id\":\"https:\\\/\\\/erumgroup.com\\\/en\\\/#\\\/schema\\\/logo\\\/image\\\/\"},\"sameAs\":[\"https:\\\/\\\/www.facebook.com\\\/plasticoserum\\\/\",\"https:\\\/\\\/x.com\\\/Erumgroup\",\"https:\\\/\\\/www.linkedin.com\\\/company\\\/erumgroup\\\/\",\"https:\\\/\\\/www.instagram.com\\\/erumgroup\\\/\"]}]}<\/script>\n<!-- \/ Yoast SEO plugin. -->","yoast_head_json":{"title":"Legal matters - Erum","robots":{"index":"noindex","follow":"nofollow"},"og_locale":"en_US","og_type":"article","og_title":"Legal matters - Erum","og_description":"Legal matters GENERAL ASPECTS LEGAL NOTICE Carefully read the following legal notice regarding the website of Pl\u00e1sticos Erum, SL: Identifying data of the Information Society Service Provider In compliance with article 10 of Law 34\/2002, of July 11, on Services of the Information Society and Electronic Commerce.This portal is owned by: Pl\u00e1sticos Erum, SL with [&hellip;]","og_url":"https:\/\/erumgroup.com\/en\/legal-matters\/","og_site_name":"Erum","article_publisher":"https:\/\/www.facebook.com\/plasticoserum\/","article_modified_time":"2026-03-26T12:56:10+00:00","twitter_card":"summary_large_image","twitter_site":"@Erumgroup","twitter_misc":{"Est. reading time":"1 minute"},"schema":{"@context":"https:\/\/schema.org","@graph":[{"@type":"WebPage","@id":"https:\/\/erumgroup.com\/en\/legal-matters\/","url":"https:\/\/erumgroup.com\/en\/legal-matters\/","name":"Legal matters - Erum","isPartOf":{"@id":"https:\/\/erumgroup.com\/en\/#website"},"datePublished":"2026-03-26T12:52:56+00:00","dateModified":"2026-03-26T12:56:10+00:00","breadcrumb":{"@id":"https:\/\/erumgroup.com\/en\/legal-matters\/#breadcrumb"},"inLanguage":"en-US","potentialAction":[{"@type":"ReadAction","target":["https:\/\/erumgroup.com\/en\/legal-matters\/"]}]},{"@type":"BreadcrumbList","@id":"https:\/\/erumgroup.com\/en\/legal-matters\/#breadcrumb","itemListElement":[{"@type":"ListItem","position":1,"name":"Portada","item":"https:\/\/erumgroup.com\/en\/home\/"},{"@type":"ListItem","position":2,"name":"Legal matters"}]},{"@type":"WebSite","@id":"https:\/\/erumgroup.com\/en\/#website","url":"https:\/\/erumgroup.com\/en\/","name":"Erum","description":"","publisher":{"@id":"https:\/\/erumgroup.com\/en\/#organization"},"potentialAction":[{"@type":"SearchAction","target":{"@type":"EntryPoint","urlTemplate":"https:\/\/erumgroup.com\/en\/?s={search_term_string}"},"query-input":{"@type":"PropertyValueSpecification","valueRequired":true,"valueName":"search_term_string"}}],"inLanguage":"en-US"},{"@type":"Organization","@id":"https:\/\/erumgroup.com\/en\/#organization","name":"Erum","url":"https:\/\/erumgroup.com\/en\/","logo":{"@type":"ImageObject","inLanguage":"en-US","@id":"https:\/\/erumgroup.com\/en\/#\/schema\/logo\/image\/","url":"https:\/\/erumgroup.com\/wp-content\/uploads\/2026\/02\/erum_og.jpg","contentUrl":"https:\/\/erumgroup.com\/wp-content\/uploads\/2026\/02\/erum_og.jpg","width":200,"height":200,"caption":"Erum"},"image":{"@id":"https:\/\/erumgroup.com\/en\/#\/schema\/logo\/image\/"},"sameAs":["https:\/\/www.facebook.com\/plasticoserum\/","https:\/\/x.com\/Erumgroup","https:\/\/www.linkedin.com\/company\/erumgroup\/","https:\/\/www.instagram.com\/erumgroup\/"]}]}},"_links":{"self":[{"href":"https:\/\/erumgroup.com\/en\/wp-json\/wp\/v2\/pages\/4004","targetHints":{"allow":["GET"]}}],"collection":[{"href":"https:\/\/erumgroup.com\/en\/wp-json\/wp\/v2\/pages"}],"about":[{"href":"https:\/\/erumgroup.com\/en\/wp-json\/wp\/v2\/types\/page"}],"author":[{"embeddable":true,"href":"https:\/\/erumgroup.com\/en\/wp-json\/wp\/v2\/users\/3"}],"replies":[{"embeddable":true,"href":"https:\/\/erumgroup.com\/en\/wp-json\/wp\/v2\/comments?post=4004"}],"version-history":[{"count":1,"href":"https:\/\/erumgroup.com\/en\/wp-json\/wp\/v2\/pages\/4004\/revisions"}],"predecessor-version":[{"id":4006,"href":"https:\/\/erumgroup.com\/en\/wp-json\/wp\/v2\/pages\/4004\/revisions\/4006"}],"wp:attachment":[{"href":"https:\/\/erumgroup.com\/en\/wp-json\/wp\/v2\/media?parent=4004"}],"curies":[{"name":"wp","href":"https:\/\/api.w.org\/{rel}","templated":true}]}}