{"id":2721,"date":"2026-02-16T12:45:13","date_gmt":"2026-02-16T11:45:13","guid":{"rendered":"https:\/\/erumgroup.com\/politique-de-confidentialite\/"},"modified":"2026-03-26T13:57:31","modified_gmt":"2026-03-26T12:57:31","slug":"politique-de-confidentialite","status":"publish","type":"page","link":"https:\/\/erumgroup.com\/fr\/politique-de-confidentialite\/","title":{"rendered":"Politique de confidentialit\u00e9"},"content":{"rendered":"\n<h1 class=\"wp-block-heading\">Politique de confidentialit\u00e9<\/h1>\n\n\n\n<p>La Soci\u00e9t\u00e9 est particuli\u00e8rement consciente de la protection des donn\u00e9es personnelles des Utilisateurs des services du site. Par cette politique de confidentialit\u00e9 (ci-apr\u00e8s, la politique), la soci\u00e9t\u00e9 informe les UTILISATEURS des sites Web: <a href=\"https:\/\/erumgroup.com\/fr\/\">erumgroup.com<\/a> , des utilisations auxquelles les donn\u00e9es de caract\u00e8re sont soumises le personnel qui est collect\u00e9 sur le site Web, afin de d\u00e9cider, librement et volontairement, s\u2019il souhaite fournir les informations demand\u00e9es.<br>La Soci\u00e9t\u00e9 se r\u00e9serve le droit de modifier cette Politique afin de l\u2019adapter \u00e0 la nouvelle l\u00e9gislation, aux crit\u00e8res jurisprudentiels, aux pratiques sectorielles ou aux int\u00e9r\u00eats de l\u2019entit\u00e9. Toute modification y sera annonc\u00e9e \u00e0 l\u2019avance, afin que vous ayez une parfaite connaissance de son contenu.<\/p>\n\n\n\n<h2 class=\"wp-block-heading\">RESPONSABLE<\/h2>\n\n\n\n<p>Le responsable du traitement des donn\u00e9es personnelles est: \u00abPl\u00e1sticos Erum, SL\u00bb<br>Adresse professionnelle : Alcoy (Alicante), Partida de Sant Benet Baix, Pol\u00edgono Industrial El Cl\u00e9rigo, Parcela 2-A, CP 03802, Apdo. Correos 289.<br>T\u00e9l\u00e9phone: 965330817<br>Internet: https:\/\/erumgroup.com<br>Email:<a href=\"mailto:erum@erumgroup.com\">erum@erumgroup.com<\/a><\/p>\n\n\n\n<h2 class=\"wp-block-heading\">BUT DU TRAITEMENT<\/h2>\n\n\n\n<p>Les donn\u00e9es personnelles des membres sont trait\u00e9es par Pl\u00e1sticos Erum, SL. Le but de la collecte de ces donn\u00e9es consiste \u00e0:<br>Gestion des clients et fournisseurs de Pl\u00e1sticos Erum, SL.<br>Fourniture des services demand\u00e9s.<br>R\u00e9aliser des statistiques et des \u00e9tudes de march\u00e9.<br>Envoi de communications commerciales.<\/p>\n\n\n\n<h2 class=\"wp-block-heading\">P\u00c9RIODE DE CONSERVATION<\/h2>\n\n\n\n<p>Les donn\u00e9es personnelles fournies seront conserv\u00e9es pendant la p\u00e9riode correspondante afin de respecter les obligations l\u00e9gales, ou leur suppression est demand\u00e9e par l\u2019int\u00e9ress\u00e9 et il est en droit de le faire.<\/p>\n\n\n\n<h2 class=\"wp-block-heading\">L\u00c9GITIMATION<\/h2>\n\n\n\n<p>La Soci\u00e9t\u00e9 a droit au traitement des donn\u00e9es personnelles, sur la base du consentement accord\u00e9 par l\u2019int\u00e9ress\u00e9 pour une ou plusieurs finalit\u00e9s sp\u00e9cifiques, comme indiqu\u00e9 \u00e0 l\u2019article 6.1. a) du R\u00e8glement G\u00e9n\u00e9ral de Protection des Donn\u00e9es Personnelles.<br>Ce site Web comprend des hyperliens (liens) qui permettent au visiteur de se d\u00e9placer vers d\u2019autres pages. La Soci\u00e9t\u00e9 n\u2019assume aucune responsabilit\u00e9 concernant la politique de protection des donn\u00e9es qui pourrait y avoir \u00e9t\u00e9 adopt\u00e9e.<\/p>\n\n\n\n<h2 class=\"wp-block-heading\">B\u00c9N\u00c9FICIAIRES<\/h2>\n\n\n\n<p>La Soci\u00e9t\u00e9 ne c\u00e8de pas ses donn\u00e9es \u00e0 des tiers en g\u00e9n\u00e9ral, sauf dans les cas o\u00f9 cela est n\u00e9cessaire \u00e0 l\u2019organisation de certaines activit\u00e9s, ou \u00e0 la fourniture de services. Dans tous les cas, les cessions envisag\u00e9es sont r\u00e9gularis\u00e9es par la signature de contrats, et l\u2019entit\u00e9 cessionnaire ne peut pas utiliser les informations c\u00e9d\u00e9es \u00e0 d\u2019autres fins que celles \u00e9tablies par la Soci\u00e9t\u00e9.<\/p>\n\n\n\n<h2 class=\"wp-block-heading\">DROITS DES UTILISATEURS<\/h2>\n\n\n\n<p>L\u2019int\u00e9ress\u00e9 des donn\u00e9es personnelles, dans tous les cas, peut exercer les droits qui l\u2019assistent, conform\u00e9ment au RGPD, et qui sont:<br>Droit de demander l\u2019acc\u00e8s aux donn\u00e9es personnelles relatives \u00e0 l\u2019int\u00e9ress\u00e9<br>Droit de demander leur rectification ou suppression (droit de oubli)<br>Droit de demander la limitation de son traitement<br>Droit de s\u2019opposer au traitement<br>Droit \u00e0 la portabilit\u00e9 des donn\u00e9es<br>L\u2019int\u00e9ress\u00e9 peut exercer ces droits sur demande accompagn\u00e9e d\u2019une photocopie de sa pi\u00e8ce d\u2019identit\u00e9, et dans laquelle il pr\u00e9cisera laquelle de ces demandes est satisfaite, envoy\u00e9 \u00e0 l\u2019adresse postale: Alcoy (Alicante), Partida de Sant Benet Baix, Pol\u00edgono Industrial El Cl\u00e9rigo, Parcela 2-A, CP 03802, Apdo. Correos 289.<br>Ou aussi en envoyant cette demande \u00e0 l\u2019email suivant: erum@erumgroup.com.<\/p>\n\n\n\n<h2 class=\"wp-block-heading\">MESURE DE S\u00c9CURIT\u00c9<\/h2>\n\n\n\n<p>La personne responsable du traitement, Pl\u00e1sticos Erum, SL, appliquera les mesures techniques et organisationnelles appropri\u00e9es pour garantir un niveau de s\u00e9curit\u00e9 appropri\u00e9 au risque de celui-ci.<\/p>\n\n\n\n<h2 class=\"wp-block-heading\">UTILISATION DE COOKIES<\/h2>\n\n\n\n<p>Nous vous informons que notre serveur n\u2019utilise pas de cookies ou d\u2019autres proc\u00e9dures de collecte d\u2019informations invisibles, ne stockant aucun type de fichier sur votre ordinateur.<\/p>\n\n\n\n<h2 class=\"wp-block-heading\">CHANGEMENT DE R\u00c8GLEMENT<\/h2>\n\n\n\n<p>La Soci\u00e9t\u00e9 se r\u00e9serve le droit de modifier cette politique afin de l\u2019adapter \u00e0 la nouvelle l\u00e9gislation ou \u00e0 la jurisprudence, ainsi qu\u2019\u00e0 celles qui pourraient d\u00e9couler des codes standards existants en la mati\u00e8re ou pour des raisons d\u2019entreprise.<br>Ces changements seront communiqu\u00e9s aussi longtemps \u00e0 l\u2019avance que n\u00e9cessaire sur notre site Web, sans pr\u00e9judice de la revendication du consentement n\u00e9cessaire des personnes concern\u00e9es lorsqu\u2019il n\u2019est pas consid\u00e9r\u00e9 comme accord\u00e9 conform\u00e9ment aux termes de cette politique.<br>Pour tout doute, question ou commentaire que vous pourriez avoir au sujet de cette r\u00e9glementation, vous pouvez le consulter en orientant votre communication \u00e0 cet \u00e9gard vers erum@erumgroup.com.<\/p>\n\n\n\n<h2 class=\"wp-block-heading\">CONDITIONS GENERALES D\u2019UTILISATION DU SITE WEB<\/h2>\n\n\n\n<h3 class=\"wp-block-heading\">Obligations d\u2019utilisation<\/h3>\n\n\n\n<p>De mani\u00e8re g\u00e9n\u00e9rale, l\u2019Utilisateur s\u2019engage \u00e0 respecter ces conditions et conditions d\u2019utilisation, et \u00e0 toujours agir conform\u00e9ment \u00e0 la loi, aux bonnes m\u0153urs et aux exigences de bonne foi, en faisant preuve d\u2019une diligence raisonnable adapt\u00e9e \u00e0 la nature du service pour lequel il profiter et s\u2019abstenir d\u2019utiliser ce site Web de quelque mani\u00e8re que ce soit qui pourrait emp\u00eacher, endommager ou d\u00e9t\u00e9riorer le fonctionnement normal de celui-ci, les biens ou les droits du propri\u00e9taire (Pl\u00e1sticos Erum, SL), du reste des utilisateurs ou, en g\u00e9n\u00e9ral, de tout troisi\u00e8me.<br>En particulier, et sans impliquer aucune restriction sur l\u2019obligation assum\u00e9e par l\u2019Utilisateur en g\u00e9n\u00e9ral conform\u00e9ment \u00e0 la section pr\u00e9c\u00e9dente, l\u2019Utilisateur s\u2019engage, dans l\u2019utilisation de ce site Web \u00e0:<br>S\u2019ils sont fournis, l\u2019Utilisateur doit correctement sauvegarder le \u00abNom d\u2019utilisateur\u00bb et le \u00abMot de passe\u00bb fournis par Pl\u00e1sticos Erum, SL, comme \u00e9l\u00e9ments d\u2019identification et permettant l\u2019acc\u00e8s aux diff\u00e9rents services propos\u00e9s sur le site. web, en s\u2019engageant \u00e0 ne pas c\u00e9der leur utilisation ou \u00e0 en permettre l\u2019acc\u00e8s par des tiers, en assumant la responsabilit\u00e9 de tout dommage pouvant r\u00e9sulter d\u2019une mauvaise utilisation de ceux-ci.<br>Ne pas introduire, stocker ou diffuser sur ou \u00e0 partir du site Web, toute information ou mat\u00e9riel diffamatoire, calomnieux, obsc\u00e8ne, mena\u00e7ant, x\u00e9nophobe, incitant \u00e0 la violence \u00e0 la discrimination fond\u00e9e sur la race, le sexe, l\u2019id\u00e9ologie, la religion ou celle de tout la forme viole la moralit\u00e9, l\u2019ordre public, les droits fondamentaux, les libert\u00e9s publiques, l\u2019honneur, la vie priv\u00e9e ou l\u2019image de tiers et, en g\u00e9n\u00e9ral, viole la r\u00e9glementation espagnole en vigueur et celle de votre pays de r\u00e9sidence.<br>Ne pas introduire, stocker ou diffuser via le site Web tout programme informatique, donn\u00e9es, virus, code ou tout autre fichier susceptible de causer des dommages ou tout type d\u2019alt\u00e9ration sur le site Web, dans l\u2019un des services ou dans tout autre de l\u2019\u00e9quipement, des syst\u00e8mes ou des r\u00e9seaux de Pl\u00e1sticos Erum, SL, de tout Utilisateur, ou en g\u00e9n\u00e9ral de tout tiers, qui peuvent entraver leur fonctionnement normal.<br>Ne pas d\u00e9truire, modifier, utiliser pour son propre usage, d\u00e9sactiver ou endommager les donn\u00e9es, informations, programmes, documents \u00e9lectroniques ou, en g\u00e9n\u00e9ral, les fichiers, le nom de Pl\u00e1sticos Erum, SL, les utilisateurs ou des tiers.<br>La Soci\u00e9t\u00e9 peut, \u00e0 tout moment et sans pr\u00e9avis, modifier les pr\u00e9sentes Conditions G\u00e9n\u00e9rales, ainsi que les Conditions Particuli\u00e8res qui, le cas \u00e9ch\u00e9ant, sont incluses, en publiant lesdites modifications sur le site Internet afin qu\u2019elles soient connues par les utilisateurs.<\/p>\n\n\n\n<h3 class=\"wp-block-heading\">Clause de non-responsabilit\u00e9<\/h3>\n\n\n\n<p>La Soci\u00e9t\u00e9 n\u2019accorde aucune garantie et n\u2019est en aucun cas responsable des dommages de toute nature qui pourraient \u00eatre caus\u00e9s par:<br>En g\u00e9n\u00e9ral, concernant l\u2019utilisation inappropri\u00e9e de votre site Web. Les utilisateurs doivent en faire un bon usage, conform\u00e9ment aux conditions et modalit\u00e9s ci-dessus, sans que le propri\u00e9taire ne soit responsable d\u2019une mauvaise utilisation.<br>Concernant d\u2019\u00e9ventuelles lacunes techniques. La Soci\u00e9t\u00e9 ne sera en aucun cas responsable des modifications du service qui surviennent en raison de pannes du r\u00e9seau \u00e9lectrique, du r\u00e9seau de connexion de donn\u00e9es, du serveur ou de tout autre service.<br>Concernant l\u2019acc\u00e8s par des tiers \u00e0 votre syst\u00e8me. La Soci\u00e9t\u00e9 adoptera les pr\u00e9cautions techniques n\u00e9cessaires afin de prot\u00e9ger les donn\u00e9es et informations acc\u00e9d\u00e9es, mais sans \u00eatre responsable des agissements de tiers qui, en violant les mesures de s\u00e9curit\u00e9 \u00e9tablies, acc\u00e8dent aux donn\u00e9es susmentionn\u00e9es.<br>La Soci\u00e9t\u00e9 investit constamment dans des moyens technologiques qui tentent de minimiser le risque de virus et de logiciels similaires, et de contenu non autoris\u00e9 dans ses syst\u00e8mes d\u2019information. Malgr\u00e9 cela, l\u2019Utilisateur est conscient qu\u2019il doit adopter ses propres mesures visant \u00e0 minimiser les dommages caus\u00e9s par des logiciels non autoris\u00e9s, des virus, des chevaux de Troie et tout type de logiciel appel\u00e9 malware, exon\u00e9rant la Soci\u00e9t\u00e9 de toute responsabilit\u00e9 pouvant en d\u00e9couler du confinement des malwares dans les traitements activ\u00e9s sur ce site.<\/p>\n\n\n\n<h3 class=\"wp-block-heading\">Utilisation des hyperliens<\/h3>\n\n\n\n<p>L\u2019internaute qui souhaite introduire des liens depuis ses propres sites Internet vers le Site Internet doit se conformer aux conditions d\u00e9taill\u00e9es ci-dessous sans l\u2019ignorer en \u00e9vitant les responsabilit\u00e9s d\u00e9coulant de la Loi.<br>Le lien renverra uniquement \u00e0 la page d\u2019accueil ou \u00e0 la page principale de la page Web mais ne pourra en aucun cas la reproduire (liens en ligne, copie des textes, graphiques, etc.). Dans tous les cas, il sera interdit, conform\u00e9ment \u00e0 la l\u00e9gislation applicable et en vigueur \u00e0 tout moment, d\u2019\u00e9tablir des cadres ou des cadres de tout type entourant la page Web ou permettant la visualisation du contenu via des adresses Internet autres que celles de la page. Web et, dans tous les cas, lorsqu\u2019ils sont consult\u00e9s avec du contenu en dehors du site Web de telle mani\u00e8re que : (I) produit, ou peut produire, une erreur, une confusion ou une tromperie chez les utilisateurs sur la v\u00e9ritable origine du service ou du contenu ; (II) implique un acte de comparaison ou d\u2019imitation injuste ; (III) servir \u00e0 profiter de la r\u00e9putation de la marque et du prestige de Pl\u00e1sticos Erum, SL; ou (IV) de toute autre mani\u00e8re est interdite par la l\u00e9gislation en vigueur.<br>Aucune d\u00e9claration fausse, inexacte ou incorrecte ne sera faite \u00e0 partir de la page qui introduit le lien sur la Soci\u00e9t\u00e9, son adresse, ses employ\u00e9s, ses clients ou la qualit\u00e9 des services qu\u2019elle fournit.<br>En aucun cas, il ne sera exprim\u00e9 sur la page o\u00f9 se trouve le lien que la Soci\u00e9t\u00e9 a donn\u00e9 son consentement pour l\u2019insertion du lien ou qu\u2019elle parraine, collabore, v\u00e9rifie ou supervise les services de l\u2019exp\u00e9diteur.<br>L\u2019utilisation de tout mot, graphique ou marque mixte ou de tout autre signe distinctif de Pl\u00e1sticos Erum, SL dans la page de l\u2019exp\u00e9diteur est interdite sauf dans les cas autoris\u00e9s par la loi ou express\u00e9ment autoris\u00e9s par la Soci\u00e9t\u00e9 et chaque fois que cela est autoris\u00e9, dans ces cas, un lien direct vers le site Web de la mani\u00e8re \u00e9tablie dans cette clause.<br>La page qui \u00e9tablit le lien doit se conformer fid\u00e8lement \u00e0 la loi et ne peut en aucun cas avoir ou cr\u00e9er un lien avec son propre contenu ou celui de tiers qui: (I) sont ill\u00e9gaux, nuisibles ou contraires aux bonnes m\u0153urs et aux bonnes coutumes (pornographiques, violentes, racistes, etc.); (II) induire ou peut induire chez l\u2019utilisateur la fausse conception que la soci\u00e9t\u00e9 souscrit, approuve, adh\u00e8re ou soutient de quelque mani\u00e8re que ce soit les id\u00e9es, manifestations ou expressions, l\u00e9gales ou ill\u00e9gales, de l\u2019exp\u00e9diteur; (III) sont inappropri\u00e9s ou sans rapport avec l\u2019activit\u00e9 de l\u2019attention au lieu, au contenu et au th\u00e8me du site Web de l\u2019exp\u00e9diteur. De m\u00eame, l\u2019Utilisateur s\u2019abstiendra d\u2019inclure sur la page Web tout lien hypertexte (ci-apr\u00e8s, \u00ab lien \u00bb) dirig\u00e9 vers une page Web contenant des informations ou un contenu ill\u00e9gal, contraire aux bonnes m\u0153urs et aux bonnes m\u0153urs g\u00e9n\u00e9ralement accept\u00e9es, et \u00e0 l\u2019ordre public.<\/p>\n\n\n\n<h3 class=\"wp-block-heading\">Propri\u00e9t\u00e9 intellectuelle et industrielle<\/h3>\n\n\n\n<p>La structure, la conception et la forme de pr\u00e9sentation des \u00e9l\u00e9ments disponibles sur ce site (graphiques, images, photographies, \u00e9chantillons et mat\u00e9riaux qui y figurent, technologies industrielles, fichiers, logos, combinaisons de couleurs et tout \u00e9l\u00e9ment susceptible de protection) sont prot\u00e9g\u00e9s par les droits de propri\u00e9t\u00e9 intellectuelle et industrielle appartenant \u00e0 Pl\u00e1sticos Erum, SL ou sur lesquels les droits d\u2019utilisation correspondants ont \u00e9t\u00e9 obtenus.<br>La reproduction, la transformation, la distribution, la communication publique, la mise \u00e0 disposition du public et, d\u2019une mani\u00e8re g\u00e9n\u00e9rale, toute autre forme d\u2019exploitation, partielle ou totale, des \u00e9l\u00e9ments vis\u00e9s \u00e0 la section pr\u00e9c\u00e9dente est interdite. Sa publication sur d\u2019autres pages Web ou dans d\u2019autres supports de communication num\u00e9riques ou \u00e9crits n\u00e9cessite le consentement expr\u00e8s du propri\u00e9taire du Web et, dans tous les cas, ils doivent faire une r\u00e9f\u00e9rence explicite \u00e0 la propri\u00e9t\u00e9 des droits de propri\u00e9t\u00e9 intellectuelle susmentionn\u00e9s de Pl\u00e1sticos Erum, SL .<br>L\u2019utilisation de signes distinctifs (marques, noms commerciaux) n\u2019est pas autoris\u00e9e, sauf autorisation expresse des propri\u00e9taires l\u00e9gitimes.<br>Sauf autorisation expresse de Pl\u00e1sticos Erum, SL, le lien vers les \u00ab pages finales \u00bb, le \u00ab cadre \u00bb et toute autre manipulation similaire n\u2019est pas autoris\u00e9. Les liens doivent toujours \u00eatre vers la page principale ou la page d\u2019accueil du site Web.<\/p>\n\n\n\n<h3 class=\"wp-block-heading\">Juridiction et l\u00e9gislation applicable<\/h3>\n\n\n\n<p>Ces conditions g\u00e9n\u00e9rales sont soumises \u00e0 la l\u00e9gislation et \u00e0 la juridiction espagnoles.<br>La Soci\u00e9t\u00e9 et l\u2019Utilisateur, quel que soit leur domicile, renon\u00e7ant express\u00e9ment \u00e0 toute autre juridiction qui pourrait leur correspondre, se soumettent \u00e0 la Juridiction des Cours et Tribunaux d\u2019Alcoy (Alicante) pour toutes questions pouvant survenir ou actions \u00e0 exercer d\u00e9coulant de la fourniture du Service Web et ses services et contenus et sur l\u2019interpr\u00e9tation, l\u2019application, la conformit\u00e9 ou la violation de ce qui est \u00e9tabli dans les pr\u00e9sentes.<\/p>\n","protected":false},"excerpt":{"rendered":"<p>Politique de confidentialit\u00e9 La Soci\u00e9t\u00e9 est particuli\u00e8rement consciente de la protection des donn\u00e9es personnelles des Utilisateurs des services du site. Par cette politique de confidentialit\u00e9 (ci-apr\u00e8s, la politique), la soci\u00e9t\u00e9 informe les UTILISATEURS des sites Web: erumgroup.com , des utilisations auxquelles les donn\u00e9es de caract\u00e8re sont soumises le personnel qui est collect\u00e9 sur le site [&hellip;]<\/p>\n","protected":false},"author":3,"featured_media":0,"parent":0,"menu_order":0,"comment_status":"closed","ping_status":"closed","template":"","meta":{"_acf_changed":false,"footnotes":""},"class_list":["post-2721","page","type-page","status-publish","hentry"],"acf":[],"yoast_head":"<!-- This site is optimized with the Yoast SEO plugin v27.3 - https:\/\/yoast.com\/product\/yoast-seo-wordpress\/ -->\n<title>Politique de confidentialit\u00e9 - Erum<\/title>\n<meta name=\"robots\" content=\"index, follow, max-snippet:-1, max-image-preview:large, max-video-preview:-1\" \/>\n<link rel=\"canonical\" href=\"https:\/\/erumgroup.com\/fr\/politique-de-confidentialite\/\" \/>\n<meta property=\"og:locale\" content=\"fr_FR\" \/>\n<meta property=\"og:type\" content=\"article\" \/>\n<meta property=\"og:title\" content=\"Politique de confidentialit\u00e9 - Erum\" \/>\n<meta property=\"og:description\" content=\"Politique de confidentialit\u00e9 La Soci\u00e9t\u00e9 est particuli\u00e8rement consciente de la protection des donn\u00e9es personnelles des Utilisateurs des services du site. Par cette politique de confidentialit\u00e9 (ci-apr\u00e8s, la politique), la soci\u00e9t\u00e9 informe les UTILISATEURS des sites Web: erumgroup.com , des utilisations auxquelles les donn\u00e9es de caract\u00e8re sont soumises le personnel qui est collect\u00e9 sur le site [&hellip;]\" \/>\n<meta property=\"og:url\" content=\"https:\/\/erumgroup.com\/fr\/politique-de-confidentialite\/\" \/>\n<meta property=\"og:site_name\" content=\"Erum\" \/>\n<meta property=\"article:publisher\" content=\"https:\/\/www.facebook.com\/plasticoserum\/\" \/>\n<meta property=\"article:modified_time\" content=\"2026-03-26T12:57:31+00:00\" \/>\n<meta name=\"twitter:card\" content=\"summary_large_image\" \/>\n<meta name=\"twitter:site\" content=\"@Erumgroup\" \/>\n<meta name=\"twitter:label1\" content=\"Dur\u00e9e de lecture estim\u00e9e\" \/>\n\t<meta name=\"twitter:data1\" content=\"12 minutes\" \/>\n<script type=\"application\/ld+json\" class=\"yoast-schema-graph\">{\"@context\":\"https:\\\/\\\/schema.org\",\"@graph\":[{\"@type\":\"WebPage\",\"@id\":\"https:\\\/\\\/erumgroup.com\\\/fr\\\/politique-de-confidentialite\\\/\",\"url\":\"https:\\\/\\\/erumgroup.com\\\/fr\\\/politique-de-confidentialite\\\/\",\"name\":\"Politique de confidentialit\u00e9 - Erum\",\"isPartOf\":{\"@id\":\"https:\\\/\\\/erumgroup.com\\\/fr\\\/#website\"},\"datePublished\":\"2026-02-16T11:45:13+00:00\",\"dateModified\":\"2026-03-26T12:57:31+00:00\",\"breadcrumb\":{\"@id\":\"https:\\\/\\\/erumgroup.com\\\/fr\\\/politique-de-confidentialite\\\/#breadcrumb\"},\"inLanguage\":\"fr-FR\",\"potentialAction\":[{\"@type\":\"ReadAction\",\"target\":[\"https:\\\/\\\/erumgroup.com\\\/fr\\\/politique-de-confidentialite\\\/\"]}]},{\"@type\":\"BreadcrumbList\",\"@id\":\"https:\\\/\\\/erumgroup.com\\\/fr\\\/politique-de-confidentialite\\\/#breadcrumb\",\"itemListElement\":[{\"@type\":\"ListItem\",\"position\":1,\"name\":\"Portada\",\"item\":\"https:\\\/\\\/erumgroup.com\\\/fr\\\/home\\\/\"},{\"@type\":\"ListItem\",\"position\":2,\"name\":\"Politique de confidentialit\u00e9\"}]},{\"@type\":\"WebSite\",\"@id\":\"https:\\\/\\\/erumgroup.com\\\/fr\\\/#website\",\"url\":\"https:\\\/\\\/erumgroup.com\\\/fr\\\/\",\"name\":\"Erum\",\"description\":\"\",\"publisher\":{\"@id\":\"https:\\\/\\\/erumgroup.com\\\/fr\\\/#organization\"},\"potentialAction\":[{\"@type\":\"SearchAction\",\"target\":{\"@type\":\"EntryPoint\",\"urlTemplate\":\"https:\\\/\\\/erumgroup.com\\\/fr\\\/?s={search_term_string}\"},\"query-input\":{\"@type\":\"PropertyValueSpecification\",\"valueRequired\":true,\"valueName\":\"search_term_string\"}}],\"inLanguage\":\"fr-FR\"},{\"@type\":\"Organization\",\"@id\":\"https:\\\/\\\/erumgroup.com\\\/fr\\\/#organization\",\"name\":\"Erum\",\"url\":\"https:\\\/\\\/erumgroup.com\\\/fr\\\/\",\"logo\":{\"@type\":\"ImageObject\",\"inLanguage\":\"fr-FR\",\"@id\":\"https:\\\/\\\/erumgroup.com\\\/fr\\\/#\\\/schema\\\/logo\\\/image\\\/\",\"url\":\"https:\\\/\\\/erumgroup.com\\\/wp-content\\\/uploads\\\/2026\\\/02\\\/erum_og.jpg\",\"contentUrl\":\"https:\\\/\\\/erumgroup.com\\\/wp-content\\\/uploads\\\/2026\\\/02\\\/erum_og.jpg\",\"width\":200,\"height\":200,\"caption\":\"Erum\"},\"image\":{\"@id\":\"https:\\\/\\\/erumgroup.com\\\/fr\\\/#\\\/schema\\\/logo\\\/image\\\/\"},\"sameAs\":[\"https:\\\/\\\/www.facebook.com\\\/plasticoserum\\\/\",\"https:\\\/\\\/x.com\\\/Erumgroup\",\"https:\\\/\\\/www.linkedin.com\\\/company\\\/erumgroup\\\/\",\"https:\\\/\\\/www.instagram.com\\\/erumgroup\\\/\"]}]}<\/script>\n<!-- \/ Yoast SEO plugin. -->","yoast_head_json":{"title":"Politique de confidentialit\u00e9 - Erum","robots":{"index":"index","follow":"follow","max-snippet":"max-snippet:-1","max-image-preview":"max-image-preview:large","max-video-preview":"max-video-preview:-1"},"canonical":"https:\/\/erumgroup.com\/fr\/politique-de-confidentialite\/","og_locale":"fr_FR","og_type":"article","og_title":"Politique de confidentialit\u00e9 - Erum","og_description":"Politique de confidentialit\u00e9 La Soci\u00e9t\u00e9 est particuli\u00e8rement consciente de la protection des donn\u00e9es personnelles des Utilisateurs des services du site. Par cette politique de confidentialit\u00e9 (ci-apr\u00e8s, la politique), la soci\u00e9t\u00e9 informe les UTILISATEURS des sites Web: erumgroup.com , des utilisations auxquelles les donn\u00e9es de caract\u00e8re sont soumises le personnel qui est collect\u00e9 sur le site [&hellip;]","og_url":"https:\/\/erumgroup.com\/fr\/politique-de-confidentialite\/","og_site_name":"Erum","article_publisher":"https:\/\/www.facebook.com\/plasticoserum\/","article_modified_time":"2026-03-26T12:57:31+00:00","twitter_card":"summary_large_image","twitter_site":"@Erumgroup","twitter_misc":{"Dur\u00e9e de lecture estim\u00e9e":"12 minutes"},"schema":{"@context":"https:\/\/schema.org","@graph":[{"@type":"WebPage","@id":"https:\/\/erumgroup.com\/fr\/politique-de-confidentialite\/","url":"https:\/\/erumgroup.com\/fr\/politique-de-confidentialite\/","name":"Politique de confidentialit\u00e9 - Erum","isPartOf":{"@id":"https:\/\/erumgroup.com\/fr\/#website"},"datePublished":"2026-02-16T11:45:13+00:00","dateModified":"2026-03-26T12:57:31+00:00","breadcrumb":{"@id":"https:\/\/erumgroup.com\/fr\/politique-de-confidentialite\/#breadcrumb"},"inLanguage":"fr-FR","potentialAction":[{"@type":"ReadAction","target":["https:\/\/erumgroup.com\/fr\/politique-de-confidentialite\/"]}]},{"@type":"BreadcrumbList","@id":"https:\/\/erumgroup.com\/fr\/politique-de-confidentialite\/#breadcrumb","itemListElement":[{"@type":"ListItem","position":1,"name":"Portada","item":"https:\/\/erumgroup.com\/fr\/home\/"},{"@type":"ListItem","position":2,"name":"Politique de confidentialit\u00e9"}]},{"@type":"WebSite","@id":"https:\/\/erumgroup.com\/fr\/#website","url":"https:\/\/erumgroup.com\/fr\/","name":"Erum","description":"","publisher":{"@id":"https:\/\/erumgroup.com\/fr\/#organization"},"potentialAction":[{"@type":"SearchAction","target":{"@type":"EntryPoint","urlTemplate":"https:\/\/erumgroup.com\/fr\/?s={search_term_string}"},"query-input":{"@type":"PropertyValueSpecification","valueRequired":true,"valueName":"search_term_string"}}],"inLanguage":"fr-FR"},{"@type":"Organization","@id":"https:\/\/erumgroup.com\/fr\/#organization","name":"Erum","url":"https:\/\/erumgroup.com\/fr\/","logo":{"@type":"ImageObject","inLanguage":"fr-FR","@id":"https:\/\/erumgroup.com\/fr\/#\/schema\/logo\/image\/","url":"https:\/\/erumgroup.com\/wp-content\/uploads\/2026\/02\/erum_og.jpg","contentUrl":"https:\/\/erumgroup.com\/wp-content\/uploads\/2026\/02\/erum_og.jpg","width":200,"height":200,"caption":"Erum"},"image":{"@id":"https:\/\/erumgroup.com\/fr\/#\/schema\/logo\/image\/"},"sameAs":["https:\/\/www.facebook.com\/plasticoserum\/","https:\/\/x.com\/Erumgroup","https:\/\/www.linkedin.com\/company\/erumgroup\/","https:\/\/www.instagram.com\/erumgroup\/"]}]}},"_links":{"self":[{"href":"https:\/\/erumgroup.com\/fr\/wp-json\/wp\/v2\/pages\/2721","targetHints":{"allow":["GET"]}}],"collection":[{"href":"https:\/\/erumgroup.com\/fr\/wp-json\/wp\/v2\/pages"}],"about":[{"href":"https:\/\/erumgroup.com\/fr\/wp-json\/wp\/v2\/types\/page"}],"author":[{"embeddable":true,"href":"https:\/\/erumgroup.com\/fr\/wp-json\/wp\/v2\/users\/3"}],"replies":[{"embeddable":true,"href":"https:\/\/erumgroup.com\/fr\/wp-json\/wp\/v2\/comments?post=2721"}],"version-history":[{"count":2,"href":"https:\/\/erumgroup.com\/fr\/wp-json\/wp\/v2\/pages\/2721\/revisions"}],"predecessor-version":[{"id":4011,"href":"https:\/\/erumgroup.com\/fr\/wp-json\/wp\/v2\/pages\/2721\/revisions\/4011"}],"wp:attachment":[{"href":"https:\/\/erumgroup.com\/fr\/wp-json\/wp\/v2\/media?parent=2721"}],"curies":[{"name":"wp","href":"https:\/\/api.w.org\/{rel}","templated":true}]}}