{"id":2742,"date":"2026-02-16T13:57:27","date_gmt":"2026-02-16T12:57:27","guid":{"rendered":"https:\/\/erumgroup.com\/politique-de-cookies\/"},"modified":"2026-04-14T12:26:28","modified_gmt":"2026-04-14T10:26:28","slug":"politique-de-cookies","status":"publish","type":"page","link":"https:\/\/erumgroup.com\/fr\/politique-de-cookies\/","title":{"rendered":"Politique de cookies"},"content":{"rendered":"\n<h1>Politique de cookies<\/h1>\r\n<h2>Que sont les cookies ?<\/h2>\r\n<p>Les cookies sont de petits fichiers de donn\u00e9es qui sont re\u00e7us par le terminal \u00e0 partir du site Web visit\u00e9 et sont utilis\u00e9s pour enregistrer certaines interactions de navigation sur un site Web, stockant des donn\u00e9es qui peuvent \u00eatre mises \u00e0 jour et r\u00e9cup\u00e9r\u00e9es. Ces fichiers sont stock\u00e9s sur l\u2019ordinateur de l\u2019utilisateur et contiennent des donn\u00e9es anonymes sans danger pour votre ordinateur. Ils sont utilis\u00e9s pour m\u00e9moriser les pr\u00e9f\u00e9rences de l\u2019utilisateur, telles que la langue s\u00e9lectionn\u00e9e, les donn\u00e9es d\u2019acc\u00e8s ou la personnalisation de la page.<br\/>Les cookies peuvent \u00e9galement \u00eatre utilis\u00e9s pour enregistrer des informations anonymes sur la mani\u00e8re dont un visiteur utilise un site. Par exemple, \u00e0 partir de quelle page Web vous avez acc\u00e9d\u00e9 ou si vous avez utilis\u00e9 une banni\u00e8re publicitaire pour arriver.<\/p>\r\n<h2>Pourquoi le groupe Erum utilise-t-il des cookies ?<\/h2>\r\n<p>Erum utilise des cookies strictement n\u00e9cessaires et indispensables pour que vous puissiez utiliser nos sites Internet et vous permettre de vous d\u00e9placer librement, d\u2019utiliser des zones s\u00e9curis\u00e9es, des options personnalis\u00e9es, etc. De plus, notre soci\u00e9t\u00e9 utilise des cookies qui collectent des donn\u00e9es li\u00e9es \u00e0 l\u2019analyse de l\u2019utilisation du Web. Celles-ci sont utilis\u00e9es pour aider \u00e0 am\u00e9liorer le service client, mesurer l\u2019utilisation et les performances de la page pour l\u2019optimiser et la personnaliser. Nos sites peuvent \u00e9galement avoir des liens vers les r\u00e9seaux sociaux (tels que Facebook ou Twitter). Pl\u00e1sticos Erum, SL ne contr\u00f4le pas les cookies utilis\u00e9s par ces sites Web externes. Pour plus d\u2019informations sur les cookies des r\u00e9seaux sociaux ou d\u2019autres sites Web tiers, nous vous conseillons de consulter vos propres politiques en mati\u00e8re de cookies.<\/p>\r\n<h2>Comment utilisons-nous les diff\u00e9rents types de cookies<\/h2>\r\n<p><strong>Cookies de session<\/strong><br\/>Les cookies de session sont ceux qui durent aussi longtemps que l\u2019utilisateur navigue sur la page Web et sont supprim\u00e9s \u00e0 la fin.<\/p>\r\n<p><strong>Cookies persistants<\/strong><br\/>Ces cookies sont stock\u00e9s plus longtemps dans le terminal de l\u2019utilisateur, facilitant ainsi le contr\u00f4le des pr\u00e9f\u00e9rences choisies sans avoir \u00e0 r\u00e9p\u00e9ter certains param\u00e8tres \u00e0 chaque fois que le site est visit\u00e9.<\/p>\r\n<p><strong>Propres cookies<\/strong><br\/>Ce sont des cookies cr\u00e9\u00e9s par ce site et qui ne peuvent \u00eatre lus que par le site lui-m\u00eame. Sur le web www.\/wp-content\/uploads\/ propres cookies persistants sont install\u00e9s avec les finalit\u00e9s suivantes:<br\/>Techniques: Ces cookies sont utilis\u00e9s pour contr\u00f4ler le chargement des images qui apparaissent sur la page d\u2019accueil, en fonction des param\u00e8tres qui ont \u00e9t\u00e9 programm\u00e9s ( temps, nombre de fois vu, etc.). Ils servent \u00e9galement \u00e0 permettre l\u2019acc\u00e8s \u00e0 certaines parties du Web et \u00e0 localiser l\u2019utilisateur.<br\/>Personnalisation : Ces cookies sont utilis\u00e9s pour m\u00e9moriser la configuration de la taille s\u00e9lectionn\u00e9e dans l\u2019affichage du contenu Web et pour pouvoir l\u2019afficher lors des prochaines visites de l\u2019utilisateur.<br\/>Analyse : Cookies qui vous permettent de suivre le trafic entrant sur le site Web pour effectuer des statistiques de visite.<\/p>\r\n<p><strong>Cookies tiers<\/strong><br\/>Ce sont des cookies cr\u00e9\u00e9s par des tiers et que nous utilisons pour diff\u00e9rents services (par exemple, analyse de site Web ou publicit\u00e9). Ensuite, les tiers qui peuvent configurer et acc\u00e9der aux Cookies (non exempt\u00e9s d\u2019information et de consentement) sur votre ordinateur et les finalit\u00e9s pour lesquelles les informations qu\u2019ils stockent sont utilis\u00e9es sont d\u00e9taill\u00e9s : Objectif, Description, Tiers.<\/p>\r\n<p><strong>Cookies techniques<\/strong><br\/>Ils sont utilis\u00e9s pour contr\u00f4ler le trafic et la communication des donn\u00e9es \u00e0 l\u2019aide d\u2019\u00e9l\u00e9ments de s\u00e9curit\u00e9 lors de la navigation. Ils servent \u00e9galement \u00e0 identifier et maintenir la session de l\u2019utilisateur, \u00e0 stocker du contenu dans la diffusion de vid\u00e9os ou de sons et \u00e0 partager du contenu avec les r\u00e9seaux sociaux (plug-in).<br\/>Google, YouTube, Facebook, Twitter, LinkedIn, UserVoice, Tealium<\/p>\r\n<p><strong>Cookies de personnalisation<\/strong><br\/>Ces cookies permettent \u00e0 l\u2019utilisateur de sp\u00e9cifier ou de personnaliser certaines caract\u00e9ristiques des options g\u00e9n\u00e9rales du site. Par exemple, d\u00e9finissez la langue, le volume s\u00e9lectionn\u00e9 comme pr\u00e9f\u00e9r\u00e9, la configuration r\u00e9gionale du service, le type de navigateur ou le nombre de r\u00e9sultats affich\u00e9s pour chaque page.<br\/>YouTube, Facebook<\/p>\r\n<p><strong>Cookies analytiques<\/strong><br\/>Outil d\u2019analyse qui aide les sites Web \u00e0 comprendre comment les visiteurs interagissent avec le Web. Vous pouvez utiliser un ensemble de cookies pour collecter des informations et rapporter des statistiques d\u2019utilisation du site Web sans identifier personnellement les visiteurs.<br\/>Google Analytics, YouTube, Twitter, Adobe Analytics<\/p>\r\n<p><strong>Cookies publicitaires<\/strong><br\/>Les cookies publicitaires permettent la gestion des espaces publicitaires sur le Web en fonction de crit\u00e8res sp\u00e9cifiques. Par exemple, la fr\u00e9quence d\u2019acc\u00e8s, le contenu \u00e9dit\u00e9, etc.<br\/>DoubleClick, Google, Criteo, Adgravity, Cookies flash<\/p>\r\n<p>Nous utilisons \u00e9galement des cookies flash pour stocker vos pr\u00e9f\u00e9rences telles que le contr\u00f4le du volume ou pour afficher du contenu en fonction de ce que vous voyez sur notre site Web pour personnaliser votre visite. Les soci\u00e9t\u00e9s tierces, avec lesquelles nous collaborons pour fournir certaines fonctionnalit\u00e9s sur notre site Web, utilisent des cookies flash pour collecter et stocker des donn\u00e9es non personnelles. Les cookies Flash sont diff\u00e9rents des cookies de session ou persistants en termes de quantit\u00e9, de type et de mode de stockage des donn\u00e9es. Les outils de gestion des cookies fournis par votre navigateur ne supprimeront pas les cookies flash.<\/p>\r\n<h2>R\u00e9vocation du consentement<\/h2>\r\n<p>Il est \u00e9galement possible de limiter la mani\u00e8re dont des sites Web tiers installent des cookies sur votre ordinateur, afin d\u2019\u00e9viter la collecte de donn\u00e9es et l\u2019enregistrement de votre activit\u00e9 de navigation. Pour limiter l\u2019utilisation de cookies tiers, vous pouvez aller sur le site de configuration ou OptOut:<br\/>Google Analytics, DoubleClick, Google, Flash Cookies YouTube<br\/>S\u00e9lectionnez l\u2019option \u00ab Supprimer tous les sites \u00bb ou s\u00e9lectionnez le site Web sp\u00e9cifique que vous souhaitez supprimer et \u00ab Supprimer le site Web \u00bb. Gardez \u00e0 l\u2019esprit que, si vous rejetez ou supprimez les cookies de navigation sur le site Web de la banque, nous ne pourrons pas conserver vos pr\u00e9f\u00e9rences, certaines fonctionnalit\u00e9s des pages ne seront pas op\u00e9rationnelles, nous ne serons pas en mesure de vous offrir des services personnalis\u00e9s et chaque fois que vous naviguerez sur notre site Web, nous aurons pour demander \u00e0 nouveau votre autorisation pour l\u2019utilisation de cookies.<br\/>Si vous d\u00e9cidez tout de m\u00eame de modifier la configuration de votre acc\u00e8s \u00e0 la page Web, sachez qu\u2019il est possible \u00e0 tout moment d\u2019\u00e9liminer les cookies ou d\u2019emp\u00eacher l\u2019enregistrement de ces informations sur votre ordinateur en modifiant les param\u00e8tres de configuration de votre navigateur.<br\/>Si vous acceptez nos cookies, vous nous permettez d\u2019am\u00e9liorer les sites Web de Pl\u00e1sticos Erum, SL pour vous offrir un acc\u00e8s optimal et vous offrir un service plus efficace et personnalis\u00e9.<br\/>De plus, vous pouvez configurer votre navigateur pour \u00e9tablir que seuls les sites Web de confiance ou les pages que vous parcourez actuellement peuvent g\u00e9rer les cookies, ce qui vous permet de s\u00e9lectionner vos pr\u00e9f\u00e9rences.<br\/>En fournissant cette politique, Pl\u00e1sticos Erum, SL d\u00e9montre son engagement envers la l\u00e9gislation en vigueur sur l\u2019utilisation des cookies, en vous fournissant des informations afin que vous puissiez comprendre quel type de cookies nous utilisons et pourquoi nous le faisons. Avec cela, nous avons l\u2019intention de vous offrir une transparence concernant les donn\u00e9es trait\u00e9es concernant la navigation effectu\u00e9e depuis votre ordinateur sur notre site Web<br\/>Cette politique est revue p\u00e9riodiquement pour garantir sa validit\u00e9, elle peut donc \u00eatre modifi\u00e9e Nous vous recommandons de visiter r\u00e9guli\u00e8rement la page, o\u00f9 nous vous informerons de toute mise \u00e0 jour \u00e0 cet \u00e9gard. \u00a9 Pl\u00e1sticos Erum, SL<\/p>\r\n<p>Ce site web utilise des cookies. Les cookies de ce site Web sont utilis\u00e9s pour personnaliser le contenu et les publicit\u00e9s, fournir des fonctionnalit\u00e9s de m\u00e9dias sociaux et analyser le trafic. En outre, nous partageons des informations sur votre utilisation du site Web avec nos partenaires de m\u00e9dias sociaux, de publicit\u00e9 et d&rsquo;analyse Web, qui peuvent les combiner avec d&rsquo;autres informations que vous leur avez fournies ou qu&rsquo;ils ont collect\u00e9es lors de votre utilisation de leurs services.<\/p>\r\n<p>Les cookies sont de petits fichiers texte que les pages Web peuvent utiliser pour rendre l&rsquo;exp\u00e9rience utilisateur plus efficace.<\/p>\r\n<p>La loi stipule que nous pouvons stocker des cookies sur votre appareil s&rsquo;ils sont strictement n\u00e9cessaires au fonctionnement de cette page. Pour tous les autres types de cookies, nous avons besoin de votre autorisation.<\/p>\r\n<p>Cette page utilise diff\u00e9rents types de cookies. Certains cookies sont plac\u00e9s par des services tiers qui apparaissent sur nos pages.<\/p>\r\n<p>\u00c0 tout moment, vous pouvez modifier ou retirer votre consentement \u00e0 la d\u00e9claration relative aux cookies sur notre site Web.<\/p>\r\n<p>D\u00e9couvrez qui nous sommes, comment vous pouvez nous contacter et comment nous traitons les donn\u00e9es personnelles dans notre politique de confidentialit\u00e9.<\/p>\r\n<p>Lorsque vous nous contactez concernant votre consentement, veuillez fournir l&rsquo;identifiant et la date de votre consentement.<\/p>\r\n<p>Votre consentement s&rsquo;applique aux domaines suivants : erumgroup.com<\/p>\r\n<h2>Comment puis-je modifier les param\u00e8tres des cookies ?<\/h2>\r\n<p><em>Param\u00e8tres des cookies d&rsquo;Internet Explorer<\/em><br\/><em>Param\u00e8tres des cookies de Firefox<\/em><br\/><em>Param\u00e8tres des cookies de Google Chrome<\/em><br\/><em>Param\u00e8tres des cookies Safari<\/em><br\/><em>Param\u00e8tres des cookies flash<\/em><\/p>\r\n<p>Si vous souhaitez interdire le stockage des donn\u00e9es du lecteur Flash, d\u00e9cochez les cases \u00ab\u00a0Autoriser le contenu Flash \u00e0 stocker des informations sur votre ordinateur\u00a0\u00bb et \u00ab\u00a0Stocker les composants Flash courants pour r\u00e9duire les temps de t\u00e9l\u00e9chargement\u00a0\u00bb. Si vous souhaitez limiter la quantit\u00e9 de donn\u00e9es collect\u00e9es par les applications flash, faites glisser le curseur de la barre du panneau des param\u00e8tres de stockage globaux jusqu&rsquo;\u00e0 la position souhait\u00e9e.<br\/>Ces navigateurs sont sujets \u00e0 des mises \u00e0 jour ou \u00e0 des modifications, nous ne pouvons donc pas garantir qu&rsquo;ils s&rsquo;adapteront enti\u00e8rement \u00e0 la version de votre navigateur. Il se peut \u00e9galement que vous utilisiez un autre navigateur non couvert par ces liens tels que Konqueror, Arora, Flock, etc. Pour \u00e9viter ces d\u00e9calages, vous pouvez y acc\u00e9der directement depuis les options de votre navigateur, g\u00e9n\u00e9ralement dans le menu \u00ab\u00a0Options\u00a0\u00bb de la rubrique \u00ab\u00a0Confidentialit\u00e9\u00a0\u00bb. (Veuillez consulter l&rsquo;aide de votre navigateur pour plus d&rsquo;informations.)<\/p>\n","protected":false},"excerpt":{"rendered":"<p>Politique de cookies Que sont les cookies ? Les cookies sont de petits fichiers de donn\u00e9es qui sont re\u00e7us par le terminal \u00e0 partir du site Web visit\u00e9 et sont utilis\u00e9s pour enregistrer certaines interactions de navigation sur un site Web, stockant des donn\u00e9es qui peuvent \u00eatre mises \u00e0 jour et r\u00e9cup\u00e9r\u00e9es. Ces fichiers sont [&hellip;]<\/p>\n","protected":false},"author":3,"featured_media":0,"parent":0,"menu_order":0,"comment_status":"closed","ping_status":"closed","template":"","meta":{"_acf_changed":false,"footnotes":""},"class_list":["post-2742","page","type-page","status-publish","hentry"],"acf":[],"yoast_head":"<!-- This site is optimized with the Yoast SEO plugin v27.3 - https:\/\/yoast.com\/product\/yoast-seo-wordpress\/ -->\n<title>Politique de cookies - Erum<\/title>\n<meta name=\"robots\" content=\"noindex, nofollow\" \/>\n<meta property=\"og:locale\" content=\"fr_FR\" \/>\n<meta property=\"og:type\" content=\"article\" \/>\n<meta property=\"og:title\" content=\"Politique de cookies - Erum\" \/>\n<meta property=\"og:description\" content=\"Politique de cookies Que sont les cookies ? Les cookies sont de petits fichiers de donn\u00e9es qui sont re\u00e7us par le terminal \u00e0 partir du site Web visit\u00e9 et sont utilis\u00e9s pour enregistrer certaines interactions de navigation sur un site Web, stockant des donn\u00e9es qui peuvent \u00eatre mises \u00e0 jour et r\u00e9cup\u00e9r\u00e9es. Ces fichiers sont [&hellip;]\" \/>\n<meta property=\"og:url\" content=\"https:\/\/erumgroup.com\/fr\/politique-de-cookies\/\" \/>\n<meta property=\"og:site_name\" content=\"Erum\" \/>\n<meta property=\"article:publisher\" content=\"https:\/\/www.facebook.com\/plasticoserum\/\" \/>\n<meta property=\"article:modified_time\" content=\"2026-04-14T10:26:28+00:00\" \/>\n<meta name=\"twitter:card\" content=\"summary_large_image\" \/>\n<meta name=\"twitter:site\" content=\"@Erumgroup\" \/>\n<meta name=\"twitter:label1\" content=\"Dur\u00e9e de lecture estim\u00e9e\" \/>\n\t<meta name=\"twitter:data1\" content=\"9 minutes\" \/>\n<script type=\"application\/ld+json\" class=\"yoast-schema-graph\">{\"@context\":\"https:\\\/\\\/schema.org\",\"@graph\":[{\"@type\":\"WebPage\",\"@id\":\"https:\\\/\\\/erumgroup.com\\\/fr\\\/politique-de-cookies\\\/\",\"url\":\"https:\\\/\\\/erumgroup.com\\\/fr\\\/politique-de-cookies\\\/\",\"name\":\"Politique de cookies - Erum\",\"isPartOf\":{\"@id\":\"https:\\\/\\\/erumgroup.com\\\/fr\\\/#website\"},\"datePublished\":\"2026-02-16T12:57:27+00:00\",\"dateModified\":\"2026-04-14T10:26:28+00:00\",\"breadcrumb\":{\"@id\":\"https:\\\/\\\/erumgroup.com\\\/fr\\\/politique-de-cookies\\\/#breadcrumb\"},\"inLanguage\":\"fr-FR\",\"potentialAction\":[{\"@type\":\"ReadAction\",\"target\":[\"https:\\\/\\\/erumgroup.com\\\/fr\\\/politique-de-cookies\\\/\"]}]},{\"@type\":\"BreadcrumbList\",\"@id\":\"https:\\\/\\\/erumgroup.com\\\/fr\\\/politique-de-cookies\\\/#breadcrumb\",\"itemListElement\":[{\"@type\":\"ListItem\",\"position\":1,\"name\":\"Portada\",\"item\":\"https:\\\/\\\/erumgroup.com\\\/fr\\\/home\\\/\"},{\"@type\":\"ListItem\",\"position\":2,\"name\":\"Politique de cookies\"}]},{\"@type\":\"WebSite\",\"@id\":\"https:\\\/\\\/erumgroup.com\\\/fr\\\/#website\",\"url\":\"https:\\\/\\\/erumgroup.com\\\/fr\\\/\",\"name\":\"Erum\",\"description\":\"\",\"publisher\":{\"@id\":\"https:\\\/\\\/erumgroup.com\\\/fr\\\/#organization\"},\"potentialAction\":[{\"@type\":\"SearchAction\",\"target\":{\"@type\":\"EntryPoint\",\"urlTemplate\":\"https:\\\/\\\/erumgroup.com\\\/fr\\\/?s={search_term_string}\"},\"query-input\":{\"@type\":\"PropertyValueSpecification\",\"valueRequired\":true,\"valueName\":\"search_term_string\"}}],\"inLanguage\":\"fr-FR\"},{\"@type\":\"Organization\",\"@id\":\"https:\\\/\\\/erumgroup.com\\\/fr\\\/#organization\",\"name\":\"Erum\",\"url\":\"https:\\\/\\\/erumgroup.com\\\/fr\\\/\",\"logo\":{\"@type\":\"ImageObject\",\"inLanguage\":\"fr-FR\",\"@id\":\"https:\\\/\\\/erumgroup.com\\\/fr\\\/#\\\/schema\\\/logo\\\/image\\\/\",\"url\":\"https:\\\/\\\/erumgroup.com\\\/wp-content\\\/uploads\\\/2026\\\/02\\\/erum_og.jpg\",\"contentUrl\":\"https:\\\/\\\/erumgroup.com\\\/wp-content\\\/uploads\\\/2026\\\/02\\\/erum_og.jpg\",\"width\":200,\"height\":200,\"caption\":\"Erum\"},\"image\":{\"@id\":\"https:\\\/\\\/erumgroup.com\\\/fr\\\/#\\\/schema\\\/logo\\\/image\\\/\"},\"sameAs\":[\"https:\\\/\\\/www.facebook.com\\\/plasticoserum\\\/\",\"https:\\\/\\\/x.com\\\/Erumgroup\",\"https:\\\/\\\/www.linkedin.com\\\/company\\\/erumgroup\\\/\",\"https:\\\/\\\/www.instagram.com\\\/erumgroup\\\/\"]}]}<\/script>\n<!-- \/ Yoast SEO plugin. -->","yoast_head_json":{"title":"Politique de cookies - Erum","robots":{"index":"noindex","follow":"nofollow"},"og_locale":"fr_FR","og_type":"article","og_title":"Politique de cookies - Erum","og_description":"Politique de cookies Que sont les cookies ? Les cookies sont de petits fichiers de donn\u00e9es qui sont re\u00e7us par le terminal \u00e0 partir du site Web visit\u00e9 et sont utilis\u00e9s pour enregistrer certaines interactions de navigation sur un site Web, stockant des donn\u00e9es qui peuvent \u00eatre mises \u00e0 jour et r\u00e9cup\u00e9r\u00e9es. Ces fichiers sont [&hellip;]","og_url":"https:\/\/erumgroup.com\/fr\/politique-de-cookies\/","og_site_name":"Erum","article_publisher":"https:\/\/www.facebook.com\/plasticoserum\/","article_modified_time":"2026-04-14T10:26:28+00:00","twitter_card":"summary_large_image","twitter_site":"@Erumgroup","twitter_misc":{"Dur\u00e9e de lecture estim\u00e9e":"9 minutes"},"schema":{"@context":"https:\/\/schema.org","@graph":[{"@type":"WebPage","@id":"https:\/\/erumgroup.com\/fr\/politique-de-cookies\/","url":"https:\/\/erumgroup.com\/fr\/politique-de-cookies\/","name":"Politique de cookies - Erum","isPartOf":{"@id":"https:\/\/erumgroup.com\/fr\/#website"},"datePublished":"2026-02-16T12:57:27+00:00","dateModified":"2026-04-14T10:26:28+00:00","breadcrumb":{"@id":"https:\/\/erumgroup.com\/fr\/politique-de-cookies\/#breadcrumb"},"inLanguage":"fr-FR","potentialAction":[{"@type":"ReadAction","target":["https:\/\/erumgroup.com\/fr\/politique-de-cookies\/"]}]},{"@type":"BreadcrumbList","@id":"https:\/\/erumgroup.com\/fr\/politique-de-cookies\/#breadcrumb","itemListElement":[{"@type":"ListItem","position":1,"name":"Portada","item":"https:\/\/erumgroup.com\/fr\/home\/"},{"@type":"ListItem","position":2,"name":"Politique de cookies"}]},{"@type":"WebSite","@id":"https:\/\/erumgroup.com\/fr\/#website","url":"https:\/\/erumgroup.com\/fr\/","name":"Erum","description":"","publisher":{"@id":"https:\/\/erumgroup.com\/fr\/#organization"},"potentialAction":[{"@type":"SearchAction","target":{"@type":"EntryPoint","urlTemplate":"https:\/\/erumgroup.com\/fr\/?s={search_term_string}"},"query-input":{"@type":"PropertyValueSpecification","valueRequired":true,"valueName":"search_term_string"}}],"inLanguage":"fr-FR"},{"@type":"Organization","@id":"https:\/\/erumgroup.com\/fr\/#organization","name":"Erum","url":"https:\/\/erumgroup.com\/fr\/","logo":{"@type":"ImageObject","inLanguage":"fr-FR","@id":"https:\/\/erumgroup.com\/fr\/#\/schema\/logo\/image\/","url":"https:\/\/erumgroup.com\/wp-content\/uploads\/2026\/02\/erum_og.jpg","contentUrl":"https:\/\/erumgroup.com\/wp-content\/uploads\/2026\/02\/erum_og.jpg","width":200,"height":200,"caption":"Erum"},"image":{"@id":"https:\/\/erumgroup.com\/fr\/#\/schema\/logo\/image\/"},"sameAs":["https:\/\/www.facebook.com\/plasticoserum\/","https:\/\/x.com\/Erumgroup","https:\/\/www.linkedin.com\/company\/erumgroup\/","https:\/\/www.instagram.com\/erumgroup\/"]}]}},"_links":{"self":[{"href":"https:\/\/erumgroup.com\/fr\/wp-json\/wp\/v2\/pages\/2742","targetHints":{"allow":["GET"]}}],"collection":[{"href":"https:\/\/erumgroup.com\/fr\/wp-json\/wp\/v2\/pages"}],"about":[{"href":"https:\/\/erumgroup.com\/fr\/wp-json\/wp\/v2\/types\/page"}],"author":[{"embeddable":true,"href":"https:\/\/erumgroup.com\/fr\/wp-json\/wp\/v2\/users\/3"}],"replies":[{"embeddable":true,"href":"https:\/\/erumgroup.com\/fr\/wp-json\/wp\/v2\/comments?post=2742"}],"version-history":[{"count":1,"href":"https:\/\/erumgroup.com\/fr\/wp-json\/wp\/v2\/pages\/2742\/revisions"}],"predecessor-version":[{"id":2743,"href":"https:\/\/erumgroup.com\/fr\/wp-json\/wp\/v2\/pages\/2742\/revisions\/2743"}],"wp:attachment":[{"href":"https:\/\/erumgroup.com\/fr\/wp-json\/wp\/v2\/media?parent=2742"}],"curies":[{"name":"wp","href":"https:\/\/api.w.org\/{rel}","templated":true}]}}