{"id":4009,"date":"2026-03-26T13:52:56","date_gmt":"2026-03-26T12:52:56","guid":{"rendered":"https:\/\/erumgroup.com\/?page_id=4009"},"modified":"2026-03-26T13:58:03","modified_gmt":"2026-03-26T12:58:03","slug":"aspects-juridiques","status":"publish","type":"page","link":"https:\/\/erumgroup.com\/fr\/aspects-juridiques\/","title":{"rendered":"Aspects juridiques"},"content":{"rendered":"\n<h1 class=\"wp-block-heading\">Aspects juridiques<\/h1>\n\n\n\n<h2 class=\"wp-block-heading\">ASPECTS G\u00c9N\u00c9RAUX AVIS JURIDIQUE<\/h2>\n\n\n\n<p>Lisez attentivement les mentions l\u00e9gales suivantes relatives au site Web de Pl\u00e1sticos Erum, SL:<\/p>\n\n\n\n<h3 class=\"wp-block-heading\">Identification des donn\u00e9es du fournisseur de services de la soci\u00e9t\u00e9 de l\u2019information<\/h3>\n\n\n\n<p>Conform\u00e9ment \u00e0 l\u2019article 10 de la loi 34\/2002 du 11 juillet sur les services de la soci\u00e9t\u00e9 de l\u2019information et le commerce \u00e9lectronique.<br>Ce portail appartient \u00e0: Pl\u00e1sticos Erum, SL avec CIF: B03083771<br>Adresse: Alcoy (Alicante), Partida de Sant Benet Baix, Pol\u00edgono Industrial El Cl\u00e9rigo, Parcela 2-A, CP 03802, Apdo. Correos 289.<br>T\u00e9l\u00e9phone: 965330817<br>Internet: https:\/\/erumgroup.com\/<br>Email:erum@erumgroup.com<\/p>\n\n\n\n<h3 class=\"wp-block-heading\">Acceptation et validit\u00e9 des conditions g\u00e9n\u00e9rales et particuli\u00e8res<\/h3>\n\n\n\n<p>Que \u00e7a soit la navigation ou l\u2019utilisation et \/ ou la commande de l\u2019un des produits propos\u00e9s sur ce site Web vous attribuent la condition d\u2019Utilisateur et implique votre acceptation pleine et sans r\u00e9serve de chacune des Conditions G\u00e9n\u00e9rales et, dans leur cas, les personnes en vigueur au moment o\u00f9 vous \u00eates utilisateur vous pouvez acc\u00e9der \u00e0 la page Web.<br>La Soci\u00e9t\u00e9 se r\u00e9serve le droit d\u2019\u00e9largir et de modifier unilat\u00e9ralement, \u00e0 tout moment et sans pr\u00e9avis, la pr\u00e9sentation, la configuration et le contenu du site Web, ainsi que de suspendre temporairement la pr\u00e9sentation, la configuration, les sp\u00e9cifications techniques et les services du site Web, du de la m\u00eame fa\u00e7on.<\/p>\n","protected":false},"excerpt":{"rendered":"<p>Aspects juridiques ASPECTS G\u00c9N\u00c9RAUX AVIS JURIDIQUE Lisez attentivement les mentions l\u00e9gales suivantes relatives au site Web de Pl\u00e1sticos Erum, SL: Identification des donn\u00e9es du fournisseur de services de la soci\u00e9t\u00e9 de l\u2019information Conform\u00e9ment \u00e0 l\u2019article 10 de la loi 34\/2002 du 11 juillet sur les services de la soci\u00e9t\u00e9 de l\u2019information et le commerce \u00e9lectronique.Ce [&hellip;]<\/p>\n","protected":false},"author":3,"featured_media":0,"parent":0,"menu_order":0,"comment_status":"closed","ping_status":"closed","template":"","meta":{"_acf_changed":false,"footnotes":""},"class_list":["post-4009","page","type-page","status-publish","hentry"],"acf":[],"yoast_head":"<!-- This site is optimized with the Yoast SEO plugin v27.3 - https:\/\/yoast.com\/product\/yoast-seo-wordpress\/ -->\n<title>Aspects juridiques - Erum<\/title>\n<meta name=\"robots\" content=\"noindex, nofollow\" \/>\n<meta property=\"og:locale\" content=\"fr_FR\" \/>\n<meta property=\"og:type\" content=\"article\" \/>\n<meta property=\"og:title\" content=\"Aspects juridiques - Erum\" \/>\n<meta property=\"og:description\" content=\"Aspects juridiques ASPECTS G\u00c9N\u00c9RAUX AVIS JURIDIQUE Lisez attentivement les mentions l\u00e9gales suivantes relatives au site Web de Pl\u00e1sticos Erum, SL: Identification des donn\u00e9es du fournisseur de services de la soci\u00e9t\u00e9 de l\u2019information Conform\u00e9ment \u00e0 l\u2019article 10 de la loi 34\/2002 du 11 juillet sur les services de la soci\u00e9t\u00e9 de l\u2019information et le commerce \u00e9lectronique.Ce [&hellip;]\" \/>\n<meta property=\"og:url\" content=\"https:\/\/erumgroup.com\/fr\/aspects-juridiques\/\" \/>\n<meta property=\"og:site_name\" content=\"Erum\" \/>\n<meta property=\"article:publisher\" content=\"https:\/\/www.facebook.com\/plasticoserum\/\" \/>\n<meta property=\"article:modified_time\" content=\"2026-03-26T12:58:03+00:00\" \/>\n<meta name=\"twitter:card\" content=\"summary_large_image\" \/>\n<meta name=\"twitter:site\" content=\"@Erumgroup\" \/>\n<meta name=\"twitter:label1\" content=\"Dur\u00e9e de lecture estim\u00e9e\" \/>\n\t<meta name=\"twitter:data1\" content=\"1 minute\" \/>\n<script type=\"application\/ld+json\" class=\"yoast-schema-graph\">{\"@context\":\"https:\\\/\\\/schema.org\",\"@graph\":[{\"@type\":\"WebPage\",\"@id\":\"https:\\\/\\\/erumgroup.com\\\/fr\\\/aspects-juridiques\\\/\",\"url\":\"https:\\\/\\\/erumgroup.com\\\/fr\\\/aspects-juridiques\\\/\",\"name\":\"Aspects juridiques - Erum\",\"isPartOf\":{\"@id\":\"https:\\\/\\\/erumgroup.com\\\/fr\\\/#website\"},\"datePublished\":\"2026-03-26T12:52:56+00:00\",\"dateModified\":\"2026-03-26T12:58:03+00:00\",\"breadcrumb\":{\"@id\":\"https:\\\/\\\/erumgroup.com\\\/fr\\\/aspects-juridiques\\\/#breadcrumb\"},\"inLanguage\":\"fr-FR\",\"potentialAction\":[{\"@type\":\"ReadAction\",\"target\":[\"https:\\\/\\\/erumgroup.com\\\/fr\\\/aspects-juridiques\\\/\"]}]},{\"@type\":\"BreadcrumbList\",\"@id\":\"https:\\\/\\\/erumgroup.com\\\/fr\\\/aspects-juridiques\\\/#breadcrumb\",\"itemListElement\":[{\"@type\":\"ListItem\",\"position\":1,\"name\":\"Portada\",\"item\":\"https:\\\/\\\/erumgroup.com\\\/fr\\\/home\\\/\"},{\"@type\":\"ListItem\",\"position\":2,\"name\":\"Aspects juridiques\"}]},{\"@type\":\"WebSite\",\"@id\":\"https:\\\/\\\/erumgroup.com\\\/fr\\\/#website\",\"url\":\"https:\\\/\\\/erumgroup.com\\\/fr\\\/\",\"name\":\"Erum\",\"description\":\"\",\"publisher\":{\"@id\":\"https:\\\/\\\/erumgroup.com\\\/fr\\\/#organization\"},\"potentialAction\":[{\"@type\":\"SearchAction\",\"target\":{\"@type\":\"EntryPoint\",\"urlTemplate\":\"https:\\\/\\\/erumgroup.com\\\/fr\\\/?s={search_term_string}\"},\"query-input\":{\"@type\":\"PropertyValueSpecification\",\"valueRequired\":true,\"valueName\":\"search_term_string\"}}],\"inLanguage\":\"fr-FR\"},{\"@type\":\"Organization\",\"@id\":\"https:\\\/\\\/erumgroup.com\\\/fr\\\/#organization\",\"name\":\"Erum\",\"url\":\"https:\\\/\\\/erumgroup.com\\\/fr\\\/\",\"logo\":{\"@type\":\"ImageObject\",\"inLanguage\":\"fr-FR\",\"@id\":\"https:\\\/\\\/erumgroup.com\\\/fr\\\/#\\\/schema\\\/logo\\\/image\\\/\",\"url\":\"https:\\\/\\\/erumgroup.com\\\/wp-content\\\/uploads\\\/2026\\\/02\\\/erum_og.jpg\",\"contentUrl\":\"https:\\\/\\\/erumgroup.com\\\/wp-content\\\/uploads\\\/2026\\\/02\\\/erum_og.jpg\",\"width\":200,\"height\":200,\"caption\":\"Erum\"},\"image\":{\"@id\":\"https:\\\/\\\/erumgroup.com\\\/fr\\\/#\\\/schema\\\/logo\\\/image\\\/\"},\"sameAs\":[\"https:\\\/\\\/www.facebook.com\\\/plasticoserum\\\/\",\"https:\\\/\\\/x.com\\\/Erumgroup\",\"https:\\\/\\\/www.linkedin.com\\\/company\\\/erumgroup\\\/\",\"https:\\\/\\\/www.instagram.com\\\/erumgroup\\\/\"]}]}<\/script>\n<!-- \/ Yoast SEO plugin. -->","yoast_head_json":{"title":"Aspects juridiques - Erum","robots":{"index":"noindex","follow":"nofollow"},"og_locale":"fr_FR","og_type":"article","og_title":"Aspects juridiques - Erum","og_description":"Aspects juridiques ASPECTS G\u00c9N\u00c9RAUX AVIS JURIDIQUE Lisez attentivement les mentions l\u00e9gales suivantes relatives au site Web de Pl\u00e1sticos Erum, SL: Identification des donn\u00e9es du fournisseur de services de la soci\u00e9t\u00e9 de l\u2019information Conform\u00e9ment \u00e0 l\u2019article 10 de la loi 34\/2002 du 11 juillet sur les services de la soci\u00e9t\u00e9 de l\u2019information et le commerce \u00e9lectronique.Ce [&hellip;]","og_url":"https:\/\/erumgroup.com\/fr\/aspects-juridiques\/","og_site_name":"Erum","article_publisher":"https:\/\/www.facebook.com\/plasticoserum\/","article_modified_time":"2026-03-26T12:58:03+00:00","twitter_card":"summary_large_image","twitter_site":"@Erumgroup","twitter_misc":{"Dur\u00e9e de lecture estim\u00e9e":"1 minute"},"schema":{"@context":"https:\/\/schema.org","@graph":[{"@type":"WebPage","@id":"https:\/\/erumgroup.com\/fr\/aspects-juridiques\/","url":"https:\/\/erumgroup.com\/fr\/aspects-juridiques\/","name":"Aspects juridiques - Erum","isPartOf":{"@id":"https:\/\/erumgroup.com\/fr\/#website"},"datePublished":"2026-03-26T12:52:56+00:00","dateModified":"2026-03-26T12:58:03+00:00","breadcrumb":{"@id":"https:\/\/erumgroup.com\/fr\/aspects-juridiques\/#breadcrumb"},"inLanguage":"fr-FR","potentialAction":[{"@type":"ReadAction","target":["https:\/\/erumgroup.com\/fr\/aspects-juridiques\/"]}]},{"@type":"BreadcrumbList","@id":"https:\/\/erumgroup.com\/fr\/aspects-juridiques\/#breadcrumb","itemListElement":[{"@type":"ListItem","position":1,"name":"Portada","item":"https:\/\/erumgroup.com\/fr\/home\/"},{"@type":"ListItem","position":2,"name":"Aspects juridiques"}]},{"@type":"WebSite","@id":"https:\/\/erumgroup.com\/fr\/#website","url":"https:\/\/erumgroup.com\/fr\/","name":"Erum","description":"","publisher":{"@id":"https:\/\/erumgroup.com\/fr\/#organization"},"potentialAction":[{"@type":"SearchAction","target":{"@type":"EntryPoint","urlTemplate":"https:\/\/erumgroup.com\/fr\/?s={search_term_string}"},"query-input":{"@type":"PropertyValueSpecification","valueRequired":true,"valueName":"search_term_string"}}],"inLanguage":"fr-FR"},{"@type":"Organization","@id":"https:\/\/erumgroup.com\/fr\/#organization","name":"Erum","url":"https:\/\/erumgroup.com\/fr\/","logo":{"@type":"ImageObject","inLanguage":"fr-FR","@id":"https:\/\/erumgroup.com\/fr\/#\/schema\/logo\/image\/","url":"https:\/\/erumgroup.com\/wp-content\/uploads\/2026\/02\/erum_og.jpg","contentUrl":"https:\/\/erumgroup.com\/wp-content\/uploads\/2026\/02\/erum_og.jpg","width":200,"height":200,"caption":"Erum"},"image":{"@id":"https:\/\/erumgroup.com\/fr\/#\/schema\/logo\/image\/"},"sameAs":["https:\/\/www.facebook.com\/plasticoserum\/","https:\/\/x.com\/Erumgroup","https:\/\/www.linkedin.com\/company\/erumgroup\/","https:\/\/www.instagram.com\/erumgroup\/"]}]}},"_links":{"self":[{"href":"https:\/\/erumgroup.com\/fr\/wp-json\/wp\/v2\/pages\/4009","targetHints":{"allow":["GET"]}}],"collection":[{"href":"https:\/\/erumgroup.com\/fr\/wp-json\/wp\/v2\/pages"}],"about":[{"href":"https:\/\/erumgroup.com\/fr\/wp-json\/wp\/v2\/types\/page"}],"author":[{"embeddable":true,"href":"https:\/\/erumgroup.com\/fr\/wp-json\/wp\/v2\/users\/3"}],"replies":[{"embeddable":true,"href":"https:\/\/erumgroup.com\/fr\/wp-json\/wp\/v2\/comments?post=4009"}],"version-history":[{"count":1,"href":"https:\/\/erumgroup.com\/fr\/wp-json\/wp\/v2\/pages\/4009\/revisions"}],"predecessor-version":[{"id":4012,"href":"https:\/\/erumgroup.com\/fr\/wp-json\/wp\/v2\/pages\/4009\/revisions\/4012"}],"wp:attachment":[{"href":"https:\/\/erumgroup.com\/fr\/wp-json\/wp\/v2\/media?parent=4009"}],"curies":[{"name":"wp","href":"https:\/\/api.w.org\/{rel}","templated":true}]}}