{"id":7512,"date":"2026-02-16T13:59:40","date_gmt":"2026-02-16T12:59:40","guid":{"rendered":"https:\/\/erumgroup.com\/politica-de-medio-ambiente\/"},"modified":"2026-04-14T13:58:44","modified_gmt":"2026-04-14T11:58:44","slug":"politica-de-medio-ambiente","status":"publish","type":"page","link":"https:\/\/erumgroup.com\/fr\/politica-de-medio-ambiente\/","title":{"rendered":"Politique environnementale"},"content":{"rendered":"\n<h1>POLITIQUE ENVIRONNEMENTALE<\/h1>\n<h2>1. OBJECTIF DE LA POLITIQUE<\/h2>\n<p>Erum Group (ci-apr\u00e8s, \u00ab Erum \u00bb ou la \u00ab soci\u00e9t\u00e9 \u00bb, indiff\u00e9remment) est un groupe d\u2019entreprises principalement d\u00e9di\u00e9 \u00e0 la conception, \u00e0 l\u2019injection et \u00e0 l\u2019assemblage de pi\u00e8ces plastiques, dont le si\u00e8ge social est situ\u00e9 \u00e0 Alcoy (Alicante, Espagne) et pr\u00e9sent \u00e0 l\u2019international sur les cinq continents.<br\/>L\u2019objectif de la pr\u00e9sente Politique est d\u2019\u00e9tablir les principes et engagements assum\u00e9s en mati\u00e8re environnementale, tant dans ses propres activit\u00e9s que dans sa relation avec ses parties prenantes.<\/p>\n<h2>2. CHAMP D\u2019APPLICATION<\/h2>\n<p>La Politique s\u2019applique \u00e0 toutes les soci\u00e9t\u00e9s du Groupe Erum, ind\u00e9pendamment de leur localisation g\u00e9ographique.<\/p>\n<h2>3. ENGAGEMENT ENVIRONNEMENTAL DU GROUPE<\/h2>\n<p>Dans le cadre de ses activit\u00e9s de conception, d\u2019injection et d\u2019assemblage de pi\u00e8ces plastiques, le Groupe Erum consid\u00e8re comme prioritaire de concentrer ses efforts sur l\u2019atteinte d\u2019un mod\u00e8le \u00e9conomique fond\u00e9 sur la qualit\u00e9 et l\u2019excellence de ses produits et services, en misant sur l\u2019am\u00e9lioration continue et la comp\u00e9titivit\u00e9 au sein de son secteur, sur sa responsabilit\u00e9 envers ses clients et ses employ\u00e9s, ainsi que sur l\u2019\u00e9quilibre qu\u2019il doit maintenir avec son environnement.<\/p>\n<p>C\u2019est pourquoi les principes sur lesquels nous fondons notre philosophie, notre culture, nos valeurs et notre vision d\u2019entreprise sont align\u00e9s sur la prise en compte de nos employ\u00e9s, le d\u00e9veloppement durable et la circularit\u00e9 de nos activit\u00e9s et processus d\u00e8s leur conception, ainsi que sur l\u2019engagement en faveur de la qualit\u00e9 totale de nos activit\u00e9s.<\/p>\n<p>Ainsi, au sein du Groupe Erum, nous assumons les <strong>PRINCIPES<\/strong> suivants :<\/p>\n<p><strong>Engagement<\/strong> et volont\u00e9 de r\u00e9pondre aux attentes de nos clients, fournisseurs et employ\u00e9s, en alignant nos objectifs d\u2019entreprise sur leurs besoins, en fournissant des produits, des services et des informations conformes \u00e0 leurs attentes, et en les associant \u00e0 notre engagement en faveur de la qualit\u00e9, de la s\u00e9curit\u00e9 et de la sant\u00e9, ainsi que de la protection de l\u2019environnement dans l\u2019ensemble de nos activit\u00e9s et d\u00e9cisions.<\/p>\n<p><strong>Responsabilit\u00e9<\/strong> dans le respect des exigences l\u00e9gales applicables \u00e0 notre activit\u00e9 et de toute autre exigence que l\u2019organisation pourrait souscrire, en nous appuyant sur notre contexte ainsi que sur les besoins et attentes de nos parties prenantes.<\/p>\n<p><strong>Adaptabilit\u00e9<\/strong> et capacit\u00e9 \u00e0 \u00eatre agiles et flexibles, en nous adaptant et en anticipant les changements, en les planifiant et en les g\u00e9rant gr\u00e2ce \u00e0 notre fort potentiel humain, \u00e0 notre d\u00e9veloppement technologique et \u00e0 la digitalisation de nos processus.<\/p>\n<p><strong>Implication<\/strong> aupr\u00e8s de nos employ\u00e9s dans la pr\u00e9vention des blessures et de la d\u00e9gradation de leur sant\u00e9 li\u00e9e au travail, ainsi que dans la pr\u00e9servation de notre environnement, en int\u00e9grant dans notre ADN les principes de l\u2019\u00e9cologie industrielle, en agissant pour garantir l\u2019utilisation efficiente des ressources et des mati\u00e8res premi\u00e8res, en contribuant \u00e0 l\u2019att\u00e9nuation du changement climatique par le calcul et la r\u00e9duction de notre empreinte carbone, l\u2019achat d\u2019\u00e9nergie renouvelable et l\u2019optimisation et la r\u00e9duction de la consommation d\u2019\u00e9nergie.<\/p>\n<p><strong>Circularit\u00e9, innovation et \u00e9co-conception<\/strong> dans nos processus, produits et services, en les concevant sous l\u2019angle de la durabilit\u00e9, de la r\u00e9utilisation, de la r\u00e9paration et de l\u2019utilisation de mat\u00e9riaux recycl\u00e9s et recyclables, en valorisant les ressources qu\u2019ils contiennent, en \u00e9valuant leur impact global et en minimisant la production de d\u00e9chets gr\u00e2ce \u00e0 une gestion efficace et \u00e0 la promotion d\u2019options de valorisation visant le z\u00e9ro d\u00e9chet.<\/p>\n<p><strong>Collaboration<\/strong> avec des clients, fournisseurs et partenaires nous permettant de formuler de nouveaux mat\u00e9riaux et de mener des recherches sur l\u2019utilisation et le d\u00e9veloppement de biomat\u00e9riaux r\u00e9utilisables, recyclables ou compostables, ainsi que sur l\u2019\u00e9limination et la r\u00e9duction de l\u2019utilisation de substances dangereuses ou nocives tout au long du cycle de vie de nos produits, en d\u00e9veloppant de nouveaux mod\u00e8les de consommation, d\u2019usage et d\u2019activit\u00e9 collaborative, et en tirant ainsi parti des synergies existantes.<\/p>\n<p><strong>Communication et transparence<\/strong> concernant les informations relatives \u00e0 nos produits et services, au moyen de la certification volontaire de nos activit\u00e9s selon une approche d\u2019\u00e9co-conception, d\u2019analyse du cycle de vie ou d\u2019efficacit\u00e9 \u00e9nerg\u00e9tique.<\/p>\n<p><strong>Promotion<\/strong> de nos collaborateurs au travers de la cr\u00e9ation et du d\u00e9veloppement de politiques et de processus qui facilitent, pour chacun de leurs membres, l\u2019exercice des fonctions propres au poste et qui permettent de les concilier avec leur vie en dehors du travail.<\/p>\n<p><strong>Am\u00e9lioration continue<\/strong> de nos syst\u00e8mes de management et de nos performances en mati\u00e8re de s\u00e9curit\u00e9 au travail et d\u2019environnement, en garantissant un niveau de capacit\u00e9 technique adapt\u00e9 \u00e0 nos besoins, et en renfor\u00e7ant les connaissances, la sensibilit\u00e9, les aptitudes et les comp\u00e9tences de notre personnel.<\/p>\n<p><strong>Participation active<\/strong> et consultation de nos collaborateurs dans le d\u00e9veloppement, la planification, la mise en \u0153uvre et l\u2019\u00e9valuation des performances de nos actions en mati\u00e8re de s\u00e9curit\u00e9, de sant\u00e9 et de bien-\u00eatre au sein de l\u2019organisation.<\/p>\n<h2>4. D\u00c9FINITION D\u2019OBJECTIFS ENVIRONNEMENTAUX ANNUELS<\/h2>\n<p>Le Groupe d\u00e9finit des objectifs annuels dans le cadre de son syst\u00e8me de management environnemental, fond\u00e9s sur les principes suivants :<br\/>\u2022 Innovation et d\u00e9veloppement de produits.<br\/>\u2022 Croissance durable et am\u00e9lioration continue de l\u2019entreprise gr\u00e2ce au suivi de la performance des processus, des indicateurs environnementaux, \u00e0 l\u2019analyse des risques et opportunit\u00e9s et au contr\u00f4le des aspects environnementaux significatifs.<br\/>\u2022 Optimisation de la consommation de mati\u00e8res premi\u00e8res et de ressources naturelles.<br\/>\u2022 Protection de l\u2019environnement fond\u00e9e sur la pr\u00e9vention de la pollution susceptible d\u2019\u00eatre g\u00e9n\u00e9r\u00e9e du fait de l\u2019activit\u00e9.<br\/>Pl\u00e1sticos Erum s\u2019engage \u00e0 respecter strictement les exigences l\u00e9gales en mati\u00e8re d\u2019environnement et les exigences relatives aux produits, ainsi que toute autre exigence \u00e0 laquelle l\u2019entreprise souscrit, et celles d\u00e9coulant des besoins et attentes de l\u2019ensemble des parties prenantes.<\/p>\n<h2>5. APPROBATION PAR LA DIRECTION<\/h2>\n<p>La pr\u00e9sente politique a \u00e9t\u00e9 approuv\u00e9e par la direction le 23\/09\/2021.<\/p>\n<p><strong>Juan Manuel Erum Gregorio<\/strong><\/p>\n","protected":false},"excerpt":{"rendered":"<p>POLITIQUE ENVIRONNEMENTALE 1. OBJECTIF DE LA POLITIQUE Erum Group (ci-apr\u00e8s, \u00ab Erum \u00bb ou la \u00ab soci\u00e9t\u00e9 \u00bb, indiff\u00e9remment) est un groupe d\u2019entreprises principalement d\u00e9di\u00e9 \u00e0 la conception, \u00e0 l\u2019injection et \u00e0 l\u2019assemblage de pi\u00e8ces plastiques, dont le si\u00e8ge social est situ\u00e9 \u00e0 Alcoy (Alicante, Espagne) et pr\u00e9sent \u00e0 l\u2019international sur les cinq continents.L\u2019objectif de [&hellip;]<\/p>\n","protected":false},"author":3,"featured_media":0,"parent":0,"menu_order":0,"comment_status":"closed","ping_status":"closed","template":"","meta":{"_acf_changed":false,"footnotes":""},"class_list":["post-7512","page","type-page","status-publish","hentry"],"acf":[],"yoast_head":"<!-- This site is optimized with the Yoast SEO plugin v27.3 - https:\/\/yoast.com\/product\/yoast-seo-wordpress\/ -->\n<title>Politique environnementale - Erum<\/title>\n<meta name=\"robots\" content=\"noindex, nofollow\" \/>\n<meta property=\"og:locale\" content=\"fr_FR\" \/>\n<meta property=\"og:type\" content=\"article\" \/>\n<meta property=\"og:title\" content=\"Politique environnementale - Erum\" \/>\n<meta property=\"og:description\" content=\"POLITIQUE ENVIRONNEMENTALE 1. OBJECTIF DE LA POLITIQUE Erum Group (ci-apr\u00e8s, \u00ab Erum \u00bb ou la \u00ab soci\u00e9t\u00e9 \u00bb, indiff\u00e9remment) est un groupe d\u2019entreprises principalement d\u00e9di\u00e9 \u00e0 la conception, \u00e0 l\u2019injection et \u00e0 l\u2019assemblage de pi\u00e8ces plastiques, dont le si\u00e8ge social est situ\u00e9 \u00e0 Alcoy (Alicante, Espagne) et pr\u00e9sent \u00e0 l\u2019international sur les cinq continents.L\u2019objectif de [&hellip;]\" \/>\n<meta property=\"og:url\" content=\"https:\/\/erumgroup.com\/fr\/politica-de-medio-ambiente\/\" \/>\n<meta property=\"og:site_name\" content=\"Erum\" \/>\n<meta property=\"article:publisher\" content=\"https:\/\/www.facebook.com\/plasticoserum\/\" \/>\n<meta property=\"article:modified_time\" content=\"2026-04-14T11:58:44+00:00\" \/>\n<meta name=\"twitter:card\" content=\"summary_large_image\" \/>\n<meta name=\"twitter:site\" content=\"@Erumgroup\" \/>\n<meta name=\"twitter:label1\" content=\"Dur\u00e9e de lecture estim\u00e9e\" \/>\n\t<meta name=\"twitter:data1\" content=\"5 minutes\" \/>\n<script type=\"application\/ld+json\" class=\"yoast-schema-graph\">{\"@context\":\"https:\\\/\\\/schema.org\",\"@graph\":[{\"@type\":\"WebPage\",\"@id\":\"https:\\\/\\\/erumgroup.com\\\/fr\\\/politica-de-medio-ambiente\\\/\",\"url\":\"https:\\\/\\\/erumgroup.com\\\/fr\\\/politica-de-medio-ambiente\\\/\",\"name\":\"Politique environnementale - Erum\",\"isPartOf\":{\"@id\":\"https:\\\/\\\/erumgroup.com\\\/fr\\\/#website\"},\"datePublished\":\"2026-02-16T12:59:40+00:00\",\"dateModified\":\"2026-04-14T11:58:44+00:00\",\"breadcrumb\":{\"@id\":\"https:\\\/\\\/erumgroup.com\\\/fr\\\/politica-de-medio-ambiente\\\/#breadcrumb\"},\"inLanguage\":\"fr-FR\",\"potentialAction\":[{\"@type\":\"ReadAction\",\"target\":[\"https:\\\/\\\/erumgroup.com\\\/fr\\\/politica-de-medio-ambiente\\\/\"]}]},{\"@type\":\"BreadcrumbList\",\"@id\":\"https:\\\/\\\/erumgroup.com\\\/fr\\\/politica-de-medio-ambiente\\\/#breadcrumb\",\"itemListElement\":[{\"@type\":\"ListItem\",\"position\":1,\"name\":\"Portada\",\"item\":\"https:\\\/\\\/erumgroup.com\\\/fr\\\/home\\\/\"},{\"@type\":\"ListItem\",\"position\":2,\"name\":\"Politique environnementale\"}]},{\"@type\":\"WebSite\",\"@id\":\"https:\\\/\\\/erumgroup.com\\\/fr\\\/#website\",\"url\":\"https:\\\/\\\/erumgroup.com\\\/fr\\\/\",\"name\":\"Erum\",\"description\":\"\",\"publisher\":{\"@id\":\"https:\\\/\\\/erumgroup.com\\\/fr\\\/#organization\"},\"potentialAction\":[{\"@type\":\"SearchAction\",\"target\":{\"@type\":\"EntryPoint\",\"urlTemplate\":\"https:\\\/\\\/erumgroup.com\\\/fr\\\/?s={search_term_string}\"},\"query-input\":{\"@type\":\"PropertyValueSpecification\",\"valueRequired\":true,\"valueName\":\"search_term_string\"}}],\"inLanguage\":\"fr-FR\"},{\"@type\":\"Organization\",\"@id\":\"https:\\\/\\\/erumgroup.com\\\/fr\\\/#organization\",\"name\":\"Erum\",\"url\":\"https:\\\/\\\/erumgroup.com\\\/fr\\\/\",\"logo\":{\"@type\":\"ImageObject\",\"inLanguage\":\"fr-FR\",\"@id\":\"https:\\\/\\\/erumgroup.com\\\/fr\\\/#\\\/schema\\\/logo\\\/image\\\/\",\"url\":\"https:\\\/\\\/erumgroup.com\\\/wp-content\\\/uploads\\\/2026\\\/02\\\/erum_og.jpg\",\"contentUrl\":\"https:\\\/\\\/erumgroup.com\\\/wp-content\\\/uploads\\\/2026\\\/02\\\/erum_og.jpg\",\"width\":200,\"height\":200,\"caption\":\"Erum\"},\"image\":{\"@id\":\"https:\\\/\\\/erumgroup.com\\\/fr\\\/#\\\/schema\\\/logo\\\/image\\\/\"},\"sameAs\":[\"https:\\\/\\\/www.facebook.com\\\/plasticoserum\\\/\",\"https:\\\/\\\/x.com\\\/Erumgroup\",\"https:\\\/\\\/www.linkedin.com\\\/company\\\/erumgroup\\\/\",\"https:\\\/\\\/www.instagram.com\\\/erumgroup\\\/\"]}]}<\/script>\n<!-- \/ Yoast SEO plugin. -->","yoast_head_json":{"title":"Politique environnementale - Erum","robots":{"index":"noindex","follow":"nofollow"},"og_locale":"fr_FR","og_type":"article","og_title":"Politique environnementale - Erum","og_description":"POLITIQUE ENVIRONNEMENTALE 1. OBJECTIF DE LA POLITIQUE Erum Group (ci-apr\u00e8s, \u00ab Erum \u00bb ou la \u00ab soci\u00e9t\u00e9 \u00bb, indiff\u00e9remment) est un groupe d\u2019entreprises principalement d\u00e9di\u00e9 \u00e0 la conception, \u00e0 l\u2019injection et \u00e0 l\u2019assemblage de pi\u00e8ces plastiques, dont le si\u00e8ge social est situ\u00e9 \u00e0 Alcoy (Alicante, Espagne) et pr\u00e9sent \u00e0 l\u2019international sur les cinq continents.L\u2019objectif de [&hellip;]","og_url":"https:\/\/erumgroup.com\/fr\/politica-de-medio-ambiente\/","og_site_name":"Erum","article_publisher":"https:\/\/www.facebook.com\/plasticoserum\/","article_modified_time":"2026-04-14T11:58:44+00:00","twitter_card":"summary_large_image","twitter_site":"@Erumgroup","twitter_misc":{"Dur\u00e9e de lecture estim\u00e9e":"5 minutes"},"schema":{"@context":"https:\/\/schema.org","@graph":[{"@type":"WebPage","@id":"https:\/\/erumgroup.com\/fr\/politica-de-medio-ambiente\/","url":"https:\/\/erumgroup.com\/fr\/politica-de-medio-ambiente\/","name":"Politique environnementale - Erum","isPartOf":{"@id":"https:\/\/erumgroup.com\/fr\/#website"},"datePublished":"2026-02-16T12:59:40+00:00","dateModified":"2026-04-14T11:58:44+00:00","breadcrumb":{"@id":"https:\/\/erumgroup.com\/fr\/politica-de-medio-ambiente\/#breadcrumb"},"inLanguage":"fr-FR","potentialAction":[{"@type":"ReadAction","target":["https:\/\/erumgroup.com\/fr\/politica-de-medio-ambiente\/"]}]},{"@type":"BreadcrumbList","@id":"https:\/\/erumgroup.com\/fr\/politica-de-medio-ambiente\/#breadcrumb","itemListElement":[{"@type":"ListItem","position":1,"name":"Portada","item":"https:\/\/erumgroup.com\/fr\/home\/"},{"@type":"ListItem","position":2,"name":"Politique environnementale"}]},{"@type":"WebSite","@id":"https:\/\/erumgroup.com\/fr\/#website","url":"https:\/\/erumgroup.com\/fr\/","name":"Erum","description":"","publisher":{"@id":"https:\/\/erumgroup.com\/fr\/#organization"},"potentialAction":[{"@type":"SearchAction","target":{"@type":"EntryPoint","urlTemplate":"https:\/\/erumgroup.com\/fr\/?s={search_term_string}"},"query-input":{"@type":"PropertyValueSpecification","valueRequired":true,"valueName":"search_term_string"}}],"inLanguage":"fr-FR"},{"@type":"Organization","@id":"https:\/\/erumgroup.com\/fr\/#organization","name":"Erum","url":"https:\/\/erumgroup.com\/fr\/","logo":{"@type":"ImageObject","inLanguage":"fr-FR","@id":"https:\/\/erumgroup.com\/fr\/#\/schema\/logo\/image\/","url":"https:\/\/erumgroup.com\/wp-content\/uploads\/2026\/02\/erum_og.jpg","contentUrl":"https:\/\/erumgroup.com\/wp-content\/uploads\/2026\/02\/erum_og.jpg","width":200,"height":200,"caption":"Erum"},"image":{"@id":"https:\/\/erumgroup.com\/fr\/#\/schema\/logo\/image\/"},"sameAs":["https:\/\/www.facebook.com\/plasticoserum\/","https:\/\/x.com\/Erumgroup","https:\/\/www.linkedin.com\/company\/erumgroup\/","https:\/\/www.instagram.com\/erumgroup\/"]}]}},"_links":{"self":[{"href":"https:\/\/erumgroup.com\/fr\/wp-json\/wp\/v2\/pages\/7512","targetHints":{"allow":["GET"]}}],"collection":[{"href":"https:\/\/erumgroup.com\/fr\/wp-json\/wp\/v2\/pages"}],"about":[{"href":"https:\/\/erumgroup.com\/fr\/wp-json\/wp\/v2\/types\/page"}],"author":[{"embeddable":true,"href":"https:\/\/erumgroup.com\/fr\/wp-json\/wp\/v2\/users\/3"}],"replies":[{"embeddable":true,"href":"https:\/\/erumgroup.com\/fr\/wp-json\/wp\/v2\/comments?post=7512"}],"version-history":[{"count":1,"href":"https:\/\/erumgroup.com\/fr\/wp-json\/wp\/v2\/pages\/7512\/revisions"}],"predecessor-version":[{"id":7513,"href":"https:\/\/erumgroup.com\/fr\/wp-json\/wp\/v2\/pages\/7512\/revisions\/7513"}],"wp:attachment":[{"href":"https:\/\/erumgroup.com\/fr\/wp-json\/wp\/v2\/media?parent=7512"}],"curies":[{"name":"wp","href":"https:\/\/api.w.org\/{rel}","templated":true}]}}